{"id":1006,"date":"2015-11-13T17:17:10","date_gmt":"2015-11-13T16:17:10","guid":{"rendered":"http:\/\/www.rougier-atelier.com\/?post_type=product&#038;p=1006"},"modified":"2016-01-12T12:29:37","modified_gmt":"2016-01-12T11:29:37","slug":"ficelle-123-pepin-de-cupidon","status":"publish","type":"product","link":"http:\/\/www.rougier-atelier.com\/?product=ficelle-123-pepin-de-cupidon","title":{"rendered":"ficelle 123 P\u00e9pin de Cupidon"},"content":{"rendered":"<div class=\"page\" title=\"Page 1\">\n<div class=\"layoutArea\">\n<div class=\"column\">\n<p>Cupidon, d\u2019apr\u00e8s le plus grand nombre de po\u00e8tes, naquit de Mars et de V\u00e9nus. D\u00e8s qu\u2019il eut vu le jour, Jupiter, qui connut \u00e0 sa physionomie tous les troubles qu\u2019il causerait, voulut obliger V\u00e9nus \u00e0 s\u2019en d\u00e9faire. Pour le d\u00e9rober \u00e0 la col\u00e8re de Jupiter, elle le cacha dans les bois. Aussit\u00f4t qu\u2019il put manier l\u2019arc, il s\u2019en fit un de fr\u00eane, employa le cypr\u00e8s \u00e0 faire des fl\u00e8ches, et essaya sur les animaux&#8230;\/\/<\/p>\n<p><b>Annie Dana<\/b><br \/>\nBibliographie<br \/>\nEn cours : \u00e9criture de deux textes de fiction<br \/>\n\u00ab\u00a0S\u00e9ances de cin\u00e9ma\u00a0\u00bb<br \/>\n\u00ab\u00a0Loin, l\u2019amour\u00a0\u00bb<br \/>\nTextes in\u00e9dits : \u00ab\u00a0Le danger des aveux\u00a0\u00bb (fiction)<br \/>\n\u00ab\u00a0Tableaux de ma\u00eetres\u00a0\u00bb (recueil de nouvelles)<br \/>\n\u00ab\u00a0Double enjeu\u00a0\u00bb(fiction) Roman de groupe, \u00ab\u00a0Rouge m\u00e9moire\u00a0\u00bb avec Michel Host, Jean Claude Bologne, Alain Absire, Jean-Luc Moreau, Denis Borel.<br \/>\nParutions : \u00ab\u00a0De Pontoise \u00e0 Osny\u00a0\u00bb : Film documentaire en milieu p\u00e9nitentiaire<br \/>\n(Minist\u00e8re de la Justice).<br \/>\n\u00ab\u00a0Les r\u00e9volutions de la justice\u00a0\u00bb parcours sonore, (Conciergerie)<br \/>\n\u00ab\u00a0Odyss\u00e9a\u00a0\u00bb : Pi\u00e8ce de Th\u00e9\u00e2tre diffus\u00e9e sur France Culture au \u00ab\u00a0Nouveau R\u00e9pertoire Dramatique\u00a0\u00bb.<br \/>\n\u00ab\u00a0L\u2019Oracle invers\u00e9\u00a0\u00bb : Roman (Editions Rupture) extraits diffus\u00e9s sur France Culture dans l\u2019\u00e9mission \u00ab\u00a0Un livre, des voix\u00a0\u00bb.<br \/>\n\u00ab\u00a0\u00c9blouie\u00a0\u00bb : Fiction (Editions Rupture) Lecture \u00e0 Th\u00e9\u00e2tre Ouvert, extraits diffus\u00e9e sur France Culture dans l\u2019\u00e9mission \u00ab\u00a0\u00c9critures de femmes\u00a0\u00bb<br \/>\nPublication de nouvelles dans plusieurs revues : Nouvelle Donne, La Barbacane,<br \/>\nLa S\u0153ur de l\u2019Ange, \u00c9crit(s) du Nord.<\/p>\n<p><b>Th\u00e9r\u00e8se Boucraut<\/b><\/p>\n<p>Peintre et graveur.<\/p>\n<p>\u00c0 mon horizon de tout temps s\u2019est maintenu le d\u00e9sir de dessiner des images pour un texte, pour un livre. Mais en ce domaine, longtemps peu d\u2019objets ont \u00e9t\u00e9 produits. Or pour travailler sur un texte, certaines conditions doivent se pr\u00e9senter : une rencontre, une demande, une urgence, il faut presque \u00eatre au pied du mur, mais il faut aussi \u00eatre pr\u00eat. Pour le dipl\u00f4me de fin d\u2019\u00e9tude \u00e0 l\u2019ENSAD j\u2019ai grav\u00e9 cinq eaux-fortes pour \u00ab\u00a0L\u2019enfant et les sortil\u00e8ges\u00a0\u00bb de Ravel sur le livret de Colette. Pour mon fils, j\u2019ai au d\u00e9but des ann\u00e9es 60 \u00e9crit et illustr\u00e9 un conte moderne autour de la rencontre d\u2019un crabe avec la grande ville et un enfant, livre in\u00e9dit. En 1967, \u00e0 la demande de Tomiko Asabuki, j\u2019ai fait pour la traduction japonaise de \u00ab\u00a0M\u00e9moires d\u2019une jeune fille rang\u00e9e\u00a0\u00bb de Simone de Beauvoir, 7 dessins \u00e0 la plume. C\u2019est \u00e0 la fin des ann\u00e9es 80 qu\u2019une pratique assidue de la gravure m\u2019a amen\u00e9 \u00e0 faire de 1997 \u00e0 2005 quatre livres de bibliophilie : \u00ab\u00a0\u00c0 travers\u00a0\u00bb, avec Juliette Agnel, \u00ab\u00a0L\u2019Errante\u00a0\u00bb, avec Claudine Bertrand, \u00ab\u00a0Le vent-paysage\u00a0\u00bb, avec Christian Noorbergen, \u00ab\u00a0Ligne de vie en rhizome\u00a0\u00bb, avec Francis Coffinet. Maintenant, voici 12 dessins pour \u00ab\u00a0R\u00e9visions\u00bb de Patricia Castex-Menier, \u00e0 la demande de <i>ficelle<\/i>. En toutes ces entreprises, j\u2019ai le sentiment d\u2019avoir parfois forc\u00e9 le destin !<\/p>\n<p>Puis ce pr\u00e9sent ouvrage grav\u00e9 \u00e0 la pointe s\u00e8che et aquateinte sur cuivre,<\/p>\n<p>Th\u00e9r\u00e8se Boucraut, peintre et graveur.<\/p>\n<\/div>\n<\/div>\n<\/div>\n","protected":false},"excerpt":{"rendered":"<p>Auteur du texte Annie Dana, peintures et gravures Th\u00e9r\u00e8se Boucraut &#8211;<\/p>\n<div class=\"page\" title=\"Page 1\">\n<div class=\"layoutArea\">\n<div class=\"column\">\n<p>ISBN 979-10-93019-23-9 ; ISSN 1252-5405<\/p>\n<div class=\"page\" title=\"Page 1\">\n<div class=\"layoutArea\">\n<div class=\"column\">\n<p>38 p., 10 x 15 cm, broch\u00e9 cousu, 300 ex.<br \/>\nPr\u00e9sent\u00e9 en enveloppe \u00abMail Art\u00bb<\/p>\n<\/div>\n<\/div>\n<\/div>\n<\/div>\n<\/div>\n<\/div>\n","protected":false},"featured_media":1008,"template":"","meta":[],"product_brand":[],"product_cat":[15],"product_tag":[415,418,237,414,223,352],"class_list":{"0":"post-1006","1":"product","2":"type-product","3":"status-publish","4":"has-post-thumbnail","6":"product_cat-revue-ficelleplisurgents","7":"product_tag-annie-dana","8":"product_tag-cupidon","9":"product_tag-ficelle","10":"product_tag-pepin-de-cupidon","11":"product_tag-rougier-v-ed","12":"product_tag-therese-boucraut","14":"first","15":"instock","16":"shipping-taxable","17":"purchasable","18":"product-type-simple"},"_links":{"self":[{"href":"http:\/\/www.rougier-atelier.com\/index.php?rest_route=\/wp\/v2\/product\/1006","targetHints":{"allow":["GET"]}}],"collection":[{"href":"http:\/\/www.rougier-atelier.com\/index.php?rest_route=\/wp\/v2\/product"}],"about":[{"href":"http:\/\/www.rougier-atelier.com\/index.php?rest_route=\/wp\/v2\/types\/product"}],"wp:featuredmedia":[{"embeddable":true,"href":"http:\/\/www.rougier-atelier.com\/index.php?rest_route=\/wp\/v2\/media\/1008"}],"wp:attachment":[{"href":"http:\/\/www.rougier-atelier.com\/index.php?rest_route=%2Fwp%2Fv2%2Fmedia&parent=1006"}],"wp:term":[{"taxonomy":"product_brand","embeddable":true,"href":"http:\/\/www.rougier-atelier.com\/index.php?rest_route=%2Fwp%2Fv2%2Fproduct_brand&post=1006"},{"taxonomy":"product_cat","embeddable":true,"href":"http:\/\/www.rougier-atelier.com\/index.php?rest_route=%2Fwp%2Fv2%2Fproduct_cat&post=1006"},{"taxonomy":"product_tag","embeddable":true,"href":"http:\/\/www.rougier-atelier.com\/index.php?rest_route=%2Fwp%2Fv2%2Fproduct_tag&post=1006"}],"curies":[{"name":"wp","href":"https:\/\/api.w.org\/{rel}","templated":true}]}}