{"id":103,"date":"2014-01-21T13:19:58","date_gmt":"2014-01-21T12:19:58","guid":{"rendered":"http:\/\/www.rougier-atelier.com\/2014\/?post_type=product&#038;p=103"},"modified":"2014-05-28T06:49:55","modified_gmt":"2014-05-28T05:49:55","slug":"ficelle-n107-au-present-dinfini","status":"publish","type":"product","link":"http:\/\/www.rougier-atelier.com\/?product=ficelle-n107-au-present-dinfini","title":{"rendered":"Ficelle n\u00b0107 &#8211; AU PR\u00c9SENT D&rsquo;INFINI"},"content":{"rendered":"<p>Gravures de Vincent Rougier<br \/>\nLuce Guilbaud<br \/>\nPeintre. Po\u00e8te. Professeur agr\u00e9g\u00e9 d\u2019Arts Plastiques.\u2028Diverses expositions en France et en Allemagne. \u2028Illustrations de revues et de recueils de po\u00e9sie pour : \u2028J.G.Cosculluella. J. Bremond. P. Perrin. J. Charpentreau. Clod&rsquo; Aria. \u2028JP..Georges. CH. Delcourt. J. Held. C. Andriot. A Boudet. J.D.Ch\u00e9n\u00e9.\u2028Catherine Mafaraud. A.M. Wilwerth. Jo\u00ebl Bastard. Yves-Jacques Bouin. Lire Ficelle n\u00b051, Une robe de feuilles.<br \/>\n7 \u00e0 77 ans<br \/>\nGenre : Po\u00e9sie\/livre d\u2019artiste, pr\u00e9sent\u00e9e en enveloppe timbr\u00e9e d\u2019artiste, pr\u00eat \u00e0 poster. 500 ex.<br \/>\nTirage de T\u00eate en coffret : Tirage de 20 ex., 1 gravure originale, 1 froiss\u00e9, le sous-verre et le coffret : 60\u20ac<br \/>\nCollection \u00ab ficelle \u00bb &#8211; format 10 x 15 cm \u2013 32 pages \u2013 reli\u00e9 sous enveloppe. \u2013<br \/>\nMise en vente : Mars 2012<\/p>\n","protected":false},"excerpt":{"rendered":"<p>Aut.: Luce Guilbaud, ill.: V. Rougier gravures. 32 p. ISBN : 9782913040-84-5<br \/>\nPo\u00e9sie du regard<br \/>\n&#8230;\/\/<br \/>\nde carrefours en voies d\u2019eau<br \/>\nnous retrouverons les traces de nos traces<br \/>\nde l\u2019encre des interdits<br \/>\nau noir des taches \u00e0 d\u00e9chiffrer<br \/>\ntu m\u2019ouvrirais le dos<br \/>\nd\u00e9v\u00eatue de mes mots<br \/>\nde mes plaintes de mes attentes<br \/>\ntu m\u2019ouvrirais plus neuve.<br \/>\n&#8230;\/\/<\/p>\n","protected":false},"featured_media":104,"template":"","meta":[],"product_brand":[],"product_cat":[15],"product_tag":[135,136,40],"class_list":{"0":"post-103","1":"product","2":"type-product","3":"status-publish","4":"has-post-thumbnail","6":"product_cat-revue-ficelleplisurgents","7":"product_tag-au-present-dinfini","8":"product_tag-guilbaud","9":"product_tag-vincent-rougier","11":"first","12":"instock","13":"shipping-taxable","14":"purchasable","15":"product-type-simple"},"_links":{"self":[{"href":"http:\/\/www.rougier-atelier.com\/index.php?rest_route=\/wp\/v2\/product\/103","targetHints":{"allow":["GET"]}}],"collection":[{"href":"http:\/\/www.rougier-atelier.com\/index.php?rest_route=\/wp\/v2\/product"}],"about":[{"href":"http:\/\/www.rougier-atelier.com\/index.php?rest_route=\/wp\/v2\/types\/product"}],"wp:featuredmedia":[{"embeddable":true,"href":"http:\/\/www.rougier-atelier.com\/index.php?rest_route=\/wp\/v2\/media\/104"}],"wp:attachment":[{"href":"http:\/\/www.rougier-atelier.com\/index.php?rest_route=%2Fwp%2Fv2%2Fmedia&parent=103"}],"wp:term":[{"taxonomy":"product_brand","embeddable":true,"href":"http:\/\/www.rougier-atelier.com\/index.php?rest_route=%2Fwp%2Fv2%2Fproduct_brand&post=103"},{"taxonomy":"product_cat","embeddable":true,"href":"http:\/\/www.rougier-atelier.com\/index.php?rest_route=%2Fwp%2Fv2%2Fproduct_cat&post=103"},{"taxonomy":"product_tag","embeddable":true,"href":"http:\/\/www.rougier-atelier.com\/index.php?rest_route=%2Fwp%2Fv2%2Fproduct_tag&post=103"}],"curies":[{"name":"wp","href":"https:\/\/api.w.org\/{rel}","templated":true}]}}