{"id":1040,"date":"2015-12-30T15:09:11","date_gmt":"2015-12-30T14:09:11","guid":{"rendered":"http:\/\/www.rougier-atelier.com\/?post_type=product&#038;p=1040"},"modified":"2016-01-12T12:15:34","modified_gmt":"2016-01-12T11:15:34","slug":"aphorismes","status":"publish","type":"product","link":"http:\/\/www.rougier-atelier.com\/?product=aphorismes","title":{"rendered":"APHORISMES"},"content":{"rendered":"<p><i>Notule pour accompagner mes images.<\/i><br \/>\nL&rsquo;illustration ?<br \/>\nNi remplissage, ni redondance.<br \/>\nVient en contrepoint du texte, l&rsquo;\u00e9claire \u00e9ventuellement,<br \/>\nl&rsquo;enrichit, le sert, est porte d&rsquo;entr\u00e9e, dit aussi comment je l&rsquo;ai lu.<br \/>\nJ&rsquo;y ajoute du clin d&rsquo;\u0153il ou de la digression&#8230;<br \/>\nDe la digression surtout. D&rsquo;o\u00f9 jaillit la lumi\u00e8re. Celle qui \u00e9claire le monde quand le po\u00e8te presse le <i>bouton<\/i>.<br \/>\nDigression et contre-poil. <i>Le string<\/i> est kangourou.<br \/>\nDigression et contre-pied. <i>Flaque d&rsquo;eau<\/i><br \/>\nqui ne manque pas d&rsquo;ambition noie un titanic.<br \/>\nQuid du chien ? Fait la pluie, l&rsquo;\u00e9t\u00e9 a \u00e9t\u00e9 sec.<br \/>\n\u2013 Pas l&rsquo;illustrateur !<br \/>\n\u2013 Si vous le dites.<br \/>\n<i>L&rsquo;italique renvoie aux aphorismes de Jacques Coly..<\/i><\/p>\n<p><a href=\"http:\/\/ahoui.eklablog.com\/\" target=\"_blank\">site Yves Barr\u00e9<\/a><\/p>\n<p><span style=\"color: #000000;\"><strong>Jacques Coly<\/strong><\/span><br \/>\nPublications r\u00e9centes<br \/>\n\u00ab\u00a0Aphorismes 1\u00a0\u00bb.\u00e9d. Rougier V., ficelle n\u00b0 97.<br \/>\n\u00ab\u00a0Les L\u00e8vres &amp; la torture\u00a0\u00bb, \u00e9d. La Bartavelle, 2004.<br \/>\n\u00ab\u00a0Tamanoir ankylos\u00e9\u00a0\u00bb,\u00e9d. du Petit V\u00e9hicule, 2006.<br \/>\n\u00ab\u00a0Le Livre d\u2019\u00d6pame\u00a0\u00bb, \u00e9d. N &amp; B, 2008.<br \/>\n\u00ab\u00a0Voyageurs de l\u2019absolu\u00a0\u00bb, 55 po\u00e8tes qui ont choisi de dispara\u00eetre : de Victor Escousse \u00e0 Roland Gigu\u00e8re, \u00e9d. Les Deux-Siciles, 2011.<br \/>\n\u00ab\u00a0Fragments &amp; c\u00e6tera\u00a0\u00bb. Une anthologie de po\u00e9sie br\u00e8ve, \u00e9d. Les Deux-Siciles, 2014.<br \/>\nA para\u00eetre (d\u00e9cembre 2015) :<br \/>\n\u00ab\u00a0Po\u00e8tes \u00e9lectriques, l\u2019insurrection\u00a0\u00bb, \u00e9d. Les Deux-Siciles, 2015.<\/p>\n<p><span style=\"color: #000000;\"><strong>Yves Barr\u00e9<\/strong><\/span><br \/>\n<span style=\"color: #000000;\"> Publications r\u00e9centes<\/span><br \/>\n<span style=\"color: #000000;\"> \u00ab\u00a0S&rsquo;occupe des filles\u00a0\u00bb, textes et linogravures, \u00e9d. Jacques Renou, l&rsquo;Atelier de Groutel, 2012.<\/span><br \/>\n<span style=\"color: #000000;\"> \u00ab\u00a0Urticantes\u00a0\u00bb, illustrations pour Jean-Claude Touzeil, \u00e9d. Rougier V., ficelle n\u00b0 113, ISBN 979-10-93019-95-0.<\/span><br \/>\n<span style=\"color: #000000;\"> \u00ab\u00a0\u00c9tat de chaises\u00a0\u00bb, \u00e9d. Rougier V., ficelle n\u00b0 118, ISBN 979-10-93019-04-8.<\/span><\/p>\n","protected":false},"excerpt":{"rendered":"<p>Jacques Coly, dessins et gravure d&rsquo;Yves Barr\u00e9.<br \/>\nISBN 9791093019130 &#8211; 40p couleurs &#8211; broch\u00e9 cousu &#8211; 300ex. papier verg\u00e9.<\/p>\n<p>&nbsp;<\/p>\n","protected":false},"featured_media":1041,"template":"","meta":[],"product_brand":[],"product_cat":[17],"product_tag":[420,322,150],"class_list":{"0":"post-1040","1":"product","2":"type-product","3":"status-publish","4":"has-post-thumbnail","6":"product_cat-plis-urgents","7":"product_tag-aphorismes","8":"product_tag-jacques-coly","9":"product_tag-barre","11":"first","12":"instock","13":"shipping-taxable","14":"purchasable","15":"product-type-simple"},"_links":{"self":[{"href":"http:\/\/www.rougier-atelier.com\/index.php?rest_route=\/wp\/v2\/product\/1040","targetHints":{"allow":["GET"]}}],"collection":[{"href":"http:\/\/www.rougier-atelier.com\/index.php?rest_route=\/wp\/v2\/product"}],"about":[{"href":"http:\/\/www.rougier-atelier.com\/index.php?rest_route=\/wp\/v2\/types\/product"}],"wp:featuredmedia":[{"embeddable":true,"href":"http:\/\/www.rougier-atelier.com\/index.php?rest_route=\/wp\/v2\/media\/1041"}],"wp:attachment":[{"href":"http:\/\/www.rougier-atelier.com\/index.php?rest_route=%2Fwp%2Fv2%2Fmedia&parent=1040"}],"wp:term":[{"taxonomy":"product_brand","embeddable":true,"href":"http:\/\/www.rougier-atelier.com\/index.php?rest_route=%2Fwp%2Fv2%2Fproduct_brand&post=1040"},{"taxonomy":"product_cat","embeddable":true,"href":"http:\/\/www.rougier-atelier.com\/index.php?rest_route=%2Fwp%2Fv2%2Fproduct_cat&post=1040"},{"taxonomy":"product_tag","embeddable":true,"href":"http:\/\/www.rougier-atelier.com\/index.php?rest_route=%2Fwp%2Fv2%2Fproduct_tag&post=1040"}],"curies":[{"name":"wp","href":"https:\/\/api.w.org\/{rel}","templated":true}]}}