{"id":1063,"date":"2016-01-07T08:59:33","date_gmt":"2016-01-07T07:59:33","guid":{"rendered":"http:\/\/www.rougier-atelier.com\/?post_type=product&#038;p=1063"},"modified":"2016-01-12T12:13:27","modified_gmt":"2016-01-12T11:13:27","slug":"plis-urgents-39-aphorismes","status":"publish","type":"product","link":"http:\/\/www.rougier-atelier.com\/?product=plis-urgents-39-aphorismes","title":{"rendered":"Plis Urgents 39 APHORISMES"},"content":{"rendered":"<p><i>Notule pour accompagner mes images.<\/i><br \/>\nL\u2019illustration ?<br \/>\nNi remplissage, ni redondance.<br \/>\nVient en contrepoint du texte, l\u2019\u00e9claire \u00e9ventuellement,<br \/>\nl\u2019enrichit, le sert, est porte d\u2019entr\u00e9e, dit aussi comment je l\u2019ai lu.<br \/>\nJ\u2019y ajoute du clin d\u2019\u0153il ou de la digression\u2026<br \/>\nDe la digression surtout. D\u2019o\u00f9 jaillit la lumi\u00e8re. Celle qui \u00e9claire le monde quand le po\u00e8te presse le\u00a0<i>bouton<\/i>.<br \/>\nDigression et contre-poil.\u00a0<i>Le string<\/i>\u00a0est kangourou.<br \/>\nDigression et contre-pied.\u00a0<i>Flaque d\u2019eau<\/i><br \/>\nqui ne manque pas d\u2019ambition noie un titanic.<br \/>\nQuid du chien ? Fait la pluie, l\u2019\u00e9t\u00e9 a \u00e9t\u00e9 sec.<br \/>\n\u2013 Pas l\u2019illustrateur !<br \/>\n\u2013 Si vous le dites.<br \/>\n<i>L\u2019italique renvoie aux aphorismes de Jacques Coly..<\/i><\/p>\n<p><a href=\"http:\/\/ahoui.eklablog.com\/\" target=\"_blank\">site Yves Barr\u00e9<\/a><\/p>\n<p><strong>Jacques Coly<\/strong><br \/>\nPublications r\u00e9centes<br \/>\n\u00ab\u00a0Aphorismes 1\u2033.\u00e9d. Rougier V., ficelle n\u00b0 97.<br \/>\n\u00ab\u00a0Les L\u00e8vres &amp; la torture\u00a0\u00bb, \u00e9d. La Bartavelle, 2004.<br \/>\n\u00ab\u00a0Tamanoir ankylos\u00e9\u00a0\u00bb,\u00e9d. du Petit V\u00e9hicule, 2006.<br \/>\n\u00ab\u00a0Le Livre d\u2019\u00d6pame\u00a0\u00bb, \u00e9d. N &amp; B, 2008.<br \/>\n\u00ab\u00a0Voyageurs de l\u2019absolu\u00a0\u00bb, 55 po\u00e8tes qui ont choisi de dispara\u00eetre : de Victor Escousse \u00e0 Roland Gigu\u00e8re, \u00e9d. Les Deux-Siciles, 2011.<br \/>\n\u00ab\u00a0Fragments &amp; c\u00e6tera\u00a0\u00bb. Une anthologie de po\u00e9sie br\u00e8ve, \u00e9d. Les Deux-Siciles, 2014.<br \/>\nA para\u00eetre (d\u00e9cembre 2015) :<br \/>\n\u00ab\u00a0Po\u00e8tes \u00e9lectriques, l\u2019insurrection\u00a0\u00bb, \u00e9d. Les Deux-Siciles, 2015.<\/p>\n<p><strong>Yves Barr\u00e9<\/strong><br \/>\nPublications r\u00e9centes<br \/>\n\u00ab\u00a0S\u2019occupe des filles\u00a0\u00bb, textes et linogravures, \u00e9d. Jacques Renou, l\u2019Atelier de Groutel, 2012.<br \/>\n\u00ab\u00a0Urticantes\u00a0\u00bb, illustrations pour Jean-Claude Touzeil, \u00e9d. Rougier V., ficelle n\u00b0 113, ISBN 979-10-93019-95-0.<br \/>\n\u00ab\u00a0\u00c9tat de chaises\u00a0\u00bb, \u00e9d. Rougier V., ficelle n\u00b0 118, ISBN 979-10-93019-04-8.<\/p>\n","protected":false},"excerpt":{"rendered":"<h1 class=\"product_title entry-title\"><\/h1>\n<div>\n<p><strong>Jacques Coly<\/strong><br \/>\n<strong>Yves Barr\u00e9 \u00a0 \u00a0 \u00a0 \u00a0gravures et dessins<\/strong><br \/>\nGenre : Po\u00e9sie\/livre d\u2019artiste\/humour<\/p>\n<p>Tirage de T\u00eate en coffret : Tirage de 12 ex., 1 gravure originale, 1 froiss\u00e9, le sous-verre et le coffret : 60\u20ac<\/p>\n<p>Imprim\u00e9 sur papier verg\u00e9 Collora Book et Arches.<br \/>\nMise en vente : Septembre 2014 ISBN : 979-10-93019-13-0<\/p>\n<\/div>\n<div><\/div>\n","protected":false},"featured_media":1064,"template":"","meta":[],"product_brand":[],"product_cat":[191,16,18,17],"product_tag":[],"class_list":{"0":"post-1063","1":"product","2":"type-product","3":"status-publish","4":"has-post-thumbnail","6":"product_cat-beaux-arts","7":"product_cat-les-editions","8":"product_cat-estampes","9":"product_cat-plis-urgents","11":"first","12":"instock","13":"shipping-taxable","14":"purchasable","15":"product-type-simple"},"_links":{"self":[{"href":"http:\/\/www.rougier-atelier.com\/index.php?rest_route=\/wp\/v2\/product\/1063","targetHints":{"allow":["GET"]}}],"collection":[{"href":"http:\/\/www.rougier-atelier.com\/index.php?rest_route=\/wp\/v2\/product"}],"about":[{"href":"http:\/\/www.rougier-atelier.com\/index.php?rest_route=\/wp\/v2\/types\/product"}],"wp:featuredmedia":[{"embeddable":true,"href":"http:\/\/www.rougier-atelier.com\/index.php?rest_route=\/wp\/v2\/media\/1064"}],"wp:attachment":[{"href":"http:\/\/www.rougier-atelier.com\/index.php?rest_route=%2Fwp%2Fv2%2Fmedia&parent=1063"}],"wp:term":[{"taxonomy":"product_brand","embeddable":true,"href":"http:\/\/www.rougier-atelier.com\/index.php?rest_route=%2Fwp%2Fv2%2Fproduct_brand&post=1063"},{"taxonomy":"product_cat","embeddable":true,"href":"http:\/\/www.rougier-atelier.com\/index.php?rest_route=%2Fwp%2Fv2%2Fproduct_cat&post=1063"},{"taxonomy":"product_tag","embeddable":true,"href":"http:\/\/www.rougier-atelier.com\/index.php?rest_route=%2Fwp%2Fv2%2Fproduct_tag&post=1063"}],"curies":[{"name":"wp","href":"https:\/\/api.w.org\/{rel}","templated":true}]}}