{"id":107,"date":"2014-01-21T14:36:35","date_gmt":"2014-01-21T13:36:35","guid":{"rendered":"http:\/\/www.rougier-atelier.com\/2014\/?post_type=product&#038;p=107"},"modified":"2014-05-27T18:26:17","modified_gmt":"2014-05-27T17:26:17","slug":"ficelle-n109-derriere-la-vitre","status":"publish","type":"product","link":"http:\/\/www.rougier-atelier.com\/?product=ficelle-n109-derriere-la-vitre","title":{"rendered":"Ficelle n\u00b0109 &#8211; DERRIERE LA VITRE"},"content":{"rendered":"<p>Tirage de t\u00eate en coffret \u00ab\u00a0<strong>beaux livres<\/strong>\u00a0\u00bb 20 ex. Gravure originale &#8211; 60\u20ac<br \/>\n9\u20ac &#8211; Mis en vente : Juillet 2012<\/p>\n<p>Gravures de Jean Fran\u00e7ois Clapeau<br \/>\nSabine P\u00e9glion<br \/>\nest n\u00e9e \u00e0 Monaco le 17 janvier 1957. Une ma\u00eetrise de lettres \u00e0 Nice, puis une th\u00e8se de doctorat \u00e0 la Sorbonne sur l\u2019\u0153uvre de Philippe Jaccottet lui ont permis de concilier \u00e9criture, po\u00e9sie et enseignement. A pr\u00e9sent, elle vit et enseigne en r\u00e9gion parisienne. Elle a publi\u00e9 dans diverses revues : Po\u00e9sie Terrestre, Voix d\u2019encre, Interventions \u00e0 Haute Voix, Encres vagabondes, Les Lettres Fran\u00e7aises, \u00c9toiles d\u2019encre, Esprits po\u00e9tiques, Les Carnets d\u2019Eucharis (septembre 2009 et mai\/juin 2011) Terres de femmes, Mouvances.ca .<br \/>\n7 \u00e0 77 ans<br \/>\nGenre : Po\u00e9sie\/livre d\u2019artiste, pr\u00e9sent\u00e9e en enveloppe timbr\u00e9e d\u2019artiste, pr\u00eat \u00e0 poster. 500 ex.<br \/>\nTirage de T\u00eate en coffret \u00ab\u00a0<strong>Beaux livres<\/strong>\u00ab\u00a0: Tirage de 20 ex., gravures originale, 1 froiss\u00e9, le sous-verre et le coffret : 60\u20ac<br \/>\nsite internet : www.jf-clapeau.com\/<\/p>\n","protected":false},"excerpt":{"rendered":"<p>Aut.: Sabine p\u00e9glion &#8211; ill.: J.F. Clapeau &#8211; 48 pages &#8211; ISBN 987-2913040-861<\/p>\n<p>Po\u00e9sie orale<br \/>\n&#8230;\/\/<br \/>\nQu\u2019importent les couleurs<br \/>\nQu\u2019importent les continents<br \/>\nPourvu qu\u2019inscrites des paroles<br \/>\nLaissent pour les enfants<br \/>\nSur les murs de l\u2019\u00e9cole<br \/>\nentrer le vent<br \/>\n\/\/&#8230;<\/p>\n","protected":false},"featured_media":108,"template":"","meta":[],"product_brand":[],"product_cat":[15],"product_tag":[141,266,28],"class_list":{"0":"post-107","1":"product","2":"type-product","3":"status-publish","4":"has-post-thumbnail","6":"product_cat-revue-ficelleplisurgents","7":"product_tag-derriere-la-vitre","8":"product_tag-jeran-francois-clapau","9":"product_tag-sabine-peglion","11":"first","12":"instock","13":"shipping-taxable","14":"purchasable","15":"product-type-simple"},"_links":{"self":[{"href":"http:\/\/www.rougier-atelier.com\/index.php?rest_route=\/wp\/v2\/product\/107","targetHints":{"allow":["GET"]}}],"collection":[{"href":"http:\/\/www.rougier-atelier.com\/index.php?rest_route=\/wp\/v2\/product"}],"about":[{"href":"http:\/\/www.rougier-atelier.com\/index.php?rest_route=\/wp\/v2\/types\/product"}],"wp:featuredmedia":[{"embeddable":true,"href":"http:\/\/www.rougier-atelier.com\/index.php?rest_route=\/wp\/v2\/media\/108"}],"wp:attachment":[{"href":"http:\/\/www.rougier-atelier.com\/index.php?rest_route=%2Fwp%2Fv2%2Fmedia&parent=107"}],"wp:term":[{"taxonomy":"product_brand","embeddable":true,"href":"http:\/\/www.rougier-atelier.com\/index.php?rest_route=%2Fwp%2Fv2%2Fproduct_brand&post=107"},{"taxonomy":"product_cat","embeddable":true,"href":"http:\/\/www.rougier-atelier.com\/index.php?rest_route=%2Fwp%2Fv2%2Fproduct_cat&post=107"},{"taxonomy":"product_tag","embeddable":true,"href":"http:\/\/www.rougier-atelier.com\/index.php?rest_route=%2Fwp%2Fv2%2Fproduct_tag&post=107"}],"curies":[{"name":"wp","href":"https:\/\/api.w.org\/{rel}","templated":true}]}}