{"id":109,"date":"2014-01-21T14:52:21","date_gmt":"2014-01-21T13:52:21","guid":{"rendered":"http:\/\/www.rougier-atelier.com\/2014\/?post_type=product&#038;p=109"},"modified":"2022-03-09T16:10:21","modified_gmt":"2022-03-09T15:10:21","slug":"ficelle-n110-amerikerouac","status":"publish","type":"product","link":"http:\/\/www.rougier-atelier.com\/?product=ficelle-n110-amerikerouac","title":{"rendered":"Ficelle n\u00b0110 &#8211; AM\u00c9RIKEROUAC"},"content":{"rendered":"<p>Claude Beausoleil.<br \/>\nPo\u00e8te n\u00e9 au Qu\u00e9bec en 1948. A publi\u00e9 plus d\u2019une soixantaine d\u2019ouvrages depuis 1972. Traduit dans une douzaine de langues, auteur d\u2019anthologies , dont Un Si\u00e8cle de po\u00e9sie mexicaine (\u00abPoints\u00bb, Seuil), il est directeur de la revue L\u00e8vres urbaines. Parmi ses derniers titres: La Blessure du silence (Prix Louise Lab\u00e9) , Black Billie (Prix Charles Vildrac de la SGDL) et L\u2019Autre voix. Depuis 2011, Claude Beausoleil occupe \u00e0 Montr\u00e9al, sa ville natale, la fonction de Po\u00e8te de la Cit\u00e9. Il est membre de l\u2019Acad\u00e9mie Mallarm\u00e9.<br \/>\nGravures de Philippe H\u00e9l\u00e9non<br \/>\nN\u00e9 en 1954, Philippe H\u00e9l\u00e9non vit et travaille \u00e0 Paris. Son \u0153uvre a \u00e9t\u00e9 pr\u00e9sent\u00e9e ces vingt derni\u00e8res ann\u00e9es lors de nombreuses expositions personnelles ou collectives : notamment, \u00e0 Paris, dans les galeries A. Biren, Arielle Rive gauche et, depuis 1996, \u00e0 la Galeries Vieille du temple.<br \/>\nChez Rougier V. \u00e9d., illustre \u00ab\u00a0Suite am\u00e8re\u00a0\u00bb de Mathieu B\u00e9n\u00e9zet, ficelle n\u00b083.<br \/>\nSeptembre 2012<br \/>\nGenre : Po\u00e9sie\/livre d\u2019artiste, 44p. 11\/16cm, pr\u00e9sent\u00e9e en enveloppe timbr\u00e9e d\u2019artiste, pr\u00eat \u00e0 poster. 500 ex.<br \/>\nTirage de T\u00eate en coffret \u00ab\u00a0<strong>Beaux livres<\/strong>\u00ab\u00a0: Tirage de 20 ex., 2 gravures originales, 1 froiss\u00e9, le sous-verre et le coffret : 60\u20ac<\/p>\n","protected":false},"excerpt":{"rendered":"<p>Aut : Claude Beausoleil &#8211; ill : Philippe H\u00e9l\u00e9non &#8211; 44 pages &#8211; ISBN 978-291304087-X<br \/>\nPo\u00e9sie du voyage<\/p>\n<p>&#8230;\/\/<br \/>\nAm\u00e9rikerouac<br \/>\nligne<br \/>\nzoom\u00e9e<br \/>\nlivr\u00e9e<br \/>\nen vrac<br \/>\nimprovis\u00e9e<br \/>\nsur les autoroutes<br \/>\ndu si\u00e8cle<br \/>\nallons!<br \/>\nque le vent porte<br \/>\nles signes<br \/>\n\/\/&#8230;<\/p>\n","protected":false},"featured_media":110,"template":"","meta":[],"product_brand":[],"product_cat":[16,15],"product_tag":[143,144,685,145],"class_list":{"0":"post-109","1":"product","2":"type-product","3":"status-publish","4":"has-post-thumbnail","6":"product_cat-les-editions","7":"product_cat-revue-ficelleplisurgents","8":"product_tag-amerikerouac","9":"product_tag-beausoleil","10":"product_tag-kerouac","11":"product_tag-helenon","13":"first","14":"instock","15":"shipping-taxable","16":"purchasable","17":"product-type-simple"},"_links":{"self":[{"href":"http:\/\/www.rougier-atelier.com\/index.php?rest_route=\/wp\/v2\/product\/109","targetHints":{"allow":["GET"]}}],"collection":[{"href":"http:\/\/www.rougier-atelier.com\/index.php?rest_route=\/wp\/v2\/product"}],"about":[{"href":"http:\/\/www.rougier-atelier.com\/index.php?rest_route=\/wp\/v2\/types\/product"}],"wp:featuredmedia":[{"embeddable":true,"href":"http:\/\/www.rougier-atelier.com\/index.php?rest_route=\/wp\/v2\/media\/110"}],"wp:attachment":[{"href":"http:\/\/www.rougier-atelier.com\/index.php?rest_route=%2Fwp%2Fv2%2Fmedia&parent=109"}],"wp:term":[{"taxonomy":"product_brand","embeddable":true,"href":"http:\/\/www.rougier-atelier.com\/index.php?rest_route=%2Fwp%2Fv2%2Fproduct_brand&post=109"},{"taxonomy":"product_cat","embeddable":true,"href":"http:\/\/www.rougier-atelier.com\/index.php?rest_route=%2Fwp%2Fv2%2Fproduct_cat&post=109"},{"taxonomy":"product_tag","embeddable":true,"href":"http:\/\/www.rougier-atelier.com\/index.php?rest_route=%2Fwp%2Fv2%2Fproduct_tag&post=109"}],"curies":[{"name":"wp","href":"https:\/\/api.w.org\/{rel}","templated":true}]}}