{"id":1108,"date":"2016-01-31T11:01:08","date_gmt":"2016-01-31T10:01:08","guid":{"rendered":"http:\/\/www.rougier-atelier.com\/?post_type=product&#038;p=1108"},"modified":"2017-01-18T11:09:55","modified_gmt":"2017-01-18T10:09:55","slug":"ficelle-124-dans-mes-filets","status":"publish","type":"product","link":"http:\/\/www.rougier-atelier.com\/?product=ficelle-124-dans-mes-filets","title":{"rendered":"ficelle 124 &#8211; DANS MES FILETS"},"content":{"rendered":"<p><b>Luce Guilbaud<\/b><\/p>\n<p>Le fugitif de la pens\u00e9e<\/p>\n<p><span style=\"color: #993366;\"><i>Dans ses notes d\u2019atelier Luce trouve <\/i><i>le mot<\/i><i> qui d\u00e9signe sa pens\u00e9e et qui d\u00e9range l&rsquo;habituelle phrase&#8230; mot qui colore ce fugitif de l&rsquo;image d\u00e9r\u00e9isante.<\/i><\/span><\/p>\n<p><span style=\"color: #993366;\"><i>\u00a0Graveur \u00e9diteur, \u00e0 mon tour je d\u00e9range l\u2019image attendue en travaillant au dos d\u2019un cuivre ancien ou se trouve d\u00e9j\u00e0 inscrits des notes des essais d\u2019outils des tailles, des regrets.<\/i><\/span><\/p>\n<p>N\u00e9e au bord de la mer, en Vend\u00e9e.<\/p>\n<p>Elle passera toutes ses vacances d\u2019\u00e9t\u00e9 dans la famille paternelle au bord de l\u2019Oc\u00e9an, pr\u00e8s de la maison de sa grand-m\u00e8re qui va beaucoup compter pour elle ainsi que la mer.<\/p>\n<p>A l\u2019adolescence elle rejoindra son p\u00e8re en Guyane d\u00e9couvrant l\u2019exub\u00e9rance de la for\u00eat tropicale et le peuple indien, exp\u00e9rience inoubliable qui fondera sans doute son app\u00e9tit de peinture et de mots.<\/p>\n<p>Elle deviendra professeur d\u2019Arts plastiques passionn\u00e9e par la transmission et les \u00e9changes avec les \u00e9l\u00e8ves. La peinture avec ses premi\u00e8res expositions en France et en Allemagne, l\u2019\u00e9criture et la publication de po\u00e8mes rempliront bien sa vie. Elle aura un petit gar\u00e7on pour lequel elle \u00e9crira un premier recueil \u00ab pour les enfants \u00bb : \u00ab Les moustaches vertes \u00bb publi\u00e9 au D\u00e9 Bleu. D\u2019autres recueils pour la jeunesse suivront en m\u00eame temps que d\u2019autres livres.<\/p>\n<p>Elle se consacre actuellement \u00e0 la peinture, la gravure, \u00e0 l\u2019\u00e9criture et \u00e0 l\u2019illustration de recueils pour d\u2019autres po\u00e8tes. L\u2019observation de la nature, la mer et les promenades en for\u00eat, la vie sous toutes ses formes avec ce que cela implique d\u2019occupations, d\u2019\u00e9motions, de surprises de rencontres sont toujours la source d\u2019inspiration de son travail.<\/p>\n<p>Elle a publi\u00e9 chez divers \u00e9diteurs : Le D\u00e9 Bleu ( l\u2019Id\u00e9e bleue), Tarabuste, Bernard Dumerchez, Les petits classiques du Grand Pirate, La Bartavelle, Les \u00e9ditions des Forges, la Renarde Rouge, \u00e9ditions Alain Benoit, Vincent Rougier \u00ab Ficelle \u00bb, Encres Vives, Soc et Foc, Les Ar\u00eates, \u00e9ditions Henry, les \u00e9ditions du Petit Pois\u2026 Dans de nombreuses revues et anthologies et des livres pour la classe.<\/p>\n<p>Elle anime avec plaisir des rencontres avec les enfants dans les biblioth\u00e8ques et les \u00e9coles.<\/p>\n<p><b>Derniers titres<\/b> :<\/p>\n<p>Pas encore et d\u00e9j\u00e0, Ed. Henry, 2012.<\/p>\n<p>Nuit l\u2019habitable, Les Ar\u00eates, 2012.<\/p>\n<p>Qui va l\u00e0 ? Les carnets du dessert de lune, 2013.<\/p>\n<p>Le sourire du scarab\u00e9e, La renarde rouge, 2014.<\/p>\n<p>Renou\u00e9es, (avec A. Marembert) Le petit pois, 2014.<\/p>\n<p>M\u00e8re ou l\u2019autre, Ed. tarabuste, 2014.<\/p>\n<p>Aux quatre orients le fleuve, Ed. Vagamundo, 2015.<\/p>\n<p>Vent de leur nom, Ed. henry, 2015.<\/p>\n","protected":false},"excerpt":{"rendered":"<p>Aut. Luce Guilbaud &#8211; ill. Vincent Rougier &#8211; 48p couleurs &#8211; ISBN 9791093019246<\/p>\n","protected":false},"featured_media":1109,"template":"","meta":[],"product_brand":[],"product_cat":[16,15],"product_tag":[424,136,40],"class_list":{"0":"post-1108","1":"product","2":"type-product","3":"status-publish","4":"has-post-thumbnail","6":"product_cat-les-editions","7":"product_cat-revue-ficelleplisurgents","8":"product_tag-isbn-9791093019246","9":"product_tag-guilbaud","10":"product_tag-vincent-rougier","12":"first","13":"instock","14":"downloadable","15":"shipping-taxable","16":"purchasable","17":"product-type-simple"},"_links":{"self":[{"href":"http:\/\/www.rougier-atelier.com\/index.php?rest_route=\/wp\/v2\/product\/1108","targetHints":{"allow":["GET"]}}],"collection":[{"href":"http:\/\/www.rougier-atelier.com\/index.php?rest_route=\/wp\/v2\/product"}],"about":[{"href":"http:\/\/www.rougier-atelier.com\/index.php?rest_route=\/wp\/v2\/types\/product"}],"wp:featuredmedia":[{"embeddable":true,"href":"http:\/\/www.rougier-atelier.com\/index.php?rest_route=\/wp\/v2\/media\/1109"}],"wp:attachment":[{"href":"http:\/\/www.rougier-atelier.com\/index.php?rest_route=%2Fwp%2Fv2%2Fmedia&parent=1108"}],"wp:term":[{"taxonomy":"product_brand","embeddable":true,"href":"http:\/\/www.rougier-atelier.com\/index.php?rest_route=%2Fwp%2Fv2%2Fproduct_brand&post=1108"},{"taxonomy":"product_cat","embeddable":true,"href":"http:\/\/www.rougier-atelier.com\/index.php?rest_route=%2Fwp%2Fv2%2Fproduct_cat&post=1108"},{"taxonomy":"product_tag","embeddable":true,"href":"http:\/\/www.rougier-atelier.com\/index.php?rest_route=%2Fwp%2Fv2%2Fproduct_tag&post=1108"}],"curies":[{"name":"wp","href":"https:\/\/api.w.org\/{rel}","templated":true}]}}