{"id":115,"date":"2014-01-31T15:34:30","date_gmt":"2014-01-31T14:34:30","guid":{"rendered":"http:\/\/www.rougier-atelier.com\/2014\/?post_type=product&#038;p=115"},"modified":"2014-06-18T14:49:14","modified_gmt":"2014-06-18T13:49:14","slug":"ficelle-n112-alphabet-en-quete-dauteurs","status":"publish","type":"product","link":"http:\/\/www.rougier-atelier.com\/?product=ficelle-n112-alphabet-en-quete-dauteurs","title":{"rendered":"Ficelle n\u00b0112 &#8211; ALPHABET EN QU\u00caTE D&rsquo;AUTEURS"},"content":{"rendered":"<p>\u00c0 lui tout seul, P est un pr\u00e9 pentu, un port repu et un paradis perdu. On lui pr\u00eate mille vertus et mille autres noms qu\u2019il oublie tr\u00e8s vite en les semant jusqu\u2019aux paragraphes des papyrus les plus anciens, l\u00e0 o\u00f9 l\u2019\u00e9cume appareille ses r\u00eaves phosphorescents.<\/p>\n<p>Bibliographie s\u00e9lective<br \/>\nPo\u00e9sie : Le rameur sans rivage ; Etre au monde, La Diff\u00e9rence ; Petit br\u00e9viaire amoureux, Arbre \u00e0 paroles &amp; Ecrits des Forges ; Passage et permanence, Le T\u00e9tras Lyre; Les couleurs du dedans, Barde la L\u00e9zarde; Dans les yeux des fruits verts, Encres Vives, n\u00b0 412.<br \/>\nA para\u00eetre en 2013: Ecrire comme on part, Le bruit des autres ; La route n\u2019enfante que l\u2019adieu, avec des encres de Rapha\u00ebl Segura. Deux livres d\u2019artistes avec des \u0153uvres de Danielle Loisel et Pierre Cayol.<br \/>\nPo\u00e9sie en collections jeunesse : Un arbre cogne \u00e0 la vitre, Pluie d\u2019\u00e9toiles ; Saison des extravagances, Gros Textes ;<br \/>\nLe bestiaire en folie, Carr\u00e9 d\u2019as, Couleur Livres.<\/p>\n<p>site internet :\u00a0<a href=\"http:\/\/www.beatrice-libert.be\/\" target=\"_blank\">www.beatrice-libert.be\/<\/a><\/p>\n<p>Po\u00e9sie\/livre d\u2019artiste, broch\u00e9, pr\u00e9sent\u00e9e en enveloppe timbr\u00e9e d\u2019artiste, pr\u00eat \u00e0 poster. 500 ex. &#8211; Tirage de T\u00eate en coffret \u00ab\u00a0beaux livres\u00a0\u00bb: Tirage de 26 ex., 1 dessin original, 1 froiss\u00e9, le sous-verre et le coffret\u00a0: 60\u20ac<\/p>\n<p>Collection \u00ab\u00a0ficelle\u00a0\u00bb &#8211; format 10 x 15 cm \u2013 44 pages \u2013 reli\u00e9 sous enveloppe. \u2013<\/p>\n<p>Mise en vente\u00a0: Janvier 2013<\/p>\n","protected":false},"excerpt":{"rendered":"<p>Aut : B\u00e9atrice Libert &#8211; ill : V. Rougier &#8211; ISBN 978-2913040-94-2<\/p>\n<p>Po\u00e9sie jeunesse sourires<\/p>\n<p>Sourires pour tous. Un ab\u00e9c\u00e9daire \u00e9vocateur de situations vari\u00e9es, jeux d\u2019esprit, de l\u2019\u00eatre pour chaque lettre.<\/p>\n","protected":false},"featured_media":116,"template":"","meta":[],"product_brand":[],"product_cat":[15],"product_tag":[50,40],"class_list":{"0":"post-115","1":"product","2":"type-product","3":"status-publish","4":"has-post-thumbnail","6":"product_cat-revue-ficelleplisurgents","7":"product_tag-beatrice-libert","8":"product_tag-vincent-rougier","10":"first","11":"instock","12":"shipping-taxable","13":"purchasable","14":"product-type-simple"},"_links":{"self":[{"href":"http:\/\/www.rougier-atelier.com\/index.php?rest_route=\/wp\/v2\/product\/115","targetHints":{"allow":["GET"]}}],"collection":[{"href":"http:\/\/www.rougier-atelier.com\/index.php?rest_route=\/wp\/v2\/product"}],"about":[{"href":"http:\/\/www.rougier-atelier.com\/index.php?rest_route=\/wp\/v2\/types\/product"}],"wp:featuredmedia":[{"embeddable":true,"href":"http:\/\/www.rougier-atelier.com\/index.php?rest_route=\/wp\/v2\/media\/116"}],"wp:attachment":[{"href":"http:\/\/www.rougier-atelier.com\/index.php?rest_route=%2Fwp%2Fv2%2Fmedia&parent=115"}],"wp:term":[{"taxonomy":"product_brand","embeddable":true,"href":"http:\/\/www.rougier-atelier.com\/index.php?rest_route=%2Fwp%2Fv2%2Fproduct_brand&post=115"},{"taxonomy":"product_cat","embeddable":true,"href":"http:\/\/www.rougier-atelier.com\/index.php?rest_route=%2Fwp%2Fv2%2Fproduct_cat&post=115"},{"taxonomy":"product_tag","embeddable":true,"href":"http:\/\/www.rougier-atelier.com\/index.php?rest_route=%2Fwp%2Fv2%2Fproduct_tag&post=115"}],"curies":[{"name":"wp","href":"https:\/\/api.w.org\/{rel}","templated":true}]}}