{"id":1165,"date":"2016-05-15T15:39:27","date_gmt":"2016-05-15T14:39:27","guid":{"rendered":"http:\/\/www.rougier-atelier.com\/?post_type=product&#038;p=1165"},"modified":"2016-05-15T15:39:59","modified_gmt":"2016-05-15T14:39:59","slug":"ficelle-125-ce-qui-berce-ce-qui-bruisse","status":"publish","type":"product","link":"http:\/\/www.rougier-atelier.com\/?product=ficelle-125-ce-qui-berce-ce-qui-bruisse","title":{"rendered":"ficelle 125 &#8211; CE QUI BERCE \/ CE QUI BRUISSE"},"content":{"rendered":"<p><i>Un jour, je suis compl\u00e8tement sorti de chez moi. Je n\u2019ai rien laiss\u00e9 derri\u00e8re. Tout habill\u00e9 d\u2019outils et d\u2019avenirs, je marchais sans compter mes pas, le corps \u00e0 d\u00e9couvert, \u00e0 port\u00e9e de tout regard&#8230;\u00a0<\/i><\/p>\n<p>&nbsp;<\/p>\n<p><b>Jean-Claude Goiri<\/b> \u00a0 \u00a0 <a href=\"http:\/\/www.jeanclaudegoiri.com\" target=\"_blank\">www.jeanclaudegoiri.com<\/a><\/p>\n<p>\u00ab Quand j&rsquo;\u00e9tais grand comme l&rsquo;enfance, je voulais \u00eatre bandit afin de trafiquer des strat\u00e9gies pour d\u00e9couvrir les tr\u00e9sors de chacun et les offrir \u00e0 tout le monde, \u00eatre bandit qui contourne les fronti\u00e8res \u00e0 cheval par fleuves et montagnes, bandit pour savoir bien m&rsquo;\u00e9chapper de prison, pour apprendre \u00e0 scier moi-m\u00eame ces barreaux qu&rsquo;on mettait \u00e0 mes fen\u00eatres, fen\u00eatres par lesquelles j&rsquo;ai vu un jour plein de mots libres comme des petits bandits. Depuis que je suis aussi large que la nuit, j&rsquo;en r\u00eave toujours, et le jour, je trace mes plans pour \u00e9clairer mes chemins de traverse avec tous ces voyous de mots. \u00bb<\/p>\n<p>Jean-Claude Goiri est investi dans l&rsquo;\u00e9criture depuis 2002. Apr\u00e8s avoir cr\u00e9\u00e9 la revue Matulu, il a anim\u00e9 des ateliers d&rsquo;\u00e9criture, a particip\u00e9 et participe toujours \u00e0 plusieurs revues* et \u00e0 des actions comme des performances, des chroniques radios ou des travaux avec des artistes&#8230; Il s&rsquo;occupe actuellement de la revue FPM-Festival Permanent des Mots, revue de cr\u00e9ation litt\u00e9raire.<\/p>\n<p>*D\u00e9charge, Verso, Traction-Brabant, Ficelle, Comme en po\u00e9sie, Incertain Regard, Tas de Mots, Revue Squeeze, Le Journal De Mes Paysages, Ecrits\u2026Vains, La Revue diss\u00e9min\u00e9e, La Cause Litt\u00e9raire Travers\u00e9es, Paysages \u00e9crits, La Passe, Ornata, Le Capital des mots, Nouveaux D\u00e9lits\u2026<\/p>\n<p>Participation aux recueils collectifs :<\/p>\n<p>Charlibre, \u00e9ditions Corps Puce.<\/p>\n<p>L\u2019Insurrection Po\u00e9tique, \u00e9ditions Corps Puce.<\/p>\n<p>Je Suis en feu\u2026 \u00e9ditions mgversion2datura.<\/p>\n<p>Patrice Maltaverne &amp; compagnie, \u00e9ditions mgv2&gt;publishing.<\/p>\n<p>Recueils personnels :<\/p>\n<p>Corps suspendus, Editions QuazaQ.<\/p>\n<p>Dans les couloirs de notre asile, La Girafe \u00e0 pistons Diffusion.<\/p>\n<p>revue :\u00a0<a href=\"http:\/\/www.fepemos.com\" target=\"_blank\">www.fepemos.com<\/a><\/p>\n<hr \/>\n<p>&nbsp;<\/p>\n<p><b>Claire Illouz<\/b><b> <\/b><a href=\"http:\/\/www.cillouz.com\" target=\"_blank\">www.cillouz.com<\/a><\/p>\n<p><b><i>Expositions de groupe<\/i><\/b>\u00a0\/ <b><i>expositions personnelles\u00a0<\/i><\/b><\/p>\n<p>2016 : Adrift in the wonderworld. Martha Hewett Gallery, Cincinatti, USA.<\/p>\n<p>Du Ciel et des Hommes. Gravures. La Bo\u00eete \u00e0 Soleil, Tence.<\/p>\n<p>Vies silencieuses. Galerie Pome Turbil, Lyon.<\/p>\n<p>Estampe 2016, Barbizon.<\/p>\n<p>2015 : Festival de la Gravure, Diekirch, Luxembourg.<\/p>\n<p>Fine Press Book fair, Oxford, U.K.<\/p>\n<p>CODEX International Artist\u2019s Book Fair, Berkeley, USA.<\/p>\n<p>Conf\u00e9rence et workshop de gravure, Northern Kentucky University, USA: Engraving Emily Dickinson.<\/p>\n<p>Conf\u00e9rence, Melville Memorial, Arrowhead, USA : The Whiteness, an unreadable book.<\/p>\n<p>Les Graveures \u2013 Galerie L\u2019Echiquier, Paris.<\/p>\n<p>Papier japon, de la tradition au num\u00e9rique \u2013 Espace Bertin Poir\u00e9e, Paris.<\/p>\n<p>2014 : La Nature \u00e0 l\u2019\u0153uvre, gravures et dessins \u2013 Galerie L\u2019Echiquier, Paris.<\/p>\n<p>D\u00e9bordements \u2013 7 graveurs \u00e0 l\u2019Ermitage, \u00ab\u00a0Graver Maintenant\u00a0\u00bb, Rueil-Malmaison (92).<\/p>\n<p>Pointe et burin, Fondation Taylor, Paris.<\/p>\n<p>Le Luxe de la peinture, Centre Culturel Les Dominicaines, Pont-l\u2019Ev\u00eaque (14).<\/p>\n<p>2013 \u00a0 Workshop \u00ab\u00a0gravure\u00a0\u00bb, Cincinnati Art Academy, et Northern Kentucky University, USA.<\/p>\n<p>Fondation Taylor, Paris.<\/p>\n<p>Artiste invit\u00e9e, Soci\u00e9t\u00e9 des peintres graveurs fran\u00e7ais, Paris VIe.<\/p>\n<p><i>Estampe dans la ville<\/i>, Dreux.<\/p>\n<p>&#8211; Galerie La maison de Brian, Simiane(04)<\/p>\n<p>\u00ab\u00a0<i>Pourquoi des livres d\u2019artiste <\/i>?\u00a0\u00bb conf\u00e9rence<\/p>\n<p>d\u2019invit\u00e9e d\u2019honneur au <i>Biblioparnasse<\/i>,<\/p>\n<p>Dives sur mer (14).<\/p>\n<p><i>Liberbook<\/i>, Palais Ducal, Parma, Italie<\/p>\n<p>2012 : <i>Estampe vivante<\/i>, avec Graver maintenant, Ville d\u2019Avray.<\/p>\n<p><i>Triennale de gravure<\/i>, Mus\u00e9e Raymond Lafage, Lisle-sur-Tarn.<\/p>\n<p>2011: <i>CODEX<\/i> international Artist\u2019s Book Fair, Berkeley, USA.<\/p>\n<p><i>Pointe et burin<\/i>, Fondation Taylor, Paris.<\/p>\n<p>\u00ab\u00a0<i>Why Artist\u2019s Books?<\/i>\u00ab\u00a0&#8211; Conf\u00e9rence, Northern Kentucky University, USA.<\/p>\n<p><i>Pointe et burin<\/i>, Fondation Taylor, Paris.<\/p>\n<p><i>Artpage<\/i>, Festival des Livres d\u2019artiste \u00e0 Octon (34).<\/p>\n<p>Journ\u00e9e de l\u2019Estampe Contemporaine, Paris.<\/p>\n<p>Fine Press Book Fair, Oxford, U.K.<\/p>\n<p>2010 : Galerie Vincent Pietryka, Paris<\/p>\n<p>2009 : Fondation Taylor, Paris.<\/p>\n<p><i>CODEX<\/i> contemporary artist\u2019s book fair, Berkeley, Etats-Unis.<\/p>\n<p>Galerie Nabokov, Paris.<\/p>\n<p>2008 : <i>Biennale de gravure<\/i>, les R\u00e9servoirs, Limay.\u00a0 Contemporary International Artist\u2019s Book Fair, Leeds\u00a0 (U.K.).<\/p>\n<p>2007 : <i>Salon\u00a0 de l\u2019Estampe<\/i>, Paris, Galleria del Leone.<\/p>\n<p>Combes Gallery, American University of Paris.<\/p>\n<p>2006 : Galerie de l\u2019Ecusson, Montpellier.<\/p>\n<p>Galerie Pierre-Michel D., Paris.<\/p>\n<p>2005 : \u00ab\u00a0<i>Objets inachev\u00e9s<\/i>\u00a0\u00bb : Galerie Jacques L\u00e9vy, Paris.<\/p>\n<p>Galerie Bachs-Scherrer, Caluire.<\/p>\n<p>Biennale de l\u2019Estampe, Mus\u00e9e de Saint-Maur.<\/p>\n<p>VIIe Rencontres Internationales d\u2019Edition de Cr\u00e9ation, Marseille.<\/p>\n<p>2004 : Galerie Mabel Semmler,\u00a0 Paris.<\/p>\n<p>Galerie de l\u2019Ecusson, Montpellier.<\/p>\n<p>2003 :\u00a0 Galerie de l\u2019Ecusson, Montpellier.<\/p>\n<p><i>Caract\u00e8res<\/i>, Salon de bibliophilie, Bruxelles<\/p>\n<p>2001 : Galerie Mabel Semmler, Paris<\/p>\n<p><i>PAGES<\/i> : Salon de Bibliophilie Contemporaine, Paris.<\/p>\n<p>Livres \u00e0 voir, Atelier d\u2019art contemporain, Arras.<\/p>\n<p>2000 : 5e triennale mondiale de\u00a0 L\u2019Estampe, Chamalli\u00e8res.<\/p>\n<p>1998 : Galerie La Hune Brenner, Paris.<\/p>\n<p>1996 : Galerie Lucette Herzog, Paris.<\/p>\n<p><b><i>Distinctions<\/i><\/b> :<\/p>\n<p>&#8211; Grand Prix de Bibliophilie Jean Lur\u00e7at, Acad\u00e9mie des Beaux-Arts, 2013<\/p>\n<p>&#8211; Prix graver maintenant, 2012<\/p>\n<p>&#8211; Prix de gravure de la Fondation Paul- Louis Weiler, Acad\u00e9mie des Beaux-Arts, 2012<\/p>\n<p><b><i>Livres d\u2019artiste<\/i><\/b> :<\/p>\n<p>Depuis 1997, C. Illouz a con\u00e7u et \u00e9dit\u00e9 21 Livres d\u2019Artiste et de bibliophilie. Beaucoup d\u2019entre eux figurent dans les collections publiques de France, de Grande-Bretagne, du Luxembourg, de Suisse, et des Etats-Unis, ainsi que dans de nombreuses collections priv\u00e9es.<\/p>\n<p><b><i>Travaux d\u2019illustration<\/i><\/b> :<\/p>\n<p>2016 : <i>SALAMANDER MAGAZINE<\/i> : Couverture et cahier int\u00e9rieur de 8 pages.<\/p>\n<p>2015 : <i>BIENNALE MONDIALE DE RELIURE<\/i> :<\/p>\n<p>Dessins originaux au crayon, illustrations pour <i>VENDREDI OU LA VIE SAUVAGE<\/i> de MICHEL TOURNIER.<\/p>\n<p>Gravure originale (eau forte) pour l\u2019\u00e9dition de t\u00eate.<\/p>\n<p>2014 : \u00c9dition de la <i>Revue<\/i> <i>CONFERENCE<\/i> :<\/p>\n<p>Cahier int\u00e9rieur (10 pages) du N\u00b0 38.<\/p>\n<p>Gravure originale (eau-forte, aquatinte) pour l\u2019\u00e9dition de t\u00eate du catalogue de l\u2019exposition<\/p>\n<p><i>LE LUXE DE LA PEINTURE<\/i> (Centre culturel Les Dominicaines, Pont l\u2019Ev\u00eaque).<\/p>\n<p>Gravure originale (eau-forte) pour l\u2019\u00e9dition de t\u00eate du livre <i>EXAMEN DE CONSCIENCE D\u2019UN HOMME DE LETTRES<\/i>, de Renato SERRA.<\/p>\n<p>2013 : Editions DUMERCHEZ :<\/p>\n<p>Dessin original \u00e0 la plume, pour la couverture du livre <i>ALLUVIONS<\/i>, po\u00e8mes de JEAN-DOMINIQUE REY. Gravure originale (eau-forte et aquatinte) pour l\u2019\u00e9dition de t\u00eate.<\/p>\n<p><b><i>Documentation<\/i><\/b> :<\/p>\n<p>&#8211; \u00ab\u00a0L\u2019atelier de Claire Illouz\u00a0\u00bb DVD de 28 mn r\u00e9alis\u00e9 par Bertrand Renaudineau, Gallix Productions, 2015.<\/p>\n<p>&#8211; \u00ab\u00a0La Nuit r\u00eav\u00e9e de Claire Illouz\u00a0\u00bb Emission radiophonique de Marc Floriot, France Culture,<\/p>\n<p>16 juin 2013.<\/p>\n","protected":false},"excerpt":{"rendered":"<p>Aut. Jean-Claude\u00a0Goiri &#8211; ill. Claire Illouz (gravures)\u00a0&#8211; 48p couleurs &#8211; ISBN 9791093019253<\/p>\n<p>Po\u00e9sie du sensible<\/p>\n","protected":false},"featured_media":1166,"template":"","meta":[],"product_brand":[],"product_cat":[15],"product_tag":[432,429,433,430,237,431,40],"class_list":{"0":"post-1165","1":"product","2":"type-product","3":"status-publish","4":"has-post-thumbnail","6":"product_cat-revue-ficelleplisurgents","7":"product_tag-432","8":"product_tag-429","9":"product_tag-ce-qui-berce-ce-qui-bruisse","10":"product_tag-claire-illouz","11":"product_tag-ficelle","12":"product_tag-jean-claude-goiri","13":"product_tag-vincent-rougier","15":"first","16":"instock","17":"shipping-taxable","18":"purchasable","19":"product-type-simple"},"_links":{"self":[{"href":"http:\/\/www.rougier-atelier.com\/index.php?rest_route=\/wp\/v2\/product\/1165","targetHints":{"allow":["GET"]}}],"collection":[{"href":"http:\/\/www.rougier-atelier.com\/index.php?rest_route=\/wp\/v2\/product"}],"about":[{"href":"http:\/\/www.rougier-atelier.com\/index.php?rest_route=\/wp\/v2\/types\/product"}],"wp:featuredmedia":[{"embeddable":true,"href":"http:\/\/www.rougier-atelier.com\/index.php?rest_route=\/wp\/v2\/media\/1166"}],"wp:attachment":[{"href":"http:\/\/www.rougier-atelier.com\/index.php?rest_route=%2Fwp%2Fv2%2Fmedia&parent=1165"}],"wp:term":[{"taxonomy":"product_brand","embeddable":true,"href":"http:\/\/www.rougier-atelier.com\/index.php?rest_route=%2Fwp%2Fv2%2Fproduct_brand&post=1165"},{"taxonomy":"product_cat","embeddable":true,"href":"http:\/\/www.rougier-atelier.com\/index.php?rest_route=%2Fwp%2Fv2%2Fproduct_cat&post=1165"},{"taxonomy":"product_tag","embeddable":true,"href":"http:\/\/www.rougier-atelier.com\/index.php?rest_route=%2Fwp%2Fv2%2Fproduct_tag&post=1165"}],"curies":[{"name":"wp","href":"https:\/\/api.w.org\/{rel}","templated":true}]}}