{"id":119,"date":"2014-01-31T14:46:30","date_gmt":"2014-01-31T13:46:30","guid":{"rendered":"http:\/\/www.rougier-atelier.com\/2014\/?post_type=product&#038;p=119"},"modified":"2014-06-18T14:49:52","modified_gmt":"2014-06-18T13:49:52","slug":"ficelle-n111-papillotes-sans-chocolats-3-2-1","status":"publish","type":"product","link":"http:\/\/www.rougier-atelier.com\/?product=ficelle-n111-papillotes-sans-chocolats-3-2-1","title":{"rendered":"Ficelle n\u00b0111 &#8211; PAPILLOTES SANS CHOCOLATS 3-2-1"},"content":{"rendered":"<p>Po\u00e9sie\/livre d\u2019artiste, pr\u00e9sent\u00e9e en enveloppe timbr\u00e9e d\u2019artiste, pr\u00eat \u00e0 poster. 500 ex.Tirage de T\u00eate en coffret \u00ab\u00a0Beaux livres\u00a0\u00bb: Tirage de 20 ex., 2 gravures originales, 1 froiss\u00e9, le sous-verre et le coffret : 60\u20ac 9\u20ac &#8211; Collection \u00ab ficelle \u00bb &#8211; format 10 x 15 cm \u2013 44 pages \u2013 reli\u00e9 sous enveloppe. \u2013<\/p>\n<p>Jo\u00ebl Bastard. N\u00e9 en 1955 \u00e0 Versailles, Yvelines Vit dans l&rsquo;Ain. www.joelbastard. blogspot.com \u00b7 joelbastard@hotmail.com. po\u00e9sie, th\u00e9\u00e2tre &#8230; Vit dans les monts Jura. Po\u00e8te. Auteur de th\u00e9\u00e2tre, de nouvelles et de chansons. Il r\u00e9alise de nombreux livres d&rsquo;artistes avec des peintres, des photographes&#8230; \u00c9crit des chansons pour Christine Python, Madjo&#8230; Et pratique parfois l&rsquo;\u00e9criture improvis\u00e9e avec Erik Truffaz et Malcom Braff. J.B.Gravures de Charlotte Reine \u00ab Je me consacre depuis quelques ann\u00e9es \u00e0 l&rsquo;\u00e9tude subjective du monde animal et des objets qui leur sont indispensables. Anim\u00e9e par aucun souci de vraisemblance je travaille sans contrainte. Je m\u2019amuse des curiosit\u00e9s, des co\u00efncidences, des rencontres impr\u00e9vues o\u00f9 je d\u00e9couvre des petits messages fortuits \u00e0 l\u2019usage de tous les jours \u00bb<\/p>\n<p>site internet : www.joelbastard.blogspot.com\/<\/p>\n","protected":false},"excerpt":{"rendered":"<p>Aut : Jo\u00ebl Bastard, ill : Charlote Reine, 44p. &#8211; ISBN 978 2-913040-88-8<\/p>\n<p>po\u00e9sie humour.<br \/>\nNombreuses gravures de Charlotte Reine, des aphorismes po\u00e9tiques pour sourire et r\u00eaver de miroirs magiques.<br \/>\nPapillotes \u00e0 d\u00e9guster, \u00e0 partager.<\/p>\n<p>\u00ab\u00a0A mon fils Chann qui aime les aphorismes et autres apophtegmes car c\u2019est vite lu\u00a0\u00bb.<\/p>\n<p>&#8230;\/\/<br \/>\nNous avons besoin pour traverser la vie, d\u2019un bagage. Qu\u2019il soit vide ou plein est sans importance.<br \/>\nOn aime tenir une poign\u00e9e.<br \/>\n\/\/&#8230;<\/p>\n","protected":false},"featured_media":120,"template":"","meta":[],"product_brand":[],"product_cat":[15],"product_tag":[53,155,261],"class_list":{"0":"post-119","1":"product","2":"type-product","3":"status-publish","4":"has-post-thumbnail","6":"product_cat-revue-ficelleplisurgents","7":"product_tag-charlote-reine","8":"product_tag-bastard","9":"product_tag-papillotes-sans-chocolats","11":"first","12":"instock","13":"shipping-taxable","14":"purchasable","15":"product-type-simple"},"_links":{"self":[{"href":"http:\/\/www.rougier-atelier.com\/index.php?rest_route=\/wp\/v2\/product\/119","targetHints":{"allow":["GET"]}}],"collection":[{"href":"http:\/\/www.rougier-atelier.com\/index.php?rest_route=\/wp\/v2\/product"}],"about":[{"href":"http:\/\/www.rougier-atelier.com\/index.php?rest_route=\/wp\/v2\/types\/product"}],"wp:featuredmedia":[{"embeddable":true,"href":"http:\/\/www.rougier-atelier.com\/index.php?rest_route=\/wp\/v2\/media\/120"}],"wp:attachment":[{"href":"http:\/\/www.rougier-atelier.com\/index.php?rest_route=%2Fwp%2Fv2%2Fmedia&parent=119"}],"wp:term":[{"taxonomy":"product_brand","embeddable":true,"href":"http:\/\/www.rougier-atelier.com\/index.php?rest_route=%2Fwp%2Fv2%2Fproduct_brand&post=119"},{"taxonomy":"product_cat","embeddable":true,"href":"http:\/\/www.rougier-atelier.com\/index.php?rest_route=%2Fwp%2Fv2%2Fproduct_cat&post=119"},{"taxonomy":"product_tag","embeddable":true,"href":"http:\/\/www.rougier-atelier.com\/index.php?rest_route=%2Fwp%2Fv2%2Fproduct_tag&post=119"}],"curies":[{"name":"wp","href":"https:\/\/api.w.org\/{rel}","templated":true}]}}