{"id":121,"date":"2014-01-31T15:57:51","date_gmt":"2014-01-31T14:57:51","guid":{"rendered":"http:\/\/www.rougier-atelier.com\/2014\/?post_type=product&#038;p=121"},"modified":"2014-05-27T18:06:38","modified_gmt":"2014-05-27T17:06:38","slug":"ficelle-n114-meme-pas-mort-a-vienne","status":"publish","type":"product","link":"http:\/\/www.rougier-atelier.com\/?product=ficelle-n114-meme-pas-mort-a-vienne","title":{"rendered":"Ficelle n\u00b0114 &#8211; M\u00caME PAS MORT \u00c0 VIENNE"},"content":{"rendered":"<p>Patrice Maltaverne<\/p>\n<p>N\u00e9 en 1971 \u00e0 Anvers, Patrice Maltaverne vit entre Nancy et Metz. D\u00e8s 1988, il publie des textes dans plusieurs revues (\u00ab\u00a0D\u00e9charge\u00a0\u00bb, \u00ab\u00a0Di\u00e9r\u00e8se\u00a0\u00bb, \u00ab\u00a0Le Jardin ouvrier\u00a0\u00bb). Depuis janvier 2004, il anime le po\u00e9zine \u00ab\u00a0Traction Brabant\u00a0\u00bb.<\/p>\n<p><a href=\"http:\/\/traction-brabant.blogspot.fr\/\" target=\"_blank\">http:\/\/traction-brabant.blogspot.fr\/<\/a><br \/>\n<a href=\"http:\/\/poesiechroniquetamalle.centerblog.net\/\" target=\"_blank\">http:\/\/poesiechroniquetamalle.centerblog.net\/<\/a><br \/>\n<a href=\"http:\/\/lecitrongareeditions.blogspot.fr\/\" target=\"_blank\">http:\/\/lecitrongareeditions.blogspot.fr\/<\/a><\/p>\n<p>7 \u00e0 77 ans<br \/>\nGenre\u00a0: Po\u00e9sie\/livre d\u2019artiste, broch\u00e9, pr\u00e9sent\u00e9e en enveloppe timbr\u00e9e d\u2019artiste, pr\u00eat \u00e0 poster. 500 ex.<br \/>\nTirage de T\u00eate en coffret \u00ab\u00a0Beaux livres\u00a0\u00bb : Tirage de 4 ex., 1 froiss\u00e9 original 50x50cm,\u00a0: 160\u20ac<\/p>\n<p>Collection \u00ab\u00a0ficelle\u00a0\u00bb &#8211; format 10 x 15 cm \u2013 32 pages \u2013 broch\u00e9 sous enveloppe. \u2013<\/p>\n<p>Mise en vente\u00a0: Juillet 2013<\/p>\n","protected":false},"excerpt":{"rendered":"<p>Aut.:Patrice Maltaverne &#8211; ill.: Vincent Rougier &#8211; Photos de dessins froiss\u00e9s.<br \/>\nISBN 2-913040-96-9<\/p>\n<p>po\u00e9sie du voyage<br \/>\nChronique suivie de po\u00e8mes.<br \/>\nPas de quartier, Le fl\u00e2neur de Vienne existe.<\/p>\n<p>&#8230;\/\/<\/p>\n<p>Nous voici arriv\u00e9s \u00e0 Vienne, ancienne capitale de l\u2019empire austro-hongrois.\u00a0 Comment ?<br \/>\nC\u2019est tr\u00e8s simple\u2026<\/p>\n<p>\/\/&#8230;<\/p>\n","protected":false},"featured_media":122,"template":"","meta":[],"product_brand":[],"product_cat":[15],"product_tag":[54,40],"class_list":{"0":"post-121","1":"product","2":"type-product","3":"status-publish","4":"has-post-thumbnail","6":"product_cat-revue-ficelleplisurgents","7":"product_tag-patrice-maltaverne","8":"product_tag-vincent-rougier","10":"first","11":"instock","12":"shipping-taxable","13":"purchasable","14":"product-type-simple"},"_links":{"self":[{"href":"http:\/\/www.rougier-atelier.com\/index.php?rest_route=\/wp\/v2\/product\/121","targetHints":{"allow":["GET"]}}],"collection":[{"href":"http:\/\/www.rougier-atelier.com\/index.php?rest_route=\/wp\/v2\/product"}],"about":[{"href":"http:\/\/www.rougier-atelier.com\/index.php?rest_route=\/wp\/v2\/types\/product"}],"wp:featuredmedia":[{"embeddable":true,"href":"http:\/\/www.rougier-atelier.com\/index.php?rest_route=\/wp\/v2\/media\/122"}],"wp:attachment":[{"href":"http:\/\/www.rougier-atelier.com\/index.php?rest_route=%2Fwp%2Fv2%2Fmedia&parent=121"}],"wp:term":[{"taxonomy":"product_brand","embeddable":true,"href":"http:\/\/www.rougier-atelier.com\/index.php?rest_route=%2Fwp%2Fv2%2Fproduct_brand&post=121"},{"taxonomy":"product_cat","embeddable":true,"href":"http:\/\/www.rougier-atelier.com\/index.php?rest_route=%2Fwp%2Fv2%2Fproduct_cat&post=121"},{"taxonomy":"product_tag","embeddable":true,"href":"http:\/\/www.rougier-atelier.com\/index.php?rest_route=%2Fwp%2Fv2%2Fproduct_tag&post=121"}],"curies":[{"name":"wp","href":"https:\/\/api.w.org\/{rel}","templated":true}]}}