{"id":123,"date":"2014-01-31T16:05:47","date_gmt":"2014-01-31T15:05:47","guid":{"rendered":"http:\/\/www.rougier-atelier.com\/2014\/?post_type=product&#038;p=123"},"modified":"2014-05-27T17:49:28","modified_gmt":"2014-05-27T16:49:28","slug":"ficelle-n115-moodmachine","status":"publish","type":"product","link":"http:\/\/www.rougier-atelier.com\/?product=ficelle-n115-moodmachine","title":{"rendered":"Ficelle n\u00b0115 &#8211; MOODMACHINE"},"content":{"rendered":"<p>\u00c9lisabeth Ross\u00e9<br \/>\nConsuelo de Mont Marin, gravure et dessins<br \/>\nPo\u00e9sie \/ performance<\/p>\n<p>Chaque po\u00e8me est d\u00e9di\u00e9 \u00e0 une consonne,<br \/>\ndes sons pour trouver des mots puis des mots<br \/>\npour donner du sens&#8230;<br \/>\nPuis \u00ab\u00a0virer le trop-plein\u00a0\u00bb, il en reste Mood machine.<br \/>\n\u00c9lisabeth Ross\u00e9.<br \/>\nDoctorante en ethnologie, auteur musicienne.<br \/>\nCompagnie Mood machine.<br \/>\n<a href=\"http:\/\/www.moodmachine.org\/\" target=\"_blank\">http:\/\/www.moodmachine.org\/<\/a><\/p>\n<p>MOODMACHINE existe sous forme de trio, avec voix, saxophone (Quentin Biardeau), et Percussions (Th\u00e9o Lanau).<br \/>\nConsuelo de Mont Marin.<br \/>\nLe monde fantastique que pr\u00e9sente cette artiste cr\u00e9e une nouvelle mythologie o\u00f9 d&rsquo;un abime \u00e0 l&rsquo;autre, du rire au frisson, du r\u00eave \u00e0 l&rsquo;angoisse, l&rsquo;homme\u00a0&#8230;<br \/>\n<a href=\"http:\/\/montmart.org\/mont_marin\/\" target=\"_blank\">http:\/\/montmart.org\/mont_marin\/<\/a><\/p>\n<p>Genre\u00a0: Po\u00e9sie\/livre d\u2019artiste, broch\u00e9, pr\u00e9sent\u00e9e en enveloppe timbr\u00e9e d\u2019artiste, pr\u00eat \u00e0 poster. 500 ex.<br \/>\nTirage de T\u00eate en coffret\u00a0: Tirage de 15 ex., 2 gravures originales, 1 froiss\u00e9, le sous-verre et le CD coffret\u00a0: 80\u20ac<br \/>\nCollection \u00ab\u00a0ficelle\u00a0\u00bb &#8211; format 10 x 15 cm \u2013 48 pages \u2013 broch\u00e9 sous enveloppe. \u2013<br \/>\nMise en vente\u00a0: Novembre 2013<\/p>\n","protected":false},"excerpt":{"rendered":"<p>Aut : Elisabeth Ross\u00e9 &#8211; ill.: Consuelo de Mont Marin &#8211; ISBN 9782913040977<br \/>\n40 p. couleurs. Broch\u00e9. Enveloppe timbr\u00e9e d&rsquo;artiste.<br \/>\nPo\u00e9sie performance<\/p>\n","protected":false},"featured_media":124,"template":"","meta":[],"product_brand":[],"product_cat":[15],"product_tag":[45,55,237,231,162,233,232],"class_list":{"0":"post-123","1":"product","2":"type-product","3":"status-publish","4":"has-post-thumbnail","6":"product_cat-revue-ficelleplisurgents","7":"product_tag-consuello-de-mont-marin","8":"product_tag-elisabeth-rosse","9":"product_tag-ficelle","10":"product_tag-mood-machine","11":"product_tag-moodmachine","12":"product_tag-performance","13":"product_tag-poesie","15":"first","16":"instock","17":"shipping-taxable","18":"purchasable","19":"product-type-simple"},"_links":{"self":[{"href":"http:\/\/www.rougier-atelier.com\/index.php?rest_route=\/wp\/v2\/product\/123","targetHints":{"allow":["GET"]}}],"collection":[{"href":"http:\/\/www.rougier-atelier.com\/index.php?rest_route=\/wp\/v2\/product"}],"about":[{"href":"http:\/\/www.rougier-atelier.com\/index.php?rest_route=\/wp\/v2\/types\/product"}],"wp:featuredmedia":[{"embeddable":true,"href":"http:\/\/www.rougier-atelier.com\/index.php?rest_route=\/wp\/v2\/media\/124"}],"wp:attachment":[{"href":"http:\/\/www.rougier-atelier.com\/index.php?rest_route=%2Fwp%2Fv2%2Fmedia&parent=123"}],"wp:term":[{"taxonomy":"product_brand","embeddable":true,"href":"http:\/\/www.rougier-atelier.com\/index.php?rest_route=%2Fwp%2Fv2%2Fproduct_brand&post=123"},{"taxonomy":"product_cat","embeddable":true,"href":"http:\/\/www.rougier-atelier.com\/index.php?rest_route=%2Fwp%2Fv2%2Fproduct_cat&post=123"},{"taxonomy":"product_tag","embeddable":true,"href":"http:\/\/www.rougier-atelier.com\/index.php?rest_route=%2Fwp%2Fv2%2Fproduct_tag&post=123"}],"curies":[{"name":"wp","href":"https:\/\/api.w.org\/{rel}","templated":true}]}}