{"id":1278,"date":"2016-07-29T07:58:32","date_gmt":"2016-07-29T06:58:32","guid":{"rendered":"http:\/\/www.rougier-atelier.com\/?post_type=product&#038;p=1278"},"modified":"2019-01-09T10:44:16","modified_gmt":"2019-01-09T09:44:16","slug":"ficelle-125-bazar-poetique","status":"publish","type":"product","link":"http:\/\/www.rougier-atelier.com\/?product=ficelle-125-bazar-poetique","title":{"rendered":"ficelle 126 &#8211; BAZAR PO\u00c9TIQUE"},"content":{"rendered":"<p><strong>Alain Fontaine<\/strong>&#8230;\u00a0\u00bb<b>U<\/b>n z\u00e8bre aveugle nomm\u00e9 Corn\u00e9lius celui du <i>Dr Mabuse<\/i>, celui de <i>La plan\u00e8te des singes<\/i>, le Mabuse\u00a0 ministre de la magie dans Harry Potter de J.K.Rowling, celui du sergent dans la bande dessin\u00e9e \u00ab\u00a0<i>Les tuniques bleues<\/i>\u00ab\u00a0, celui de la sagesse \u00ab\u00a0<i>conseiller de Babar\u00a0\u00bb<\/i> cr\u00e9\u00e9 par C\u00e9cile de Brunhoff, de Gustave Le Rouge dans Le Myst\u00e9rieux Docteur Corn\u00e9lius ?&#8230;<br \/>\nNi cin\u00e9ma ni bande dessin\u00e9e, ici c&rsquo;est le z\u00e8bre Corn\u00e9lius, celui du Bazar po\u00e9tique.<br \/>\n<b>Alain Fontaine <\/b>:<\/p>\n<p>Echapp\u00e9 d&rsquo;un troupeau de z\u00e8bres (comprenne qui pourra !) Alain Fontaine est n\u00e9 en 1958 \u00e0 Namur. Belge et fier de l&rsquo;\u00eatre, il s&rsquo;int\u00e9resse \u00e0 l&rsquo;\u00e2me humaine depuis son adolescence. Il en fera son (ses) m\u00e9tier (s) : formateur, intervenant en ressources humaines, psychoth\u00e9rapeute, intervenant \u00e0 l&rsquo;universit\u00e9.<br \/>\nPassionn\u00e9 et avide de d\u00e9couverte et de plaisir, la Vie lui a attribu\u00e9 son tripe A : Apprendre, Aider, Aimer.<br \/>\nSes explorations l&rsquo;ont conduit \u00e0 l&rsquo;informatique, au tournage d&rsquo;art sur bois, \u00e0 la musique, la gravure laser, la fonderie d&rsquo;art et bien \u00e9videmment l&rsquo;\u00e9criture.<br \/>\nSes premiers essais po\u00e9tiques datent de l&rsquo;adolescence. Depuis, il n&rsquo;a jamais cess\u00e9 de jouer avec les mots et les maux mis en mots, tant\u00f4t avec \u00e9motion, tant\u00f4t avec irr\u00e9v\u00e9rence ou fac\u00e9tie, souvent avec auto d\u00e9rision, toujours avec engagement et tendresse.<br \/>\nIl s&rsquo;inspire du quotidien pour nourrir son esprit vagabond : un enfant qui laisse filer le sable entre<br \/>\nses doigts, un homme solitaire plant\u00e9 face \u00e0 la mer, une prise de bec entre deux pouetpouets, une musique qui envahit la ville, \u2026<br \/>\nIl vit depuis plus de 20 ans en Loire Atlantique, au fond des bois.<br \/>\nEn 2014, il publie son premier livre aux \u00e9ditions 1000 Plumes : \u201c36 chandelles\u201d. Trente six contes pour adultes, histoire de s&rsquo;interroger et d&rsquo;interroger sa vision du monde.<br \/>\nDeux recueils de po\u00e9sies et un conte initiatique cherchent un \u00e9diteur (avis \u00e0 eux!).<br \/>\nUne bande dessin\u00e9e d&rsquo;un psy d\u00e9jant\u00e9 dort encore dans ses cartons en attendant de trouver le bon illustrateur.<br \/>\nUn CD de po\u00e8mes mis en musique est en gestation et devrait na\u00eetre bient\u00f4t.<br \/>\nIl aime \u00e0 r\u00e9p\u00e9ter (\u00e0 radoter vu son \u00e2ge !) Cet adage du grand po\u00e8te russe Niala Eniatnof :<br \/>\n\u201c<i>Si la Vie ne t&rsquo;a rien donn\u00e9, c&rsquo;est que tu ne lui as rien demand\u00e9<\/i>.\u201d<\/p>\n<p><b>Doubles et hybrides<\/b>. Dessins\u00a0 aquarelle.<br \/>\nPour <strong>Carol Riu<\/strong> para\u00eetre c\u2019est dispara\u00eetre mais pour rena\u00eetre en \u00ab\u00a0monstres\u00a0\u00bb \u2013 pas forc\u00e9ment affreux. Voire le contraire. Le regardeur s&rsquo;approche pr\u00e8s de la femme ; elle est la revenante \u00e9ternelle, l\u2019\u00e9cume de l\u2019interrogation, l\u2019attraction universelle.<br \/>\n<b>Carol Riu<\/b> : \u00a0 \u00a0 \u00a0 <a title=\"http:\/\/www.carolriu.com\" href=\"http:\/\/www.carolriu.com\">www.carolriu.com<\/a><br \/>\n2012 Stage de gravure Ecole Nationale Sup\u00e9rieure Estienne Paris.<br \/>\n1992\/1998 Ecole Nationale Sup\u00e9rieure des Beaux Arts de Paris.<br \/>\nAteliers Dessin et Peinture (J-M. Alberola,<br \/>\nC. Benzaken, V. Bioul\u00e8s).<br \/>\nDipl\u00f4me national sup\u00e9rieur d\u2019arts plastiques<br \/>\n1995 College of Fine Art, Universit\u00e9 de Carnegie Mellon, PA, U.S.A.<br \/>\nCours de Dessin, Anatomie, Peinture<br \/>\n1991\/1994 Ecole d\u2019Arts Plastiques de Saint-Denis<br \/>\nAtelier Peinture (J.R. Joly).<br \/>\n1986\/1991 Ecole Sup\u00e9rieure des Arts Appliqu\u00e9s Duperr\u00e9 (ESAA).<br \/>\nBrevet de Technicien Sup\u00e9rieur \u00ab\u00a0Art textile et impression\u00a0\u00bb (1991).<br \/>\nDipl\u00f4me de fin d\u2019\u00e9tudes de dessin et d\u2019arts appliqu\u00e9s (1989).<br \/>\n<b>Expositions collectives<\/b><br \/>\n2015 Minimenta \u2013 Galerie keller<br \/>\n2012 Salon d\u2019art Lilart &#8211; les lilas<br \/>\nGalerie Keller- Festival Bastille libre<br \/>\nArt cit\u00e9 Fontenay &#8211; Fontenay sous bois<br \/>\n2011 Galerie Keller &#8211; Festival Bastille libre<br \/>\n2009 Galerie Keller &#8211; 13 rue Keller- Paris<br \/>\n2008 Galerie Keller &#8211; 13 rue Keller- Paris<br \/>\n2006 Salon d\u2019art contemporain &#8211; Dammarie-l\u00e8s-lys<br \/>\n2005 Ofivalmo &#8211; Banque Priv\u00e9e &#8211; Paris<br \/>\n2005 Galerie \u00ab Peinture fra\u00eeche \u00bb &#8211; 29, rue de Bourgogne- Paris<br \/>\n2004 Portes ouvertes \u00ab\u00a0Ateliers de M\u00e9nilmontant\u00a0\u00bb &#8211; Paris<br \/>\n2002 Laur\u00e9at du 8\u00e8me concours d\u2019art plastique de Divonne-les-Bains (Ain)<br \/>\nMairie de Divonne-les-Bains<br \/>\n2001 Portes ouvertes \u00ab\u00a0Ateliers de M\u00e9nilmontant\u00a0\u00bb &#8211; Paris<br \/>\n1998 Laur\u00e9at de la<br \/>\n fondation Yoshii<br \/>\nGalerie Yoshii, 8 avenue Matignon &#8211; Paris<\/p>\n","protected":false},"excerpt":{"rendered":"<p>Aut.: Alain Fontaine, ill.: Carol Riu (dessins) &#8211; 40p. couleurs<br \/>\nISSN ; 1252-5405<br \/>\nISBN : 979-10-93019-26-0<br \/>\nPo\u00e9sie du quotidien<\/p>\n","protected":false},"featured_media":1279,"template":"","meta":[],"product_brand":[],"product_cat":[16,15],"product_tag":[434,436,435,437],"class_list":{"0":"post-1278","1":"product","2":"type-product","3":"status-publish","4":"has-post-thumbnail","6":"product_cat-les-editions","7":"product_cat-revue-ficelleplisurgents","8":"product_tag-alain-fontaine","9":"product_tag-bazar-poetique","10":"product_tag-carol-riu","11":"product_tag-ficelle-n126","13":"first","14":"instock","15":"shipping-taxable","16":"purchasable","17":"product-type-simple"},"_links":{"self":[{"href":"http:\/\/www.rougier-atelier.com\/index.php?rest_route=\/wp\/v2\/product\/1278","targetHints":{"allow":["GET"]}}],"collection":[{"href":"http:\/\/www.rougier-atelier.com\/index.php?rest_route=\/wp\/v2\/product"}],"about":[{"href":"http:\/\/www.rougier-atelier.com\/index.php?rest_route=\/wp\/v2\/types\/product"}],"wp:featuredmedia":[{"embeddable":true,"href":"http:\/\/www.rougier-atelier.com\/index.php?rest_route=\/wp\/v2\/media\/1279"}],"wp:attachment":[{"href":"http:\/\/www.rougier-atelier.com\/index.php?rest_route=%2Fwp%2Fv2%2Fmedia&parent=1278"}],"wp:term":[{"taxonomy":"product_brand","embeddable":true,"href":"http:\/\/www.rougier-atelier.com\/index.php?rest_route=%2Fwp%2Fv2%2Fproduct_brand&post=1278"},{"taxonomy":"product_cat","embeddable":true,"href":"http:\/\/www.rougier-atelier.com\/index.php?rest_route=%2Fwp%2Fv2%2Fproduct_cat&post=1278"},{"taxonomy":"product_tag","embeddable":true,"href":"http:\/\/www.rougier-atelier.com\/index.php?rest_route=%2Fwp%2Fv2%2Fproduct_tag&post=1278"}],"curies":[{"name":"wp","href":"https:\/\/api.w.org\/{rel}","templated":true}]}}