{"id":1292,"date":"2024-08-25T15:10:02","date_gmt":"2024-08-25T14:10:02","guid":{"rendered":"http:\/\/www.rougier-atelier.com\/?post_type=product&#038;p=1292"},"modified":"2024-08-28T08:10:12","modified_gmt":"2024-08-28T07:10:12","slug":"lettres-perdues-courriers-accidentes","status":"publish","type":"product","link":"http:\/\/www.rougier-atelier.com\/?product=lettres-perdues-courriers-accidentes","title":{"rendered":"LETTRES PERDUES &#8211; Courriers accident\u00e9s"},"content":{"rendered":"<p>Une prose po\u00e9tique inhabituelle, Jacques Br\u00e9mond<br \/>\nest po\u00e8te, \u00e9diteur et collectionneur de&#8230;<br \/>\nNd\u00e9<br \/>\n\/\/Enveloppe de petite taille. Sans doute contenait-elle un bristol (annon\u00e7ant) la visite ou l\u2019annonce d\u2019une prochaine rencontre (,) un heureux \u00e9v\u00e9nement chez les amis (r\u00e9sidant en) banlieue parisienne. Carte avec une \u00e9criture fine d\u00e9li\u00e9e comme on savait alors \u00e9crire chez les gens de bonne \u00e9ducation. Lettre salie br\u00fbl\u00e9e. Griff\u00e9e de rouge gras sur deux lignes \u2014 D\u00e9t\u00e9rior\u00e9e accidentellement \/ dans le service. Mani\u00e8re pudique pour signaler l\u2019incident accident. Presqu\u2019avec les excuses de l\u2019administration ! Dire le camion renvers\u00e9 le chauffeur mort ou le train postal en flammes ou encore plus vraisemblablement l\u2019avion de nuit de l\u2019A\u00e9ropostale \u00e9cras\u00e9 en bout de piste tarmac en feu noy\u00e9 sous les lances incendie et les mousses blanches. Sac sauv\u00e9 in extremis. Le courrier transmis \u00e0 bon port dans l\u2019H\u00e9rault.<br \/>\nLa vieille dame rieuse que j\u2019ai connue avait re\u00e7u de bonnes nouvelles \u00e0 l\u2019int\u00e9rieur de cette enveloppe d\u00e9t\u00e9rior\u00e9e accidentellement&#8230; Elle en remercia m\u00eame le facteur.<br \/>\nQue penser de la fleur dessin\u00e9e sur la flamme postale ? Zone \u00e0 risque ? Zone rouge ? Et des fleurs de lys et de la barque voile gonfl\u00e9e symbole de pr\u00e9tention blason de la ville&#8230;\/\/<br \/>\n<strong>Jacques Br\u00e9mond<\/strong><\/p>\n<blockquote><p>Bibliographie s\u00e9lective :<br \/>\nD\u00e9j\u00e0 dans ficelle \u00e9d. Rougier V. n\u00b026, \u00abPetite contribution pour servir \u00e0 l\u2019histoire de Gracius Savonus\u00bb ; n\u00b070. \u00abOutils\u00bb illustr\u00e9 par Anne Slacik.<br \/>\n&#8211; Partage, \u00c9ditions Voiex, 1975.<br \/>\n&#8211; Guillaume des ors, \u00c9d. Le D\u00e9 Bleu, 1981.<br \/>\n&#8211; Les Cendres li\u00e9es, \u00c9d. Tribu, 1984.<br \/>\n&#8211; Au partage des eaux, \u00c9d. La Bartavelle, 1987.<br \/>\n&#8211; Dans le coton de la nuit, in \u00ab La Haute Vall\u00e9e de l\u2019H\u00e9rault \u00bb, Saint-Martin de Londres, 1988.<br \/>\n&#8211; Cette ville aux quinze portes, \u00c9d. La Bartavelle, 1990.<br \/>\n&#8211; O vos mains d\u2019amour, in \u00ab L\u2019invers\u00e9e d\u2019EBS \u00bb, \u00c9d. L\u2019Atelier des Grames, 1991.<br \/>\n&#8211; Dans le remuement de la terre, \u00c9d. Brandes, 1991.<br \/>\n&#8211; Sous le bruit de la dalle, \u00c9d de l\u2019Eau, 1992.<br \/>\n&#8211; Quelle nuit : mes tombeaux ? \u00c9d. Kar\u00e9dys, 1992.<br \/>\n&#8211; Toro, \u00e9ditions Cadex, 1995.<br \/>\n&#8211; Ce visage, \u00e9ditions Wigwam 2009, 2010.<\/p><\/blockquote>\n","protected":false},"excerpt":{"rendered":"<p><strong>PU n\u00b041 &#8211; Aut.: Jacques Br\u00e9mond<\/strong> &#8211; ISBN 9791093019208 &#8211; 44 p. Broch\u00e9 &#8211; papier verg\u00e9.<br \/>\nUne prose po\u00e9tique inhabituelle, Jacques Br\u00e9mond<br \/>\nest po\u00e8te, <a href=\"https:\/\/editions-jacques-bremond.fr\"><strong>\u00e9diteur<\/strong><\/a> et collectionneur de&#8230;<\/p>\n","protected":false},"featured_media":1293,"template":"","meta":[],"product_brand":[],"product_cat":[16,15,17],"product_tag":[442,446,443,445,444,766],"class_list":{"0":"post-1292","1":"product","2":"type-product","3":"status-publish","4":"has-post-thumbnail","6":"product_cat-les-editions","7":"product_cat-revue-ficelleplisurgents","8":"product_cat-plis-urgents","9":"product_tag-442","10":"product_tag-bremond","11":"product_tag-bremond-jacques","12":"product_tag-courriers-accidentes","13":"product_tag-lettres-perdues","14":"product_tag-lettres-retrouvees","16":"first","17":"instock","18":"shipping-taxable","19":"purchasable","20":"product-type-simple"},"_links":{"self":[{"href":"http:\/\/www.rougier-atelier.com\/index.php?rest_route=\/wp\/v2\/product\/1292","targetHints":{"allow":["GET"]}}],"collection":[{"href":"http:\/\/www.rougier-atelier.com\/index.php?rest_route=\/wp\/v2\/product"}],"about":[{"href":"http:\/\/www.rougier-atelier.com\/index.php?rest_route=\/wp\/v2\/types\/product"}],"wp:featuredmedia":[{"embeddable":true,"href":"http:\/\/www.rougier-atelier.com\/index.php?rest_route=\/wp\/v2\/media\/1293"}],"wp:attachment":[{"href":"http:\/\/www.rougier-atelier.com\/index.php?rest_route=%2Fwp%2Fv2%2Fmedia&parent=1292"}],"wp:term":[{"taxonomy":"product_brand","embeddable":true,"href":"http:\/\/www.rougier-atelier.com\/index.php?rest_route=%2Fwp%2Fv2%2Fproduct_brand&post=1292"},{"taxonomy":"product_cat","embeddable":true,"href":"http:\/\/www.rougier-atelier.com\/index.php?rest_route=%2Fwp%2Fv2%2Fproduct_cat&post=1292"},{"taxonomy":"product_tag","embeddable":true,"href":"http:\/\/www.rougier-atelier.com\/index.php?rest_route=%2Fwp%2Fv2%2Fproduct_tag&post=1292"}],"curies":[{"name":"wp","href":"https:\/\/api.w.org\/{rel}","templated":true}]}}