{"id":1310,"date":"2016-09-18T10:14:21","date_gmt":"2016-09-18T09:14:21","guid":{"rendered":"http:\/\/www.rougier-atelier.com\/?post_type=product&#038;p=1310"},"modified":"2017-01-14T10:34:19","modified_gmt":"2017-01-14T09:34:19","slug":"ficelle-theatre-dromadaire","status":"publish","type":"product","link":"http:\/\/www.rougier-atelier.com\/?product=ficelle-theatre-dromadaire","title":{"rendered":"ficelle Th\u00e9\u00e2tre &#8211; DROMADAIRE"},"content":{"rendered":"<p>Dans ce th\u00e9\u00e2tre de l\u2019absurde, ce soliloque, l\u2019auteur, face une pens\u00e9e d\u00e9blat\u00e9rante, (pourfendeur des contidiens), nous propose un dromadaire butineur du bon sens devant l\u2019<em>impesticide<\/em> et qui se prom\u00e8ne aujourd\u2019hui \u00e0 la ville o\u00f9 il prend l\u2019huile solaire pour des fleurs de tiar\u00e9 dans une civilisation de nylon.<br \/>\nNd\u00e9<\/p>\n<p>\/\/ (Noir; en sc\u00e8ne; musique; lumi\u00e8re)<\/p>\n<p>Si vous voyez un dromadaire sonner \u00e0 la porte de votre appartement, ce n\u2019est pas un mirage, juste un dromadaire qui s\u2019est tromp\u00e9 d\u2019\u00e9tage.<\/p>\n<p>(Noir)<\/p>\n<p>(Fauteuil; lumi\u00e8re)<\/p>\n<p>Les chances qu\u2019un dromadaire sonne \u00e0 votre porte sont rares et lorsque cela arrive, vous avez du mal \u00e0 y croire. Vous pensez avoir mal vu, que l\u2019on vous fait une blague, que ce n\u2019est pas un dromadaire, qu\u2019il ne s\u2019est pas tromp\u00e9 d\u2019\u00e9tage. Vous vous demandez comment fait le dromadaire pour sonner \u00e0 une porte, alors que la r\u00e9ponse est simple : <\/p>\n<p>(Debout)<\/p>\n<p>Il avance et il appuie. Et si vous pensez que c\u2019est impossible, qui parmi vous a d\u00e9j\u00e0 vu un dromadaire ne pas r\u00e9ussir \u00e0 appuyer sur une sonnette ?<\/p>\n<p>     &#8230;\/\/<\/p>\n","protected":false},"excerpt":{"rendered":"<p>Aut.: Fran\u00e7ois Vinsot<br \/>\nLivre broch\u00e9 en jaquette, 300 ex.<br \/>\n44 p., 10.5 x 15 cm, papier DCP, couverture \u00e0 trois rabats.<br \/>\nTirage courant : 9\u20ac.<br \/>\nISBN 979-10-93019-28-4<\/p>\n","protected":false},"featured_media":1311,"template":"","meta":[],"product_brand":[],"product_cat":[16,447,15],"product_tag":[451,449,448,450],"class_list":{"0":"post-1310","1":"product","2":"type-product","3":"status-publish","4":"has-post-thumbnail","6":"product_cat-les-editions","7":"product_cat-ficelle-theatre","8":"product_cat-revue-ficelleplisurgents","9":"product_tag-451","10":"product_tag-dromadaire","11":"product_tag-francois-vinsot","12":"product_tag-theatre","14":"first","15":"instock","16":"shipping-taxable","17":"purchasable","18":"product-type-simple"},"_links":{"self":[{"href":"http:\/\/www.rougier-atelier.com\/index.php?rest_route=\/wp\/v2\/product\/1310","targetHints":{"allow":["GET"]}}],"collection":[{"href":"http:\/\/www.rougier-atelier.com\/index.php?rest_route=\/wp\/v2\/product"}],"about":[{"href":"http:\/\/www.rougier-atelier.com\/index.php?rest_route=\/wp\/v2\/types\/product"}],"wp:featuredmedia":[{"embeddable":true,"href":"http:\/\/www.rougier-atelier.com\/index.php?rest_route=\/wp\/v2\/media\/1311"}],"wp:attachment":[{"href":"http:\/\/www.rougier-atelier.com\/index.php?rest_route=%2Fwp%2Fv2%2Fmedia&parent=1310"}],"wp:term":[{"taxonomy":"product_brand","embeddable":true,"href":"http:\/\/www.rougier-atelier.com\/index.php?rest_route=%2Fwp%2Fv2%2Fproduct_brand&post=1310"},{"taxonomy":"product_cat","embeddable":true,"href":"http:\/\/www.rougier-atelier.com\/index.php?rest_route=%2Fwp%2Fv2%2Fproduct_cat&post=1310"},{"taxonomy":"product_tag","embeddable":true,"href":"http:\/\/www.rougier-atelier.com\/index.php?rest_route=%2Fwp%2Fv2%2Fproduct_tag&post=1310"}],"curies":[{"name":"wp","href":"https:\/\/api.w.org\/{rel}","templated":true}]}}