{"id":1320,"date":"2016-11-14T15:02:16","date_gmt":"2016-11-14T14:02:16","guid":{"rendered":"http:\/\/www.rougier-atelier.com\/?post_type=product&#038;p=1320"},"modified":"2016-11-14T19:23:57","modified_gmt":"2016-11-14T18:23:57","slug":"ripoux-emes-collectif-proses-et-poemes","status":"publish","type":"product","link":"http:\/\/www.rougier-atelier.com\/?product=ripoux-emes-collectif-proses-et-poemes","title":{"rendered":"Ripou&rsquo;x-\u00e8mes &#8211; collectif &#8211; proses et po\u00e8mes"},"content":{"rendered":"<p><strong>Avec nos po\u00e8tes <\/strong>: Claude Astier \u2014Yves Barr\u00e9 \u2014 Bertille Berthier \u2014Daniel Birnbaum \u2014 Christian Cavaill\u00e9 \u2014 Patricia Castex Menier_\u2014Jean-Fran\u00e7ois Clapeau \u2014 Etienne Cornevin \u2014 Monique Domergue \u2014 Alain Fontaine \u2014 Luc Gu\u00e9n\u00e9e \u2014 Alain Jadot \u2014 Constantin Ka\u00eft\u00e9ris \u2014 Marc Kober \u2014 Roger Lahu \u2014 Xavier Le Floch \u2014 Patrick Ledivenah \u2014 Christophe Levis \u2014 Emmanuelle Ly \u2014 Dominique Mac-Avoy \u2014 Nicolas Maier \u2014 Patrice Maltaverne \u2014 Denise Mi\u00e8ge \u2014 Jean-Pierre \u2014 Nedelec \u2014 Sabine P\u00e9glion \u2014 Pierre Rosin \u2014 Jean-Claude Touzeil \u2014 Francine Vincent-Dard.<\/p>\n","protected":false},"excerpt":{"rendered":"<p>PU43 &#8211; ISBN 9791093019222 &#8211; 52 p., 300ex. Broch\u00e9 cousu.<\/p>\n<p>Exercices po\u00e9tiques sur le th\u00e8me\u00a0: Ripou\u2019x :<\/p>\n<p><em>Le mot ripou pr\u00e9sente la particularit\u00e9 d\u2019avoir un pluriel en \u00ab-ous\u00bb et en \u00ab-oux\u00bb&#8230;<\/em> Entr\u00e9 dans le dictionnaire avec le troisi\u00e8me mill\u00e9naire&#8230;<\/p>\n<p>Seuls sept mots fran\u00e7ais en \u00ab-ou\u00bb ont leur pluriel en \u00ab-oux\u00bb au lieu de \u00ab-ous\u00bb :<\/p>\n<p>Bijou, caillou, chou, genou, hibou, joujou, pou. <em>Viens ripou mon chou, mon bijou, mon joujou, sur mes genoux, et jette des cailloux \u00e0 ce hibou plein de poux. <\/em><\/p>\n","protected":false},"featured_media":1321,"template":"","meta":[],"product_brand":[],"product_cat":[16,15,17],"product_tag":[452,440],"class_list":{"0":"post-1320","1":"product","2":"type-product","3":"status-publish","4":"has-post-thumbnail","6":"product_cat-les-editions","7":"product_cat-revue-ficelleplisurgents","8":"product_cat-plis-urgents","9":"product_tag-452","10":"product_tag-ripoueme","12":"first","13":"instock","14":"shipping-taxable","15":"purchasable","16":"product-type-simple"},"_links":{"self":[{"href":"http:\/\/www.rougier-atelier.com\/index.php?rest_route=\/wp\/v2\/product\/1320","targetHints":{"allow":["GET"]}}],"collection":[{"href":"http:\/\/www.rougier-atelier.com\/index.php?rest_route=\/wp\/v2\/product"}],"about":[{"href":"http:\/\/www.rougier-atelier.com\/index.php?rest_route=\/wp\/v2\/types\/product"}],"wp:featuredmedia":[{"embeddable":true,"href":"http:\/\/www.rougier-atelier.com\/index.php?rest_route=\/wp\/v2\/media\/1321"}],"wp:attachment":[{"href":"http:\/\/www.rougier-atelier.com\/index.php?rest_route=%2Fwp%2Fv2%2Fmedia&parent=1320"}],"wp:term":[{"taxonomy":"product_brand","embeddable":true,"href":"http:\/\/www.rougier-atelier.com\/index.php?rest_route=%2Fwp%2Fv2%2Fproduct_brand&post=1320"},{"taxonomy":"product_cat","embeddable":true,"href":"http:\/\/www.rougier-atelier.com\/index.php?rest_route=%2Fwp%2Fv2%2Fproduct_cat&post=1320"},{"taxonomy":"product_tag","embeddable":true,"href":"http:\/\/www.rougier-atelier.com\/index.php?rest_route=%2Fwp%2Fv2%2Fproduct_tag&post=1320"}],"curies":[{"name":"wp","href":"https:\/\/api.w.org\/{rel}","templated":true}]}}