{"id":137,"date":"2013-12-31T16:28:59","date_gmt":"2013-12-31T15:28:59","guid":{"rendered":"http:\/\/www.rougier-atelier.com\/2014\/?post_type=product&#038;p=137"},"modified":"2021-03-23T15:34:32","modified_gmt":"2021-03-23T14:34:32","slug":"plis-urgents-n8-lesperluette-le-couillard","status":"publish","type":"product","link":"http:\/\/www.rougier-atelier.com\/?product=plis-urgents-n8-lesperluette-le-couillard","title":{"rendered":"Plis Urgents n\u00b08 &#8211; L\u2019esperluette &#038; le couillard"},"content":{"rendered":"<p>\u00ab\u00a0Au commencement fut le couillard et sa petite couille fut dieu. Il put clore un chapitre dans l\u2019argot typographe, ou encore un paragraphe, ou orna un livre de riches heures.<br \/>\nSouvent son filet fut simple :<br \/>\n\t\u2014\u2014\u2014\u2014\u2014\u2014\u2014\u2014\u2014\u2014\u2014\u2014<br \/>\net sans recherche ou bien visuellement il eut toutes les formes<br \/>\n\t&#038;&#038;&#038;&#038;&#038;&#038;&#038;&#038;&#038;&#038;&#038;&#038;&#038;&#038;&#038;&#038;<br \/>\n\t&#038;&#038;&#038;&#038;&#038;&#038;&#038;&#038;&#038;&#038;&#038;&#038;&#038;&#038;&#038;&#038;<br \/>\nquand la plus belle est celle de la naissance avec une succession de la femme porteuse, voir le couillard ci dessus.\u00a0\u00bb<\/p>\n<p>De cet ouvrage, huiti\u00e8me de la collection<br \/>\nPLIS URGENTS, il a \u00e9t\u00e9 tir\u00e9 50 exemplaires de t\u00eate,<br \/>\nnum\u00e9rot\u00e9s 1 \u00e0 50 enrichis d\u2019une gravure originale sign\u00e9e<br \/>\nde Henri Chopin &#038; V.Rougier.<br \/>\nLe tirage de l\u2019\u00e9dition courante est limit\u00e9 \u00e0 500 ex. num\u00e9rot\u00e9s.<br \/>\n\u00a9 H.Chopin &#038; Rougier<\/p>\n","protected":false},"excerpt":{"rendered":"<p>Aut.: Henri Chopin\/Rougier &#8211; ISBN 9782913040756<br \/>\n28 p. Broch\u00e9 jaquette et planche de timbre d\u2019artiste.<br \/>\nPo\u00e9sie graph\u00e8mes.<\/p>\n","protected":false},"featured_media":138,"template":"","meta":[],"product_brand":[],"product_cat":[17],"product_tag":[59,307,664,40],"class_list":{"0":"post-137","1":"product","2":"type-product","3":"status-publish","4":"has-post-thumbnail","6":"product_cat-plis-urgents","7":"product_tag-henri-chopin","8":"product_tag-lesperluette","9":"product_tag-pu8","10":"product_tag-vincent-rougier","12":"first","13":"instock","14":"shipping-taxable","15":"purchasable","16":"product-type-simple"},"_links":{"self":[{"href":"http:\/\/www.rougier-atelier.com\/index.php?rest_route=\/wp\/v2\/product\/137","targetHints":{"allow":["GET"]}}],"collection":[{"href":"http:\/\/www.rougier-atelier.com\/index.php?rest_route=\/wp\/v2\/product"}],"about":[{"href":"http:\/\/www.rougier-atelier.com\/index.php?rest_route=\/wp\/v2\/types\/product"}],"wp:featuredmedia":[{"embeddable":true,"href":"http:\/\/www.rougier-atelier.com\/index.php?rest_route=\/wp\/v2\/media\/138"}],"wp:attachment":[{"href":"http:\/\/www.rougier-atelier.com\/index.php?rest_route=%2Fwp%2Fv2%2Fmedia&parent=137"}],"wp:term":[{"taxonomy":"product_brand","embeddable":true,"href":"http:\/\/www.rougier-atelier.com\/index.php?rest_route=%2Fwp%2Fv2%2Fproduct_brand&post=137"},{"taxonomy":"product_cat","embeddable":true,"href":"http:\/\/www.rougier-atelier.com\/index.php?rest_route=%2Fwp%2Fv2%2Fproduct_cat&post=137"},{"taxonomy":"product_tag","embeddable":true,"href":"http:\/\/www.rougier-atelier.com\/index.php?rest_route=%2Fwp%2Fv2%2Fproduct_tag&post=137"}],"curies":[{"name":"wp","href":"https:\/\/api.w.org\/{rel}","templated":true}]}}