{"id":141,"date":"2013-12-31T16:33:39","date_gmt":"2013-12-31T15:33:39","guid":{"rendered":"http:\/\/www.rougier-atelier.com\/2014\/?post_type=product&#038;p=141"},"modified":"2023-06-29T16:58:52","modified_gmt":"2023-06-29T15:58:52","slug":"plis-urgents-n17-sales-mouches","status":"publish","type":"product","link":"http:\/\/www.rougier-atelier.com\/?product=plis-urgents-n17-sales-mouches","title":{"rendered":"Plis Urgents n\u00b017 &#8211; Sales mouches"},"content":{"rendered":"<p>\u00ab\u00a0\/\/\u2026Le b\u00e9tail c\u2019est facile, on l\u2019encl\u00f4t.<br \/>\nOn ne parque pas les mouches, m\u00eame malades, m\u00eame vieilles\u00a0; nous sommes leurs prisonniers.<br \/>\nLes barbel\u00e9s sont l\u00e0, surtout quand on ne les voit plus (comme les mouches).<br \/>\nUn rien, ils resurgissent, se d\u00e9tachent des piquets, s\u2019enroulent, s\u2019enr\u00f4lent, se regroupent, se fondent, s\u2019emm\u00ealent, se \u2026<br \/>\nMouches &#8212; qui ne savez de l\u2019alphabet que sa derni\u00e8re lettre, et qui la sussurez de heures durant, \u00e0 en devenir d\u00e9biles.\/\/\u2026\u00a0\u00bb<\/p>\n<p>De cet ouvrage,<br \/>\nle dix-septi\u00e8me de la collection<br \/>\n\u00ab\u00a0PLIS URGENTS\u00a0\u00bb<br \/>\nIl a \u00e9t\u00e9 r\u00e9imprim\u00e9 500 exemplaires agr\u00e9ment\u00e9s d&rsquo;une planche timbre d&rsquo;artiste grav\u00e9 par l&rsquo;auteur et 50 ex. tirage de t\u00eate agr\u00e9ment\u00e9s d&rsquo;un gravure originale.<br \/>\nAtelier Rougier &#8211; Les Forettes \u00e0 Soligny la Trappe  61380 &#8211; France.<br \/>\n\u00a9 Les auteurs<br \/>\nD\u00e9p\u00f4t l\u00e9gal : 1993,<br \/>\n2004 pour la pr\u00e9sente impression<\/p>\n","protected":false},"excerpt":{"rendered":"<p>Aut.: Pascal Comm\u00e8re &#8211; ISBN 9782913040136<br \/>\n36 p. Broch\u00e9 jaquette et planche de timbre d\u2019artiste.<br \/>\nPo\u00e9sie du regard.<\/p>\n","protected":false},"featured_media":3100,"template":"","meta":[],"product_brand":[],"product_cat":[16,17],"product_tag":[61,306],"class_list":{"0":"post-141","1":"product","2":"type-product","3":"status-publish","4":"has-post-thumbnail","6":"product_cat-les-editions","7":"product_cat-plis-urgents","8":"product_tag-pascal-commere","9":"product_tag-sales-mouches","11":"first","12":"instock","13":"shipping-taxable","14":"purchasable","15":"product-type-simple"},"_links":{"self":[{"href":"http:\/\/www.rougier-atelier.com\/index.php?rest_route=\/wp\/v2\/product\/141","targetHints":{"allow":["GET"]}}],"collection":[{"href":"http:\/\/www.rougier-atelier.com\/index.php?rest_route=\/wp\/v2\/product"}],"about":[{"href":"http:\/\/www.rougier-atelier.com\/index.php?rest_route=\/wp\/v2\/types\/product"}],"wp:featuredmedia":[{"embeddable":true,"href":"http:\/\/www.rougier-atelier.com\/index.php?rest_route=\/wp\/v2\/media\/3100"}],"wp:attachment":[{"href":"http:\/\/www.rougier-atelier.com\/index.php?rest_route=%2Fwp%2Fv2%2Fmedia&parent=141"}],"wp:term":[{"taxonomy":"product_brand","embeddable":true,"href":"http:\/\/www.rougier-atelier.com\/index.php?rest_route=%2Fwp%2Fv2%2Fproduct_brand&post=141"},{"taxonomy":"product_cat","embeddable":true,"href":"http:\/\/www.rougier-atelier.com\/index.php?rest_route=%2Fwp%2Fv2%2Fproduct_cat&post=141"},{"taxonomy":"product_tag","embeddable":true,"href":"http:\/\/www.rougier-atelier.com\/index.php?rest_route=%2Fwp%2Fv2%2Fproduct_tag&post=141"}],"curies":[{"name":"wp","href":"https:\/\/api.w.org\/{rel}","templated":true}]}}