{"id":143,"date":"2013-12-31T16:35:39","date_gmt":"2013-12-31T15:35:39","guid":{"rendered":"http:\/\/www.rougier-atelier.com\/2014\/?post_type=product&#038;p=143"},"modified":"2019-12-17T18:34:29","modified_gmt":"2019-12-17T17:34:29","slug":"plis-urgents-n21-lambroisie-des-ombres-ambrees","status":"publish","type":"product","link":"http:\/\/www.rougier-atelier.com\/?product=plis-urgents-n21-lambroisie-des-ombres-ambrees","title":{"rendered":"Plis Urgents n\u00b021 &#8211; L&rsquo;ambroisie des ombres ambr\u00e9es"},"content":{"rendered":"<p>\u00ab\u00a0\/\/\u2026\tDans<br \/>\nles cabinets particuliers, les ombres gourmandes mangent l\u2019ambroisie \u00e0 la sauce ravigote,<br \/>\nou \u00e0 l\u2019essence des racines,<br \/>\nou \u00e0 la financi\u00e8re, ou \u00e0 la diable,<br \/>\nou au beurre d\u2019\u00e9crevisses,<br \/>\nou \u00e0 la croque au sel,<br \/>\nou aux truffes (sauce supr\u00eame),<br \/>\nou en marinade,<br \/>\nou \u00e0 la jardini\u00e8re,<br \/>\nou \u00e0 la soubise&#8230;<br \/>\nL\u2019ambroisie peut \u00eatre pan\u00e9e et grill\u00e9e \u00e0 la pur\u00e9e de c\u00e9leri; elle est parfois dite \u00e0 la Mar\u00e9chale, ou bien \u00e0 la Reine, ou encore \u00e0 la crapaudine&#8230;<br \/>\n.\/\/\u2026\u00a0\u00bb<\/p>\n<p><strong>Gilbert Lascault<\/strong><br \/>\nN\u00e9 en 1934 \u00e0 Strasbourg. Ecrivain, critique d&rsquo;art, professeur \u00e9m\u00e9rite (Philosophie de l&rsquo;art) \u00e0 l&rsquo;Universit\u00e9 Panth\u00e9on-Sorbonne Paris I). Publie des ouvrages d&rsquo;esth\u00e9tique (Le monstre dans l&rsquo;art occidental, 1973 ; Figur\u00e9es, d\u00e9figur\u00e9es\/ Petit vocabulaire de la f\u00e9minit\u00e9 repr\u00e9sent\u00e9e, 1977 ; \u00c9crits timides sur le visible, 1979 ; Faire et d\u00e9faire, 1985 ; etc.) et des fictions, des po\u00e8mes.<\/p>\n<p>De cet ouvrage,<br \/>\nparfums d\u2019origan, de caramel, de benjoin, d\u2019hysope&#8230;<br \/>\nApr\u00e8s r\u00e9fl\u00e9xions et d\u00e9gustations<br \/>\ndeux mille et cinq ann\u00e9es durant,<br \/>\nnous vous livrons, Gilbert Lascault et moi-m\u00eame graveur, ces 500 exemplaires de<br \/>\n\u201cL\u2019ambroisie des ombres ambr\u00e9es\u201d<br \/>\nimprim\u00e9s pur jus d\u2019atelier ; dont 50 ex de sa suite de sept gravures originales en taille-douce, sign\u00e9es, tir\u00e9es ce mois de novembre 2005 en l\u2019atelier des Forettes \u00e0 Soligny la Trappe 61380 France.\t    21\u00e8m de la collection<br \/>\n\u00a9 rougier\/lascault<\/p>\n<p>ISBN : 2-913040-44-6<br \/>\nD\u00e9pot l\u00e9gal : 2006<\/p>\n","protected":false},"excerpt":{"rendered":"<p>Aut.: Gilbert Lascault, gravures V. Rougier &#8211; ISBN 9782913040446<br \/>\n36 p. Broch\u00e9 jaquette et enveloppe.<br \/>\nPo\u00e9sie Oulipienne.<br \/>\nDisponible sur :<br \/>\nGencod Dilicom 310 559 410 44 10<br \/>\nElectre, SFL et Rougier-atelier.<\/p>\n","protected":false},"featured_media":144,"template":"","meta":[],"product_brand":[],"product_cat":[17],"product_tag":[620,62,304,40],"class_list":{"0":"post-143","1":"product","2":"type-product","3":"status-publish","4":"has-post-thumbnail","6":"product_cat-plis-urgents","7":"product_tag-620","8":"product_tag-gilbert-lascault","9":"product_tag-lambroisie-des-ombres-ambrees","10":"product_tag-vincent-rougier","12":"first","13":"instock","14":"shipping-taxable","15":"purchasable","16":"product-type-simple"},"_links":{"self":[{"href":"http:\/\/www.rougier-atelier.com\/index.php?rest_route=\/wp\/v2\/product\/143","targetHints":{"allow":["GET"]}}],"collection":[{"href":"http:\/\/www.rougier-atelier.com\/index.php?rest_route=\/wp\/v2\/product"}],"about":[{"href":"http:\/\/www.rougier-atelier.com\/index.php?rest_route=\/wp\/v2\/types\/product"}],"wp:featuredmedia":[{"embeddable":true,"href":"http:\/\/www.rougier-atelier.com\/index.php?rest_route=\/wp\/v2\/media\/144"}],"wp:attachment":[{"href":"http:\/\/www.rougier-atelier.com\/index.php?rest_route=%2Fwp%2Fv2%2Fmedia&parent=143"}],"wp:term":[{"taxonomy":"product_brand","embeddable":true,"href":"http:\/\/www.rougier-atelier.com\/index.php?rest_route=%2Fwp%2Fv2%2Fproduct_brand&post=143"},{"taxonomy":"product_cat","embeddable":true,"href":"http:\/\/www.rougier-atelier.com\/index.php?rest_route=%2Fwp%2Fv2%2Fproduct_cat&post=143"},{"taxonomy":"product_tag","embeddable":true,"href":"http:\/\/www.rougier-atelier.com\/index.php?rest_route=%2Fwp%2Fv2%2Fproduct_tag&post=143"}],"curies":[{"name":"wp","href":"https:\/\/api.w.org\/{rel}","templated":true}]}}