{"id":1484,"date":"2017-01-27T08:53:41","date_gmt":"2017-01-27T07:53:41","guid":{"rendered":"http:\/\/www.rougier-atelier.com\/?post_type=product&#038;p=1484"},"modified":"2023-11-23T17:20:38","modified_gmt":"2023-11-23T16:20:38","slug":"collection-de-sombreros","status":"publish","type":"product","link":"http:\/\/www.rougier-atelier.com\/?product=collection-de-sombreros","title":{"rendered":"COLLECTION DE SOMBREROS ?"},"content":{"rendered":"<p><i>Dans <\/i>Retomb\u00e9es de Sombrero<i> de Richard Brautigan, il est question d\u2019un manuscrit jet\u00e9 dans la poubelle par un \u00e9crivain trop amoureux et trop triste.\u00a0<\/i><i>Mais cette histoire refuse d\u2019en rester l\u00e0, sort de la poubelle et continue\u00a0<\/i><i>\u00e0 s\u2019inventer toute seule en semant dans la ville un beau bordel. Et bien\u00a0<\/i><i>imaginons que cette histoire se cache dans un coin ou en haut d\u2019un arbre et d\u00e9cide\u00a0<\/i><i>de nous observer, de nous inventer, de nous raconter. Tous. Un par un.\u00a0<\/i><\/p>\n<p><i>Chacun d\u2019entre nous est la page d\u2019un livre. Chacun d\u2019entre nous est une\u00a0<\/i><i>histoire, aussi tragique que grotesque. Chacun d\u2019entre nous est une aventure\u00a0<\/i><i>merdeuse, minuscule et sublime. Un point d\u2019interrogation. Un coup de pinceau.\u00a0<\/i><i>Chacun d\u2019entre nous devrait agir comme ce manuscrit. Refuser et s\u2019inventer dans un beau bordel. Parce que la plan\u00e8te Terre est une collection de poussi\u00e8res de toutes les <\/i><i>couleurs et que tout le monde m\u00e9rite une lettre d\u2019amour anonyme.<\/i><\/p>\n<p><a href=\"http:\/\/etc-iste.blogspot.fr\" target=\"_blank\" rel=\"noopener noreferrer\">\u00a0etc-ist.blogspot.fr.<\/a><\/p>\n<p><strong>Thomas Vinau.\u00a0<\/strong>N\u00e9 \u00e0 Toulouse, vit au pied du Luberon. Il est l\u2019auteur de plusieurs romans chez Alma, repris en poche par 10\/18 : <i>Nos cheveux blanchiront avec nos yeux<\/i>, <i>Ici \u00e7a va<\/i> et <i>La <\/i><i>Part des nuages <\/i>(2014). Il est \u00e9galement l\u2019auteur d\u2019une vingtaine d\u2019autres livres dont :\u00a0<i>76 clochards c\u00e9lestes ou presque<\/i> (Le Castor Astral, 2016) <i>Autre chose <\/i>(Les Carnets du dessert de lune, 2015) et <i>Bleu de travail<\/i> (La Fosse aux ours, 2015). Il collabore \u00e0 de nombreuses revues et sites. Son blog etc-ist.blogspot.fr. Pour <i>Ficelle<\/i> (Rougier V. \u00e9d.) il a d\u00e9ja publi\u00e9 <i>Voyages immobiles<\/i> (2007) et <i>Chaque matin<\/i> ( 2010).<\/p>\n<p>&nbsp;<\/p>\n","protected":false},"excerpt":{"rendered":"<div>\n<p><strong>Thomas Vinau<\/strong> &#8211; Ill.:Vincent Rougier<\/p>\n<p>Tirage courant : 1200 ex.\u00a0Prix\u00a0: 18\u20ac, Mise en vente\u00a0:\u00a0F\u00e9vrier 2017<\/p>\n<p>ISBN\u00a0: 979-10-93019-21-5<\/p>\n<p>Collection \u00ab\u00a0Po\u00e9sie &amp; peinture \u00bb \u2013 format 14,5 x 21 cm \u2013 68\u00a0pages \u2013 broch\u00e9 cousu, couverture \u00e0 rabats \u2013 Imprim\u00e9 sur pop\u2019set quadrichromie.<\/p>\n<p>PU42PP<\/p>\n<\/div>\n","protected":false},"featured_media":1485,"template":"","meta":[],"product_brand":[],"product_cat":[16,17,459],"product_tag":[461,463,462,742,460,44,40],"class_list":{"0":"post-1484","1":"product","2":"type-product","3":"status-publish","4":"has-post-thumbnail","6":"product_cat-les-editions","7":"product_cat-plis-urgents","8":"product_cat-poesie-peinture","9":"product_tag-collection-de-sombreros","10":"product_tag-martin-page","11":"product_tag-poesie-peinture","12":"product_tag-pp42","13":"product_tag-pu42","14":"product_tag-thomas-vinau","15":"product_tag-vincent-rougier","17":"first","18":"instock","19":"shipping-taxable","20":"purchasable","21":"product-type-simple"},"_links":{"self":[{"href":"http:\/\/www.rougier-atelier.com\/index.php?rest_route=\/wp\/v2\/product\/1484","targetHints":{"allow":["GET"]}}],"collection":[{"href":"http:\/\/www.rougier-atelier.com\/index.php?rest_route=\/wp\/v2\/product"}],"about":[{"href":"http:\/\/www.rougier-atelier.com\/index.php?rest_route=\/wp\/v2\/types\/product"}],"wp:featuredmedia":[{"embeddable":true,"href":"http:\/\/www.rougier-atelier.com\/index.php?rest_route=\/wp\/v2\/media\/1485"}],"wp:attachment":[{"href":"http:\/\/www.rougier-atelier.com\/index.php?rest_route=%2Fwp%2Fv2%2Fmedia&parent=1484"}],"wp:term":[{"taxonomy":"product_brand","embeddable":true,"href":"http:\/\/www.rougier-atelier.com\/index.php?rest_route=%2Fwp%2Fv2%2Fproduct_brand&post=1484"},{"taxonomy":"product_cat","embeddable":true,"href":"http:\/\/www.rougier-atelier.com\/index.php?rest_route=%2Fwp%2Fv2%2Fproduct_cat&post=1484"},{"taxonomy":"product_tag","embeddable":true,"href":"http:\/\/www.rougier-atelier.com\/index.php?rest_route=%2Fwp%2Fv2%2Fproduct_tag&post=1484"}],"curies":[{"name":"wp","href":"https:\/\/api.w.org\/{rel}","templated":true}]}}