{"id":149,"date":"2013-12-31T16:42:48","date_gmt":"2013-12-31T15:42:48","guid":{"rendered":"http:\/\/www.rougier-atelier.com\/2014\/?post_type=product&#038;p=149"},"modified":"2014-06-03T17:54:48","modified_gmt":"2014-06-03T16:54:48","slug":"plis-urgents-n24-un-hareng-dieppois-a-fecamp","status":"publish","type":"product","link":"http:\/\/www.rougier-atelier.com\/?product=plis-urgents-n24-un-hareng-dieppois-a-fecamp","title":{"rendered":"Plis Urgents n\u00b024 &#8211; Un hareng dieppois \u00e0 F\u00e9camp"},"content":{"rendered":"<p>\u00ab Ce sont des po\u00e8mes<br \/>\nMacul\u00e9s de graisse noire<br \/>\nO\u00f9 luit l\u2019\u00e9caille dor\u00e9e<br \/>\nQue murmure l\u2019\u00e9pouse<br \/>\nA l\u2019oreille de l\u2019\u00e9poux\u00a0\u00bb<\/p>\n<p>\u00ab\u00a0L\u2019\u00e9pouse \u00e9chou\u00e9e sur les draps du matin<br \/>\nEncourage son rouquin \u00e0 m\u00e2cher le hareng<br \/>\nDor\u00e9<br \/>\nEt leur amour fume\u00a0\u00bb<br \/>\n\u00a0\u2026\/\/<\/p>\n<p>Marc Kober (1964) pratique la natation en eau froide et l\u2019observation po\u00e9tique du monde. N\u00e9 au bord de la M\u00e9diterran\u00e9e, il a d\u00e9couvert les vertus toniques de la Manche et l\u2019int\u00e9r\u00eat nutritionnel des poissons gras, apr\u00e8s avoir go\u00fbt\u00e9 assez longtemps le sushi et le sak\u00e9 au Japon.<br \/>\nAmateur de nouvelles et de po\u00e9sie, il s\u2019exerce dans les deux genres, avec notamment un roman policier de style (L\u2019Archipel des Osselets, Fayard, 2000). Proche de l\u2019esprit surr\u00e9aliste, il a publi\u00e9 une revue de po\u00e9sie et d\u2019art, La R\u00e9volte des Chutes dans les ann\u00e9es 90, puis il est devenu r\u00e9dacteur des revues Sup\u00e9rieur Inconnu et La S\u0153ur de l\u2019Ange.<\/p>\n<p>Olivier O. Olivier (1930-2011) est un peintre hors cat\u00e9gorie qui associe une formation acad\u00e9mique aux Beaux-Arts de Paris \u00e0 un g\u00e9nie inventif et non conformiste. R\u00e9gent d\u2019onirographie et copromoteur de l\u2019ordre de la Grande Gidouille au sein du Coll\u00e8ge de Pataphysique, il fait partie de l\u2019Oupeinpo (l\u2019Ouvroir de Peinture Potentielle). Avec Arrabal, Topor et quelques autres, il a anim\u00e9 le mouvement Panique. Parmi ses inventions remarquables, il faut mentionner les Ar\u00e8nes gel\u00e9es, le retour de l\u2019\u00e9l\u00e9phant prodigue et les doigts \u00e0 p\u00eacher. Il a r\u00e9cemment expos\u00e9 ses \u0153uvres \u00e0 San Francisco, P\u00e9kin, Gen\u00e8ve, et Istanbul.<\/p>\n<p>Genre\u00a0: Po\u00e9sie\/humour, livre d\u2019artiste pr\u00eat \u00e0 poster.<br \/>\nPr\u00e9sent\u00e9 en enveloppe comme un pr\u00eat \u00e0 poster,<br \/>\navec son timbre d\u2019artiste. Papier verg\u00e9.<br \/>\nEn jaquette,  40 pages reli\u00e9es couture plate.<br \/>\nLes tirages de t\u00eate contiennent deux gravures taille-douce originales, pr\u00e9sent\u00e9s en coffret. 20 exemplaires. Bibliophilie 180 \u20ac<\/p>\n<p>Mise en vente\u00a0: 15\/05\/2011<br \/>\n13\u20ac . 500 ex num\u00e9rot\u00e9s<\/p>\n","protected":false},"excerpt":{"rendered":"<p>Aut.: Marc Kober, gravures Olivier O. Olivier &#8211;<br \/>\nISBN 9782913040731<br \/>\n40 p. Broch\u00e9 jaquette et enveloppe.<br \/>\nPo\u00e9sie du voyage, surr\u00e9alisme.<\/p>\n","protected":false},"featured_media":150,"template":"","meta":[],"product_brand":[],"product_cat":[17],"product_tag":[68,69,297],"class_list":{"0":"post-149","1":"product","2":"type-product","3":"status-publish","4":"has-post-thumbnail","6":"product_cat-plis-urgents","7":"product_tag-marc-kober","8":"product_tag-o-olivier","9":"product_tag-un-hareng-dieppois-a-fecamp","11":"first","12":"instock","13":"shipping-taxable","14":"purchasable","15":"product-type-simple"},"_links":{"self":[{"href":"http:\/\/www.rougier-atelier.com\/index.php?rest_route=\/wp\/v2\/product\/149","targetHints":{"allow":["GET"]}}],"collection":[{"href":"http:\/\/www.rougier-atelier.com\/index.php?rest_route=\/wp\/v2\/product"}],"about":[{"href":"http:\/\/www.rougier-atelier.com\/index.php?rest_route=\/wp\/v2\/types\/product"}],"wp:featuredmedia":[{"embeddable":true,"href":"http:\/\/www.rougier-atelier.com\/index.php?rest_route=\/wp\/v2\/media\/150"}],"wp:attachment":[{"href":"http:\/\/www.rougier-atelier.com\/index.php?rest_route=%2Fwp%2Fv2%2Fmedia&parent=149"}],"wp:term":[{"taxonomy":"product_brand","embeddable":true,"href":"http:\/\/www.rougier-atelier.com\/index.php?rest_route=%2Fwp%2Fv2%2Fproduct_brand&post=149"},{"taxonomy":"product_cat","embeddable":true,"href":"http:\/\/www.rougier-atelier.com\/index.php?rest_route=%2Fwp%2Fv2%2Fproduct_cat&post=149"},{"taxonomy":"product_tag","embeddable":true,"href":"http:\/\/www.rougier-atelier.com\/index.php?rest_route=%2Fwp%2Fv2%2Fproduct_tag&post=149"}],"curies":[{"name":"wp","href":"https:\/\/api.w.org\/{rel}","templated":true}]}}