{"id":151,"date":"2013-12-31T16:45:39","date_gmt":"2013-12-31T15:45:39","guid":{"rendered":"http:\/\/www.rougier-atelier.com\/2014\/?post_type=product&#038;p=151"},"modified":"2019-12-17T17:07:45","modified_gmt":"2019-12-17T16:07:45","slug":"plis-urgents-n25-les-figurines-et-les-lettrines-des-delices","status":"publish","type":"product","link":"http:\/\/www.rougier-atelier.com\/?product=plis-urgents-n25-les-figurines-et-les-lettrines-des-delices","title":{"rendered":"Plis Urgents n\u00b025 &#8211; Les figurines et les lettrines des d\u00e9lices"},"content":{"rendered":"<p>\u00ab\u00a0&#8230;\/\/ En ce jeu f\u00e9roce et tendre, les deux nymphes s\u00e9duisent le gar\u00e7on; elles l\u2019apprivoisent;<br \/>\nelles le ligotent; elles l\u2019attachent \u00e0 un tronc de fr\u00eane; elles le br\u00e8lent; elles le nouent; elles le fouettent; elles le jettent dans les buissons d\u2019orties et de ronces; elles l\u2019envo\u00fbtent. Le gar\u00e7on est pers\u00e9cut\u00e9, martyris\u00e9, puis il trouve des avantages \u00e9tranges, des plaisirs \u00e9nigmatiques&#8230;\/\/\u00a0\u00bb<\/p>\n<p>Gilbert Lascault<br \/>\nN\u00e9 en 1934 \u00e0 Strasbourg. Ecrivain, critique d&rsquo;art, professeur \u00e9m\u00e9rite (Philosophie de l&rsquo;art) \u00e0 l&rsquo;Universit\u00e9 Panth\u00e9on-Sorbonne Paris I). Publie des ouvrages d&rsquo;esth\u00e9tique (Le monstre dans l&rsquo;art occidental, 1973 ; Figur\u00e9es, d\u00e9figur\u00e9es\/ Petit vocabulaire de la f\u00e9minit\u00e9 repr\u00e9sent\u00e9e, 1977 ; \u00c9crits timides sur le visible, 1979 ; Faire et d\u00e9faire, 1985 ; etc.) et des fictions, des po\u00e8mes.<\/p>\n<p>25\u00e8 de la collection.<br \/>\nTir\u00e9 \u00e0 500 exemplaires sur Verg\u00e9 Corolla book<br \/>\nAtelier Rougier V.<br \/>\nLes Forettes &#8211; F.61380 &#8211; Soligny la Trappe.<br \/>\nF\u00e9vrier 2012 &#8211; \u00a9 Les auteurs et V. Rougier<\/p>\n<p> 13\u20ac ex.\/500<\/p>\n","protected":false},"excerpt":{"rendered":"<p>Aut.: Gilbert Lascault, pastels de Thamar de Letay &#8211; ISBN 9782913040896<br \/>\n44 p. Couleurs. Broch\u00e9 jaquette et enveloppe.<br \/>\nPo\u00e9sie Erotique. Illustr\u00e9 de 8 pastels fantastiques<br \/>\nDisponible sur :<br \/>\nGencod Dilicom 310 559 410 44 10<br \/>\nElectre, SFL et Rougier-atelier.<\/p>\n","protected":false},"featured_media":152,"template":"","meta":[],"product_brand":[],"product_cat":[17],"product_tag":[619,62,295,70,40],"class_list":{"0":"post-151","1":"product","2":"type-product","3":"status-publish","4":"has-post-thumbnail","6":"product_cat-plis-urgents","7":"product_tag-619","8":"product_tag-gilbert-lascault","9":"product_tag-les-figurines-et-les-lettrines-des-delices","10":"product_tag-thamar-de-letay","11":"product_tag-vincent-rougier","13":"first","14":"instock","15":"shipping-taxable","16":"purchasable","17":"product-type-simple"},"_links":{"self":[{"href":"http:\/\/www.rougier-atelier.com\/index.php?rest_route=\/wp\/v2\/product\/151","targetHints":{"allow":["GET"]}}],"collection":[{"href":"http:\/\/www.rougier-atelier.com\/index.php?rest_route=\/wp\/v2\/product"}],"about":[{"href":"http:\/\/www.rougier-atelier.com\/index.php?rest_route=\/wp\/v2\/types\/product"}],"wp:featuredmedia":[{"embeddable":true,"href":"http:\/\/www.rougier-atelier.com\/index.php?rest_route=\/wp\/v2\/media\/152"}],"wp:attachment":[{"href":"http:\/\/www.rougier-atelier.com\/index.php?rest_route=%2Fwp%2Fv2%2Fmedia&parent=151"}],"wp:term":[{"taxonomy":"product_brand","embeddable":true,"href":"http:\/\/www.rougier-atelier.com\/index.php?rest_route=%2Fwp%2Fv2%2Fproduct_brand&post=151"},{"taxonomy":"product_cat","embeddable":true,"href":"http:\/\/www.rougier-atelier.com\/index.php?rest_route=%2Fwp%2Fv2%2Fproduct_cat&post=151"},{"taxonomy":"product_tag","embeddable":true,"href":"http:\/\/www.rougier-atelier.com\/index.php?rest_route=%2Fwp%2Fv2%2Fproduct_tag&post=151"}],"curies":[{"name":"wp","href":"https:\/\/api.w.org\/{rel}","templated":true}]}}