{"id":155,"date":"2014-02-01T08:57:49","date_gmt":"2014-02-01T07:57:49","guid":{"rendered":"http:\/\/www.rougier-atelier.com\/2014\/?post_type=product&#038;p=155"},"modified":"2021-03-23T15:26:13","modified_gmt":"2021-03-23T14:26:13","slug":"plis-urgents-n27-psalmlash","status":"publish","type":"product","link":"http:\/\/www.rougier-atelier.com\/?product=plis-urgents-n27-psalmlash","title":{"rendered":"Plis Urgents n\u00b027 &#8211; PSALMLASH"},"content":{"rendered":"<p>Alexis Pelletier a r\u00e9cemment publi\u00e9\u00a0: Quelques mesures dans l\u2019\u00e9poque (Voix d\u2019encre, 2008), Le Grand R\u00e9el (Daniel Duchoze, Rouen 2008), 51 partitions de Dominique Lema\u00eetre (Tarabuste, 2009) et Encore un petit Mlash, (Revue ficelle n\u00b093, 2009). Depuis 2006, il travaille r\u00e9guli\u00e8rement avec le compositeur Dominique Lema\u00eetre pour des concerts po\u00e9tiques avec l\u2019Ensemble Accroche-Notes, l\u2019Ensemble Orchestral Contemporain, l\u2019Ensemble Stravinsky, Fran\u00e7ois Veilhan, etc.). En avril 2011, le spectacle Les Tableaux de Bruno, autour des Tableaux d\u2019une exposition de Moussorgski\/Ravel a \u00e9t\u00e9 jou\u00e9 \u00e0 l\u2019Op\u00e9ra de Rouen Haute-Normandie. \u00c0 para\u00eetre, en f\u00e9vrier 2012, aux \u00e9ditions de l\u2019Escampette, Comment quelque chose encore suivi de Quel effacement.<\/p>\n<p>Gravures de Vincent Rougier<\/p>\n<p>Adultes de 7 \u00e0 77 ans.<br \/>\nGenre\u00a0: Po\u00e9sie\/livre d\u2019artiste sonore (CD) pr\u00e9sent\u00e9e en enveloppe timbr\u00e9e d\u2019artiste, pr\u00eat \u00e0 poster.<br \/>\n500 ex. \u2013 300 ex.CD \u2013 coffrets tirages de t\u00eate, 15 ex. agr\u00e9ment\u00e9s de deux gravures originales.<\/p>\n<p>Collection \u00ab\u00a0Plis Urgents\u00a0\u00bb &#8211; format 10 x 15 cm \u2013 48 pages \u2013 reli\u00e9 sous enveloppe. \u2013<\/p>\n<p>Prix du livre\u00a0: 13\u20ac Mise en vente\u00a0: Mars 2012<\/p>\n","protected":false},"excerpt":{"rendered":"<p>Aut.: Alexis Pelletier &#8211; ill. gravures V. Rougier &#8211; ISBN 9782913040918<br \/>\n44 p. Couleurs. Broch\u00e9 jaquette et enveloppe.+CD<br \/>\nPo\u00e9sie performance.<\/p>\n<p>\/\/\u2026Pr\u00e9sent dans une dizaine de publications, le personnage<br \/>\nde Mlash se met \u00e0 psalmodier\u00a0:<\/p>\n<p>Il para\u00eet que la vie d\u00e9livre de la vie. Comme c\u2019est romantique<br \/>\net presque impub\u00e8re ces affirmations \u00e0 l\u2019emporte-pi\u00e8ce,<br \/>\nl\u2019emporte-vent, l\u2019emporte-voix.<\/p>\n<p>La nuit est claire. Je ne fais rien. Je ne sais rien.\/\/\u2026<\/p>\n","protected":false},"featured_media":156,"template":"","meta":[],"product_brand":[],"product_cat":[17],"product_tag":[73,662,241,663,40],"class_list":{"0":"post-155","1":"product","2":"type-product","3":"status-publish","4":"has-post-thumbnail","6":"product_cat-plis-urgents","7":"product_tag-alexis-pelletier","8":"product_tag-cd","9":"product_tag-psalmlash","10":"product_tag-pu27","11":"product_tag-vincent-rougier","13":"first","14":"instock","15":"shipping-taxable","16":"purchasable","17":"product-type-simple"},"_links":{"self":[{"href":"http:\/\/www.rougier-atelier.com\/index.php?rest_route=\/wp\/v2\/product\/155","targetHints":{"allow":["GET"]}}],"collection":[{"href":"http:\/\/www.rougier-atelier.com\/index.php?rest_route=\/wp\/v2\/product"}],"about":[{"href":"http:\/\/www.rougier-atelier.com\/index.php?rest_route=\/wp\/v2\/types\/product"}],"wp:featuredmedia":[{"embeddable":true,"href":"http:\/\/www.rougier-atelier.com\/index.php?rest_route=\/wp\/v2\/media\/156"}],"wp:attachment":[{"href":"http:\/\/www.rougier-atelier.com\/index.php?rest_route=%2Fwp%2Fv2%2Fmedia&parent=155"}],"wp:term":[{"taxonomy":"product_brand","embeddable":true,"href":"http:\/\/www.rougier-atelier.com\/index.php?rest_route=%2Fwp%2Fv2%2Fproduct_brand&post=155"},{"taxonomy":"product_cat","embeddable":true,"href":"http:\/\/www.rougier-atelier.com\/index.php?rest_route=%2Fwp%2Fv2%2Fproduct_cat&post=155"},{"taxonomy":"product_tag","embeddable":true,"href":"http:\/\/www.rougier-atelier.com\/index.php?rest_route=%2Fwp%2Fv2%2Fproduct_tag&post=155"}],"curies":[{"name":"wp","href":"https:\/\/api.w.org\/{rel}","templated":true}]}}