{"id":1573,"date":"2017-04-19T09:29:13","date_gmt":"2017-04-19T08:29:13","guid":{"rendered":"http:\/\/www.rougier-atelier.com\/?post_type=product&#038;p=1573"},"modified":"2017-04-19T09:58:20","modified_gmt":"2017-04-19T08:58:20","slug":"ficelle-129-lumieres-mains-tenues","status":"publish","type":"product","link":"http:\/\/www.rougier-atelier.com\/?product=ficelle-129-lumieres-mains-tenues","title":{"rendered":"Ficelle 129 &#8211; LUMI\u00c8RES MAINS TENUES"},"content":{"rendered":"<p>Annelyse Simao dans cette ficelle nous emm\u00e8ne avec charme dans une m\u00e9moire po\u00e9tique comme distraite. Ses sensations, ses observations, son \u00e9coute attentive s\u2019\u00e9crivent et nomment le ressenti le plaisir de l\u2019exprimer en simple langage po\u00e9tique via le jeu rythmique et syllabique de cette pratique. Distraite car dans un m\u00eame po\u00e8me nous passons du dedans au dehors et vice-versa ;  m\u00e9moire et connaissance de ce qui fait le jeu de la vie.<\/p>\n<p><strong>Annelyse Simao<\/strong> \u2013 biobibliographie.<br \/>\nN\u00e9e le 31 ao\u00fbt 1964 en Centrafrique. L\u2019\u00e9criture po\u00e9tique m\u2019accompagne depuis mon enfance.<br \/>\nLivres : M\u00e9lodie des petits riens (Le d\u00e9 bleu, 2000, 100p.) \u00e9voque la maladie, des amours qui se nouent et se d\u00e9nouent, la m\u00e9moire douloureuse de l\u2019enfance.<br \/>\n\u2014Pas tes mains mais ma bouche (La Dragonne, 2001, 90p.) exprime les tensions entre l\u2019amour et l\u2019\u00e9criture dans le couple, et questionne le geste d\u2019\u00e9criture.<br \/>\n\u2014Dans un corps \u00e9loign\u00e9 de m\u00e9moire (La Dragonne, 2005, 90p.) explore le myst\u00e8re de la gestation, pour le diff\u00e9rencier de celui de la cr\u00e9ation verbale.<br \/>\n\u2014Nous chercher par des gestes (La Dragonne, 2010, 100p.) interroge les relations humaines et sociales, \u00e0 travers le pari de l\u2019\u00e9criture en po\u00e8me.<br \/>\n\u2014A l\u2019\u00e9chafaudage (Aencrages&#038;Co, 2013, 55p. avec 4 peintures de Christiane Cartignies) partage le sort de ceux qui se retrouvent en bordure de la soci\u00e9t\u00e9, dans un paysage urbain.<br \/>\n\u2014Une Veste sur la branche (La Dragonne, 2014, 105p.) : livre-cadeau ancr\u00e9 dans la g\u00e9ographie franc-comtoise, adress\u00e9 \u00e0 l\u2019homme aim\u00e9, aux tournants marquants de la vie.<br \/>\nPr\u00e9sence en anthologie :<br \/>\nEros \u00e9merveill\u00e9, Gallimard, 2012.<\/p>\n<p><strong>Catherine Vigier<\/strong> plasticienne<br \/>\n<a href=\"http:\/\/www.ateliervigier.canalblog.com\"target=\"_blank\">http:\/\/www.ateliervigier.canalblog.com<\/a><br \/>\nN\u00e9e le 6 D\u00e9cembre 1951, en Centrafrique et celle-ci lui a donn\u00e9 la chance d\u2019acqu\u00e9rir tr\u00e8s jeune une pluralit\u00e9 culturelle.<br \/>\nExpositions personnelles de 1995 \u00e0 2017.<br \/>\nEspace St Laurent, Verneuil sur Avre, Abbaye St Michel de Cuixa, Abbaye St Martin de S\u00e9es, IUFM de Bonneuil, Eglise Ste Elisabeth de Hongrie, Paris \u00abarch\u00e9ologie de la m\u00e9moire\u00bb, \u00abcatalinit\u00e9\u00bb fresque \u00abhommage aux 7 fr\u00e8res de Tibhirine\u00bb. Abbaye de la Trappe Soligny, Abbaye Notre dame des Neiges St Laurent les bains, Eglise St Martin Sucy en Brie \u00abm\u00e8res du monde entier\u00bb.<br \/>\nDe nombreuses expositions collectives.<\/p>\n","protected":false},"excerpt":{"rendered":"<p>Aut.: Annelyse Simao, ill.: Catherine Vigier.<br \/>\nISSN 1252 &#8211; 5405, ISBN 979-10-93019-31-4<br \/>\nPo\u00e9sie du regard.<br \/>\nLivret broch\u00e9, couture plate, 300 ex.<br \/>\nPr\u00e9sent\u00e9 en enveloppe Mail-Art. 40p., 10,5 x 15 cm.<\/p>\n","protected":false},"featured_media":1574,"template":"","meta":[],"product_brand":[],"product_cat":[16,15],"product_tag":[469,467,468,470],"class_list":{"0":"post-1573","1":"product","2":"type-product","3":"status-publish","4":"has-post-thumbnail","6":"product_cat-les-editions","7":"product_cat-revue-ficelleplisurgents","8":"product_tag-469","9":"product_tag-annelyse-simao","10":"product_tag-catherine-vigier","11":"product_tag-lumieres-mains-tenues","13":"first","14":"instock","15":"shipping-taxable","16":"purchasable","17":"product-type-simple"},"_links":{"self":[{"href":"http:\/\/www.rougier-atelier.com\/index.php?rest_route=\/wp\/v2\/product\/1573","targetHints":{"allow":["GET"]}}],"collection":[{"href":"http:\/\/www.rougier-atelier.com\/index.php?rest_route=\/wp\/v2\/product"}],"about":[{"href":"http:\/\/www.rougier-atelier.com\/index.php?rest_route=\/wp\/v2\/types\/product"}],"wp:featuredmedia":[{"embeddable":true,"href":"http:\/\/www.rougier-atelier.com\/index.php?rest_route=\/wp\/v2\/media\/1574"}],"wp:attachment":[{"href":"http:\/\/www.rougier-atelier.com\/index.php?rest_route=%2Fwp%2Fv2%2Fmedia&parent=1573"}],"wp:term":[{"taxonomy":"product_brand","embeddable":true,"href":"http:\/\/www.rougier-atelier.com\/index.php?rest_route=%2Fwp%2Fv2%2Fproduct_brand&post=1573"},{"taxonomy":"product_cat","embeddable":true,"href":"http:\/\/www.rougier-atelier.com\/index.php?rest_route=%2Fwp%2Fv2%2Fproduct_cat&post=1573"},{"taxonomy":"product_tag","embeddable":true,"href":"http:\/\/www.rougier-atelier.com\/index.php?rest_route=%2Fwp%2Fv2%2Fproduct_tag&post=1573"}],"curies":[{"name":"wp","href":"https:\/\/api.w.org\/{rel}","templated":true}]}}