{"id":159,"date":"2014-02-01T10:02:00","date_gmt":"2014-02-01T09:02:00","guid":{"rendered":"http:\/\/www.rougier-atelier.com\/2014\/?post_type=product&#038;p=159"},"modified":"2014-06-03T17:45:24","modified_gmt":"2014-06-03T16:45:24","slug":"plis-urgents-n28-dictons-demoi-suivi-de-laile-lissitzky","status":"publish","type":"product","link":"http:\/\/www.rougier-atelier.com\/?product=plis-urgents-n28-dictons-demoi-suivi-de-laile-lissitzky","title":{"rendered":"Plis Urgents n\u00b028 &#8211; dictons d\u2019\u00e9moi suivi de l\u2019aile lissitzky"},"content":{"rendered":"<p>Passant d\u2019une seule enjamb\u00e9e \u2014 un grand \u00e9cart \u2014 des psautiers enlumin\u00e9s du Moyen \u00c2ge aux affiches cubofuturistes et autres manifestes constructivistes russes (agencement des formes g\u00e9om\u00e9triques \u00e9l\u00e9mentaires\u00a0: la ligne, le point, le cercle et le carr\u00e9, le cube et le c\u00f4ne, l\u2019\u00e9toile, la fl\u00e8che et le marteau), Demarcq, expert en graphisme et typographie, avec ces Dictons d\u2019\u00e9moi, produit son livre d\u2019heures \u2014 de matines \u00e0 complies, ou de la Saint-Glinglin \u00e0 la Saint-Sylvestre. Un calendrier \u2014 \u00ab\u00a0sablier du calme encrier\u00a0\u00bb \u2014 ou agen-dada non exempt des homophonies et crocs-en-langue qui r\u00e9v\u00e8lent l\u2019\u00e9moi sensuel du moi des mois (j\u2019enviais, fais vriller, etc.), la semence des semaines, le jouir des jours, la secousse des secondes\u2026<\/p>\n<p>Jacques Demarcq, n\u00e9 en 1946, a \u00e9t\u00e9 postier, journaliste, prof de lettres, syndic, acteur, membre de la revue TXT, \u00e9diteur et critique d&rsquo;art, producteur de radio, prof de design. Il est toujours\u00a0: traducteur, \u00e9crivain. Il a beaucoup traduit E.\u00a0E. Cummings, un peu Gertrude Stein et Andrea Zanzotto. Il a publi\u00e9 derni\u00e8rement\u00a0: Les Zozios, Nous, 2008, dont il a donn\u00e9 de nombreuses lectures publiques\u00a0; Nervaliennes, Corti, 2010\u00a0; et en 2011-2012 trois traductions de Cummings\u00a0: font 5 et No Thanks aux \u00e9ditions Nous, \u00c9rotiques chez Seghers.<\/p>\n<p>Adultes de 7 \u00e0 77 ans.<br \/>\nGenre\u00a0: Po\u00e9sie\/livre d\u2019artiste pr\u00e9sent\u00e9e en enveloppe timbr\u00e9e d\u2019artiste, pr\u00eat \u00e0 poster.<\/p>\n<p>500 ex.<\/p>\n<p>Collection \u00ab\u00a0Plis Urgents\u00a0\u00bb &#8211; format 10 x 15 cm \u2013 48 pages \u2013 reli\u00e9 sous enveloppe. \u2013<\/p>\n<p>Prix du livre\u00a0: 13\u20ac Mise en vente\u00a0: Octobre 2012<\/p>\n","protected":false},"excerpt":{"rendered":"<p>Aut.: Jacques Demarcq &#8211; ISBN 9782913040934<br \/>\n48 p. Couleurs. Broch\u00e9 jaquette, enveloppe.<br \/>\nPo\u00e9sie \u00e9nigmatique.<\/p>\n","protected":false},"featured_media":160,"template":"","meta":[],"product_brand":[],"product_cat":[17],"product_tag":[287,74],"class_list":{"0":"post-159","1":"product","2":"type-product","3":"status-publish","4":"has-post-thumbnail","6":"product_cat-plis-urgents","7":"product_tag-dictons-demoi","8":"product_tag-jacques-demarcq","10":"first","11":"instock","12":"shipping-taxable","13":"purchasable","14":"product-type-simple"},"_links":{"self":[{"href":"http:\/\/www.rougier-atelier.com\/index.php?rest_route=\/wp\/v2\/product\/159","targetHints":{"allow":["GET"]}}],"collection":[{"href":"http:\/\/www.rougier-atelier.com\/index.php?rest_route=\/wp\/v2\/product"}],"about":[{"href":"http:\/\/www.rougier-atelier.com\/index.php?rest_route=\/wp\/v2\/types\/product"}],"wp:featuredmedia":[{"embeddable":true,"href":"http:\/\/www.rougier-atelier.com\/index.php?rest_route=\/wp\/v2\/media\/160"}],"wp:attachment":[{"href":"http:\/\/www.rougier-atelier.com\/index.php?rest_route=%2Fwp%2Fv2%2Fmedia&parent=159"}],"wp:term":[{"taxonomy":"product_brand","embeddable":true,"href":"http:\/\/www.rougier-atelier.com\/index.php?rest_route=%2Fwp%2Fv2%2Fproduct_brand&post=159"},{"taxonomy":"product_cat","embeddable":true,"href":"http:\/\/www.rougier-atelier.com\/index.php?rest_route=%2Fwp%2Fv2%2Fproduct_cat&post=159"},{"taxonomy":"product_tag","embeddable":true,"href":"http:\/\/www.rougier-atelier.com\/index.php?rest_route=%2Fwp%2Fv2%2Fproduct_tag&post=159"}],"curies":[{"name":"wp","href":"https:\/\/api.w.org\/{rel}","templated":true}]}}