{"id":163,"date":"2014-02-01T12:36:03","date_gmt":"2014-02-01T11:36:03","guid":{"rendered":"http:\/\/www.rougier-atelier.com\/2014\/?post_type=product&#038;p=163"},"modified":"2014-09-24T11:06:47","modified_gmt":"2014-09-24T10:06:47","slug":"plis-urgents-n30-opsimath","status":"publish","type":"product","link":"http:\/\/www.rougier-atelier.com\/?product=plis-urgents-n30-opsimath","title":{"rendered":"Plis Urgents  n\u00b030 &#8211; OPSIMATH"},"content":{"rendered":"<p>Qui apprend sur le tard, \u00e0 la fin de sa vie\u00a0\u00bb&#8230;<\/p>\n<p>Werner Lambersy nous livre l\u00e0 des tercets o\u00f9 les mots li\u00e9s aux circonstances de son chemin de vie atteignent l\u2019in\u00e9galable \u00e9vidence de nos quotidiens.<br \/>\nWerner est un po\u00e8te belge n\u00e9 \u00e0 Anvers le 16 novembre 1941.<br \/>\nAuteur d&rsquo;une soixantaine d&rsquo;ouvrages dont deux en collection \u00ab\u00a0ficelle\u00a0\u00bb Rougier V. \u00e9d., il est consid\u00e9r\u00e9 comme une voix majeure de la litt\u00e9rature francophone. Il a re\u00e7u de nombreux prix. Il vit \u00e0 Paris.<br \/>\nLe 50\u00e8 num\u00e9ro de la revue Nu(e) lui est consacr\u00e9.<\/p>\n<p>Anne-Marie Vesco.<br \/>\nDes questionnements vari\u00e9s font l&rsquo;essentiel de l&rsquo;\u0153uvre d&rsquo; Anne-Marie Vesco, qui vit et travaille \u00e0 Montreuil (93). Elle superpose ici radiographies, inclusions, estampes, dessins et peinture afin de dialoguer visuellement avec l&rsquo;auteur.\u00a0 Pour mieux conna\u00eetre la biographie et l&rsquo;activit\u00e9 de cette artiste, allez sur le site<\/p>\n<p>Genre\u00a0: Po\u00e9sie\/livre d\u2019artiste<\/p>\n<p>300 ex. num\u00e9rot\u00e9s<\/p>\n<p>Collection \u00ab\u00a0Plis Urgents\u00a0\u00bb &#8211; format 10 x 15 cm \u2013 80 pages couleurs \u2013 broch\u00e9 en deux livrets sous jaquette \u2013 15 Exemplaires de t\u00eate en coffrets enrichis d\u2019une estampe originale\u00a0\u00bb. 80\u20ac<\/p>\n<p>Mise en vente\u00a0: Octobre 2013<\/p>\n<p><a href=\"http:\/\/www.amvesco.fr\" target=\"_blank\">www.amvesco.fr<\/a>.<\/p>\n","protected":false},"excerpt":{"rendered":"<p>Aut.: Werner Lambersy \u2013 Image d\u2019A.M. Vesco ISBN 9782913040993 80 p. Broch\u00e9 en deux livrets jaquette. Po\u00e9sie du regard.<\/p>\n","protected":false},"featured_media":164,"template":"","meta":[],"product_brand":[],"product_cat":[17],"product_tag":[77,161,41],"class_list":{"0":"post-163","1":"product","2":"type-product","3":"status-publish","4":"has-post-thumbnail","6":"product_cat-plis-urgents","7":"product_tag-a-m-vesco","8":"product_tag-opsimath","9":"product_tag-werner-lambersy","11":"first","12":"instock","13":"featured","14":"shipping-taxable","15":"purchasable","16":"product-type-simple"},"_links":{"self":[{"href":"http:\/\/www.rougier-atelier.com\/index.php?rest_route=\/wp\/v2\/product\/163","targetHints":{"allow":["GET"]}}],"collection":[{"href":"http:\/\/www.rougier-atelier.com\/index.php?rest_route=\/wp\/v2\/product"}],"about":[{"href":"http:\/\/www.rougier-atelier.com\/index.php?rest_route=\/wp\/v2\/types\/product"}],"wp:featuredmedia":[{"embeddable":true,"href":"http:\/\/www.rougier-atelier.com\/index.php?rest_route=\/wp\/v2\/media\/164"}],"wp:attachment":[{"href":"http:\/\/www.rougier-atelier.com\/index.php?rest_route=%2Fwp%2Fv2%2Fmedia&parent=163"}],"wp:term":[{"taxonomy":"product_brand","embeddable":true,"href":"http:\/\/www.rougier-atelier.com\/index.php?rest_route=%2Fwp%2Fv2%2Fproduct_brand&post=163"},{"taxonomy":"product_cat","embeddable":true,"href":"http:\/\/www.rougier-atelier.com\/index.php?rest_route=%2Fwp%2Fv2%2Fproduct_cat&post=163"},{"taxonomy":"product_tag","embeddable":true,"href":"http:\/\/www.rougier-atelier.com\/index.php?rest_route=%2Fwp%2Fv2%2Fproduct_tag&post=163"}],"curies":[{"name":"wp","href":"https:\/\/api.w.org\/{rel}","templated":true}]}}