{"id":1739,"date":"2017-08-30T11:17:48","date_gmt":"2017-08-30T10:17:48","guid":{"rendered":"http:\/\/www.rougier-atelier.com\/?post_type=product&#038;p=1739"},"modified":"2017-09-20T10:42:16","modified_gmt":"2017-09-20T09:42:16","slug":"sans-precaution-rouge-fanny-hill","status":"publish","type":"product","link":"http:\/\/www.rougier-atelier.com\/?product=sans-precaution-rouge-fanny-hill","title":{"rendered":"SANS PR\u00c9CAUTION ROUGE ; FANNY HILL"},"content":{"rendered":"<p>R\u00e9sum\u00e9 :<br \/>\nPr\u00e9sente dans quelques foyers, le personnage de Fanny Hill se met \u00e0<br \/>\naimer : \u00abIl para\u00eet que vivre ses d\u00e9sirs d\u00e9livre de la vie\u00bb. Comme c\u2019est<br \/>\nromantique et impub\u00e8re ces affirmations \u00e0 l\u2019emporte-pi\u00e8ce ; toujours<br \/>\ncurieuse des temples de l\u2019amour le plaisir pr\u00e9c\u00e8de l\u2019\u00e9ch\u00e9ance,<br \/>\nl\u2019\u00e9ch\u00e9ance au d\u00e9sirs etc ; les illustrations sont des reprints des<br \/>\ngravures d\u2019\u00c9douard-Henri Avril. <strong>Jean pierre Nedelec nous livre l\u00e0 des po\u00e8mes\/<br \/>\nproses<\/strong> et notes ajust\u00e9es par l\u2019\u00e9diteur aux magnifiques eaux-fortes<br \/>\noriginales. Nd\u00e9.<br \/>\n<em>Quel danger pour la libert\u00e9 que ceux qui ont le sens du p\u00e9ch\u00e9 !<\/em><br \/>\nBernard Delvaille.<br \/>\nExtrait : <em>Cela venait sans doute de se passer :<br \/>\nune \u00e9paisse larme blanch\u00e2tre gonflait sous l\u2019oeil.<br \/>\nL\u2019un des jeunes gens s\u2019appr\u00eate \u00e0 l\u2019essuyer.<br \/>\nElle retient la main en souriant : \u2014 Laisse ; \u00e7a m\u2019excite \u2014.<br \/>\nElle s\u2019aimait mieux en cavali\u00e8re qu\u2019en pouliche.<br \/>\nC\u2019est elle qui montait ses partenaires, et parlait \u00e0 l\u2019oreille de l\u2019\u00e9talon.<br \/>\nPoussait le galop, guidait la course au plaisir.<br \/>\nCriait soudain comme on cravache.<br \/>\nOn ne savait s\u2019il fallait regretter qu\u2019elle n\u2019e\u00fbt piqu\u00e9 des \u00e9perons.<\/em><\/p>\n<p><strong>Jean Pierre Nedelec<\/strong> -Vit \u00e0 Tr\u00e9boul, sur la baie de Douarnenez.<br \/>\nIl se consacre, pour l\u2019essentiel, \u00e0 l\u2019\u00e9criture po\u00e9tique, \u00e0 celle de notes (parfois<br \/>\nlibertines), de r\u00e9cits, d\u2019essais\u2026<br \/>\nIl estime, dans le sillage de Pierre Bergounioux, que le roman, \u00e0 quelques<br \/>\nexceptions pr\u00e8s, est un divertissement bourgeois, dont t\u00e9moigne une gabegie<br \/>\nsaisonni\u00e8re.<br \/>\nPour le reste, il sillonne l\u2019Europe \u00e0 v\u00e9lo.<br \/>\nLivres publi\u00e9s chez divers \u00e9diteurs : La Part commune \u2014 Gros Textes \u2014Polder,<br \/>\nco-\u00e9dition D\u00e9charge \u2014 Blanc Silex \u2014 .<br \/>\n-Livre d\u2019artiste collectif : Le cimeti\u00e8re de Tr\u00e9boul, hommage \u00e0 Georges Perros,<br \/>\nGalerie les St\u00e8les, 2008<br \/>\n-Ripou\u2019X-\u00e8mes, recueil collectif, \u00e9d. V. Rougier, 2016<br \/>\n-Collectif :- La Bretagne des \u00e9crivains, \u00e9d. Alexandrines.<br \/>\n<strong>Edouard Henri Avril<\/strong>, 12 gravures ; plus connu sous le pseudonyme de Paul<br \/>\nAvril, n\u00e9 le 21 mai 1849 \u00e0 Alger et mort le 28 juillet 1928 au Raincy, est un<br \/>\npeintre et graveur fran\u00e7ais connu pour ses illustrations \u00e9rotiques.<\/p>\n","protected":false},"excerpt":{"rendered":"<p><strong>Jean Pierre Nedelec<\/strong> &#8211; ill.: 12 gravures restaur\u00e9es d&rsquo;Edouard Henri Avril<br \/>\nSANS PR\u00c9CAUTION ; ROUGE ou hommage \u00e0 <strong>Fanny Hill<\/strong><br \/>\n<strong>P<\/strong>lis<strong>U<\/strong>rgent n\u00b038 &#8211; Ouvrage libertin.<br \/>\nISBN : 979-10-93019-37-6 &#8211; 40p. Broch\u00e9 en jaquette.<\/p>\n","protected":false},"featured_media":1740,"template":"","meta":[],"product_brand":[],"product_cat":[17,459],"product_tag":[489,485,488,486,382,487,484],"class_list":{"0":"post-1739","1":"product","2":"type-product","3":"status-publish","4":"has-post-thumbnail","6":"product_cat-plis-urgents","7":"product_cat-poesie-peinture","8":"product_tag-489","9":"product_tag-edouard-henri-avril","10":"product_tag-erotique","11":"product_tag-jean-pierre-nedelec","12":"product_tag-plis-urgents-2","13":"product_tag-poesies-libertines","14":"product_tag-pu38","16":"first","17":"instock","18":"shipping-taxable","19":"purchasable","20":"product-type-simple"},"_links":{"self":[{"href":"http:\/\/www.rougier-atelier.com\/index.php?rest_route=\/wp\/v2\/product\/1739","targetHints":{"allow":["GET"]}}],"collection":[{"href":"http:\/\/www.rougier-atelier.com\/index.php?rest_route=\/wp\/v2\/product"}],"about":[{"href":"http:\/\/www.rougier-atelier.com\/index.php?rest_route=\/wp\/v2\/types\/product"}],"wp:featuredmedia":[{"embeddable":true,"href":"http:\/\/www.rougier-atelier.com\/index.php?rest_route=\/wp\/v2\/media\/1740"}],"wp:attachment":[{"href":"http:\/\/www.rougier-atelier.com\/index.php?rest_route=%2Fwp%2Fv2%2Fmedia&parent=1739"}],"wp:term":[{"taxonomy":"product_brand","embeddable":true,"href":"http:\/\/www.rougier-atelier.com\/index.php?rest_route=%2Fwp%2Fv2%2Fproduct_brand&post=1739"},{"taxonomy":"product_cat","embeddable":true,"href":"http:\/\/www.rougier-atelier.com\/index.php?rest_route=%2Fwp%2Fv2%2Fproduct_cat&post=1739"},{"taxonomy":"product_tag","embeddable":true,"href":"http:\/\/www.rougier-atelier.com\/index.php?rest_route=%2Fwp%2Fv2%2Fproduct_tag&post=1739"}],"curies":[{"name":"wp","href":"https:\/\/api.w.org\/{rel}","templated":true}]}}