{"id":1939,"date":"2014-10-20T15:09:09","date_gmt":"2014-10-20T14:09:09","guid":{"rendered":"http:\/\/www.rougier-atelier.com\/?post_type=product&#038;p=1939"},"modified":"2018-01-02T15:21:05","modified_gmt":"2018-01-02T14:21:05","slug":"rimbaud-design-pu32","status":"publish","type":"product","link":"http:\/\/www.rougier-atelier.com\/?product=rimbaud-design-pu32","title":{"rendered":"Rimbaud design &#8211; PU32"},"content":{"rendered":"<p>Si Rimbaud m\u2019\u00e9tait cont\u00e9\u2026 au XXI e si\u00e8cle. On voudrait savoir les<\/p>\n<p>moindres d\u00e9tails, tels que sa tenue vestimentaire, ses lectures,<br \/>\nce qui sort de ses \u00e9couteurs, etc. Et justement, avec <i>Rimbauddesign<\/i>,<br \/>\nPatricia Castex-Menier a su jouer les paparazzis pour saisir avec sa<br \/>\nplume non seulement cette relation m\u00e8re-fils mais aussi le profil de<br \/>\nRimbaud, les observations et les inqui\u00e9tudes de la m\u00e8re attentive. Elle a r\u00e9ussi \u00e0 nous livrer des clich\u00e9s de voyage,<br \/>\nle partage d\u2019une chanson via un baladeur (\u00ab la m\u00e8re et le fils marchent ainsi, au ras des vagues. Li\u00e9s aux oreillettes.<br \/>\nDr\u00f4les de cordon. \u00bb) et capter la correspondance par SMS entre m\u00e8re et fils. Le tout illustr\u00e9 avec la complicit\u00e9 du graveur<br \/>\nSolirenne.<\/p>\n","protected":false},"excerpt":{"rendered":"<p><b>\u2018\u2019PU 32\u2019\u2019 Rimbau<\/b><b>d d<\/b><b>esign\u00a0<\/b><b>Patricia Castex Menier<\/b><br \/>\n<b>Solirenne gravures<\/b><br \/>\nEmboitage coffret 12 x 17 cm, en couvrure un froiss\u00e9 estampe originale, dedans le livret tirage sur papier Arches et Collora-Book et une gravure originale sign\u00e9e num\u00e9rot\u00e9e \u00e0 4 ex. Sous-verre &#8211; petit cadre noir.<\/p>\n","protected":false},"featured_media":1940,"template":"","meta":[],"product_brand":[],"product_cat":[16,19,17],"product_tag":[516,29,517],"class_list":{"0":"post-1939","1":"product","2":"type-product","3":"status-publish","4":"has-post-thumbnail","6":"product_cat-les-editions","7":"product_cat-livres-dartiste","8":"product_cat-plis-urgents","9":"product_tag-bibliophilie","10":"product_tag-patricia-castex-menier","11":"product_tag-solirennerimbaud","13":"first","14":"instock","15":"shipping-taxable","16":"purchasable","17":"product-type-simple"},"_links":{"self":[{"href":"http:\/\/www.rougier-atelier.com\/index.php?rest_route=\/wp\/v2\/product\/1939","targetHints":{"allow":["GET"]}}],"collection":[{"href":"http:\/\/www.rougier-atelier.com\/index.php?rest_route=\/wp\/v2\/product"}],"about":[{"href":"http:\/\/www.rougier-atelier.com\/index.php?rest_route=\/wp\/v2\/types\/product"}],"wp:featuredmedia":[{"embeddable":true,"href":"http:\/\/www.rougier-atelier.com\/index.php?rest_route=\/wp\/v2\/media\/1940"}],"wp:attachment":[{"href":"http:\/\/www.rougier-atelier.com\/index.php?rest_route=%2Fwp%2Fv2%2Fmedia&parent=1939"}],"wp:term":[{"taxonomy":"product_brand","embeddable":true,"href":"http:\/\/www.rougier-atelier.com\/index.php?rest_route=%2Fwp%2Fv2%2Fproduct_brand&post=1939"},{"taxonomy":"product_cat","embeddable":true,"href":"http:\/\/www.rougier-atelier.com\/index.php?rest_route=%2Fwp%2Fv2%2Fproduct_cat&post=1939"},{"taxonomy":"product_tag","embeddable":true,"href":"http:\/\/www.rougier-atelier.com\/index.php?rest_route=%2Fwp%2Fv2%2Fproduct_tag&post=1939"}],"curies":[{"name":"wp","href":"https:\/\/api.w.org\/{rel}","templated":true}]}}