{"id":1955,"date":"2018-02-04T15:18:44","date_gmt":"2018-02-04T14:18:44","guid":{"rendered":"http:\/\/www.rougier-atelier.com\/?post_type=product&#038;p=1955"},"modified":"2018-02-05T11:47:21","modified_gmt":"2018-02-05T10:47:21","slug":"dans-la-parole-de-lautre-james-sacre-pu48","status":"publish","type":"product","link":"http:\/\/www.rougier-atelier.com\/?product=dans-la-parole-de-lautre-james-sacre-pu48","title":{"rendered":"DANS LA PAROLE DE L&rsquo;AUTRE &#8211; James Sacr\u00e9 &#8211; PU48"},"content":{"rendered":"<p>Ce livret est d\u2019une \u00e9criture nourrie des mots d\u2019autres po\u00e8tes :<br \/>\nleurs propos, titres d\u2019ouvrages et citations sont en italiques.<br \/>\nRencontre avec deux grands artistes contemporains, <strong>Antoine<br \/>\nEmaz et G\u00e9rard Titus-Carmel<\/strong>, qui consolide ces rencontres de<br \/>\nmots avec ses dessins Petites Retombes .<br \/>\nJames Sacr\u00e9 est en amiti\u00e9 avec leur oeuvre depuis longtemps. Il ne<br \/>\nnous fait pas visiter leur atelier mais il parle d\u2019un mur de livres,<br \/>\nd\u2019une nuit des mots \u2013 pour encore une fois s\u2019approprier le blanc du<br \/>\npapier : l\u2019encre et l\u2019\u00e9criture ne m\u00e8nent-ils \u00e0 nouveau qu\u2019\u00e0 l\u2019effacement de ce<br \/>\nblanc virginal ? Malgr\u00e9 la parole de l\u2019autre ; vers quelle nuit ?<br \/>\nNd\u00e9<\/p>\n<p>James Sacr\u00e9.<br \/>\nL\u2019enfance (naissance en 1939) et l\u2019adolescence \u00e0 la ferme des<br \/>\nparents en Vend\u00e9e. Puis l\u2019Ecole normale d\u2019instituteurs de<br \/>\nParthenay. D\u00e9part pour les Etats-Unis en 1965 (enseignement \u00e0<br \/>\nl\u2019universit\u00e9 de Smith College dans le Massachusetts). Nombreux<br \/>\ns\u00e9jours en France, en Italie et au Maroc. En 2010 retour en<br \/>\nFrance \u00e0 Montpellier.<br \/>\nLe premier livre est publi\u00e9 en 1965. Des po\u00e8mes sont donn\u00e9s \u00e0<br \/>\nlire dans la revue Promesse (La femme et le violoncelle, 1966), dans<br \/>\nun volume collectif de la collection Ecrire (Gramin\u00e9es, 1968).<br \/>\nCoeur \u00e9l\u00e9gie rouge para\u00eet au Seuil en 1972 et Figures qui bougent un<br \/>\npeu chez Gallimard en 1978. Puis, \u00e0 partir de 1981 de nombreux<br \/>\nlivres sont \u00e9dit\u00e9s par Andr\u00e9 Dimanche (Une fin d\u2019apr\u00e8s-midi \u00e0<br \/>\nMarrakech,1988, America solitudes, 2010), et chez d\u2019autres \u00e9diteurs :<br \/>\nle D\u00e9 bleu, Obsidiane, beaucoup chez Tarabuste (o\u00f9 je participe<br \/>\nau comit\u00e9 d\u2019entretien de la revue Triages), Le Castor astral, La<br \/>\nDragonne\u2026<br \/>\nQuelques livres autour de l\u2019\u00e9criture des po\u00e8mes : La po\u00e9sie, comment<br \/>\ndire ? (Andr\u00e9 Dimanche, 1993) ; D\u2019autres vanit\u00e9s d\u2019\u00e9criture<br \/>\n(Tarabuste, 2008) ; Parler avec le po\u00e8me (La Baconni\u00e8re, 2013).<br \/>\nPo\u00e9sie : quelque chose entre le coeur (son corps, sa m\u00e9moire et<br \/>\nson d\u00e9sir) et le monde, entre le coeur et les mots. Quelque chose<br \/>\ndans les mots : si c\u2019est un battement de la vie ou du dictionnaire,<br \/>\nquelqu\u2019un me dira bien.<br \/>\nOn trouvera plus de donn\u00e9es biobibliographiques \u00e0 la fin de<br \/>\nFigures qui bougent un peu et autres po\u00e8mes, Po\u00e9sie\/Gallimard, 2016<br \/>\nou dans James Sacr\u00e9, par Alexis Pelletier, Editions des Vanneaux,<br \/>\n\u00ab Pr\u00e9sence de la po\u00e9sie \u00bb, 2015. J.S.<\/p>\n","protected":false},"excerpt":{"rendered":"<p><strong>Antoine Emaz et G\u00e9rard Titus-Carmel<\/strong><br \/>\nLivre broch\u00e9 en jaquette, 300 ex.<br \/>\nnum\u00e9rot\u00e9s &#8211; 56 p., 10.5 x 15 cm,<br \/>\npapier verg\u00e9 Collora-book, 6 dessins<br \/>\n(retombes) sur papier Clairefontaine.<br \/>\nISBN : 979-10-93019-39-0<\/p>\n","protected":false},"featured_media":1956,"template":"","meta":[],"product_brand":[],"product_cat":[16,17,459],"product_tag":[526,521,522,525,382,520,524,523],"class_list":{"0":"post-1955","1":"product","2":"type-product","3":"status-publish","4":"has-post-thumbnail","6":"product_cat-les-editions","7":"product_cat-plis-urgents","8":"product_cat-poesie-peinture","9":"product_tag-526","10":"product_tag-dans-la-parole-de-lautre","11":"product_tag-emaz","12":"product_tag-james-sacre","13":"product_tag-plis-urgents-2","14":"product_tag-pu48","15":"product_tag-retombes","16":"product_tag-titus-carmel","18":"first","19":"instock","20":"featured","21":"shipping-taxable","22":"purchasable","23":"product-type-simple"},"_links":{"self":[{"href":"http:\/\/www.rougier-atelier.com\/index.php?rest_route=\/wp\/v2\/product\/1955","targetHints":{"allow":["GET"]}}],"collection":[{"href":"http:\/\/www.rougier-atelier.com\/index.php?rest_route=\/wp\/v2\/product"}],"about":[{"href":"http:\/\/www.rougier-atelier.com\/index.php?rest_route=\/wp\/v2\/types\/product"}],"wp:featuredmedia":[{"embeddable":true,"href":"http:\/\/www.rougier-atelier.com\/index.php?rest_route=\/wp\/v2\/media\/1956"}],"wp:attachment":[{"href":"http:\/\/www.rougier-atelier.com\/index.php?rest_route=%2Fwp%2Fv2%2Fmedia&parent=1955"}],"wp:term":[{"taxonomy":"product_brand","embeddable":true,"href":"http:\/\/www.rougier-atelier.com\/index.php?rest_route=%2Fwp%2Fv2%2Fproduct_brand&post=1955"},{"taxonomy":"product_cat","embeddable":true,"href":"http:\/\/www.rougier-atelier.com\/index.php?rest_route=%2Fwp%2Fv2%2Fproduct_cat&post=1955"},{"taxonomy":"product_tag","embeddable":true,"href":"http:\/\/www.rougier-atelier.com\/index.php?rest_route=%2Fwp%2Fv2%2Fproduct_tag&post=1955"}],"curies":[{"name":"wp","href":"https:\/\/api.w.org\/{rel}","templated":true}]}}