{"id":2027,"date":"2018-05-28T10:04:47","date_gmt":"2018-05-28T09:04:47","guid":{"rendered":"http:\/\/www.rougier-atelier.com\/?post_type=product&#038;p=2027"},"modified":"2018-05-28T10:04:47","modified_gmt":"2018-05-28T09:04:47","slug":"nezahualcoyotl-pu50-claude-beausoleil","status":"publish","type":"product","link":"http:\/\/www.rougier-atelier.com\/?product=nezahualcoyotl-pu50-claude-beausoleil","title":{"rendered":"NEZAHUALCOYOTL &#8211; PU50 &#8211; Claude Beausoleil"},"content":{"rendered":"<p>Prince \u0394 Po\u00e8te \u0394 Architecte \u0394 Philosophe<br \/>\nPo\u00e8me<br \/>\n\u00c0 la rencontre de \u00abNezahualcoyotl Acolmiztli, surnomm\u00e9 Yoyontzin,<br \/>\nnaquit et mourut \u00e0 Texcoco, ville situ\u00e9e dans la vall\u00e9e de Mexico au Mexique.<br \/>\nIl fut le dirigeant de cette ville et du peuple acolhua de 1431 \u00e0 1472.\u00bb<br \/>\n&#8230;\/\/L\u2019Am\u00e9rique<br \/>\nn\u2019\u00e9tait pas encore ainsi nomm\u00e9e<br \/>\nque le continent poss\u00e9dait \u00e0 foison<br \/>\nde multiples musiques<br \/>\net d\u2019innombrables langues<br \/>\npour exprimer<br \/>\nfortement<br \/>\nla vigueur originale &#8230;\/\/<br \/>\nUn \u00e9loge o\u00f9 l\u2019auteur nous plonge avec ce grand po\u00e8me en vers<br \/>\ndans un 15\u00e8 si\u00e8cle pr\u00e9colombien ; un prince gouverne la cit\u00e9,<br \/>\nen laisse des traces qui nous interpellent : Autorit\u00e9, arts et<br \/>\nphilosophie, architecture et po\u00e9sie. Impossible, alors ce d\u00e9sir de<br \/>\n\u00abtout\u00bb est-il un mal li\u00e9 \u00e0 ce Prince qui, chef d\u2019orchestre, dirige son<br \/>\npeuple et lui fait chanter le sang, l\u2019amiti\u00e9, le soleil et les fleurs ; le<br \/>\nfait b\u00e2tir palais et temples \u00e0 la divinit\u00e9 du Vide ?<br \/>\nNezahualcoyotl est un po\u00e8me vertical et ramifi\u00e9 qui scande avec<br \/>\njubilation la bri\u00e8vet\u00e9 du Temps.<\/p>\n<p>Po\u00e8te n\u00e9 au Qu\u00e9bec en 1948. A publi\u00e9 plus d\u2019une soixantaine d\u2019ouvrages<br \/>\ndepuis 1972. Traduit dans une douzaine de langues, auteur d\u2019anthologies ,<br \/>\ndont Un Si\u00e8cle de po\u00e9sie mexicaine (\u00abPoints\u00bb, Seuil), il est directeur de la<br \/>\nrevue L\u00e8vres urbaines.<br \/>\nAUTRES OUVRAGES<br \/>\n&#8230;\/\/ Po\u00e9sies<br \/>\nRegarde, tu vois (2006)<br \/>\nL\u2019inscription lyrique (2007)<br \/>\nSonnets num\u00e9riques (2007)<br \/>\nLa blessure du silence (2009)<br \/>\nBlack Billie ( 2010)<br \/>\nL\u2019autre voix (2011)L\u2019autre voix (2011)<br \/>\nDe plus loin que le vent (2011)<br \/>\nAm\u00e9rikerouac (2012)<br \/>\nCette musique de Keats (2017)<\/p>\n","protected":false},"excerpt":{"rendered":"<p><strong>Po\u00e8me illustr\u00e9 de gravures de V. Rougier.<\/strong><em><br \/>\n\u00c0 la rencontre de \u00abNezahualcoyotl Acolmiztli, surnomm\u00e9 Yoyontzin,<br \/>\nnaquit et mourut \u00e0 Texcoco, ville situ\u00e9e dans la vall\u00e9e de Mexico au Mexique.<br \/>\nIl fut le dirigeant de cette ville et du peuple acolhua de 1431 \u00e0 1472.\u00bb<br \/>\n<strong>Livre broch\u00e9 en jaquette, 300 ex.<\/strong><br \/>\nnum\u00e9rot\u00e9s &#8211; 56 p., 10.5 x 15 cm,<br \/>\npapier verg\u00e9 Collora-book.<br \/>\nTirage courant : 13\u20ac.<br \/>\nISBN 979-10-93019-41-3<br \/>\nDisponible sur :<br \/>\nGencod Dilicom 310 559 410 44 10<br \/>\nElectre, SFL et Rougier-atelier<\/p>\n","protected":false},"featured_media":2028,"template":"","meta":[],"product_brand":[],"product_cat":[16,17],"product_tag":[539,537,536,538,223,40],"class_list":{"0":"post-2027","1":"product","2":"type-product","3":"status-publish","4":"has-post-thumbnail","6":"product_cat-les-editions","7":"product_cat-plis-urgents","8":"product_tag-539","9":"product_tag-clause-beausoleil","10":"product_tag-nezahualdoyotl","11":"product_tag-pu50","12":"product_tag-rougier-v-ed","13":"product_tag-vincent-rougier","15":"first","16":"instock","17":"shipping-taxable","18":"purchasable","19":"product-type-simple"},"_links":{"self":[{"href":"http:\/\/www.rougier-atelier.com\/index.php?rest_route=\/wp\/v2\/product\/2027","targetHints":{"allow":["GET"]}}],"collection":[{"href":"http:\/\/www.rougier-atelier.com\/index.php?rest_route=\/wp\/v2\/product"}],"about":[{"href":"http:\/\/www.rougier-atelier.com\/index.php?rest_route=\/wp\/v2\/types\/product"}],"wp:featuredmedia":[{"embeddable":true,"href":"http:\/\/www.rougier-atelier.com\/index.php?rest_route=\/wp\/v2\/media\/2028"}],"wp:attachment":[{"href":"http:\/\/www.rougier-atelier.com\/index.php?rest_route=%2Fwp%2Fv2%2Fmedia&parent=2027"}],"wp:term":[{"taxonomy":"product_brand","embeddable":true,"href":"http:\/\/www.rougier-atelier.com\/index.php?rest_route=%2Fwp%2Fv2%2Fproduct_brand&post=2027"},{"taxonomy":"product_cat","embeddable":true,"href":"http:\/\/www.rougier-atelier.com\/index.php?rest_route=%2Fwp%2Fv2%2Fproduct_cat&post=2027"},{"taxonomy":"product_tag","embeddable":true,"href":"http:\/\/www.rougier-atelier.com\/index.php?rest_route=%2Fwp%2Fv2%2Fproduct_tag&post=2027"}],"curies":[{"name":"wp","href":"https:\/\/api.w.org\/{rel}","templated":true}]}}