{"id":2151,"date":"2018-11-03T10:03:02","date_gmt":"2018-11-03T09:03:02","guid":{"rendered":"http:\/\/www.rougier-atelier.com\/?post_type=product&#038;p=2151"},"modified":"2018-11-03T10:03:02","modified_gmt":"2018-11-03T09:03:02","slug":"ficelle-n135-la-morsure","status":"publish","type":"product","link":"http:\/\/www.rougier-atelier.com\/?product=ficelle-n135-la-morsure","title":{"rendered":"ficelle n\u00b0135 &#8211; La Morsure"},"content":{"rendered":"<p><strong>J\u00e9r\u00f4me Villedieu :<\/strong><br \/>\nN\u00e9 en 1970 \u00e0 Caen, J\u00e9r\u00f4me Villedieu a pass\u00e9 son enfance<br \/>\ndans l\u2019Orne, puis \u00e9tudi\u00e9 la philosophie \u00e0 Nanterre et \u00e0 Caen.<br \/>\nIl travaille aupr\u00e8s d\u2019adolescents et anime parfois des ateliers<br \/>\nd\u2019\u00e9criture, seul ou avec d\u2019autres (Arnaud Churin et le \u00ab<br \/>\nProjet Guillaume \u00bb, Nathalie Michel et \u00ab Les Extr\u00eames \u00bb&#8230;).<br \/>\nApr\u00e8s une publication dans la revue La Barbacane, a publi\u00e9<br \/>\ndans d\u2019autres revues (Coaltar, Secousse, Vocatif, remue.<br \/>\nnet) et en recueils (Proc\u00e9dures du Silence Lucie \u00e9ditions<br \/>\n2014, Dinosaures Bains-Douches 2016, PPL Les Cahiers des<br \/>\nImpossibles 2018).<br \/>\n<strong>Jean-Marc Scanreigh :<\/strong><br \/>\nArtiste fran\u00e7ais n\u00e9 le 27 septembre 1950 \u00e0 Marrakech<br \/>\n(Maroc). Il r\u00e9alise des dessins, des peintures, des estampes et<br \/>\ndes livres d\u2019artiste.<br \/>\nDepuis 2007, J.-M. Scanreigh vit \u00e0 N\u00eemes o\u00f9 il enseigne \u00e0<br \/>\nl\u2019\u00c9cole des Beaux-arts de N\u00eemes apr\u00e8s avoir \u00e9t\u00e9 enseignant<br \/>\ndans les \u00e9coles de Saint-\u00c9tienne et de Besan\u00e7on.<br \/>\nLivres d\u2019artiste : Depuis 1993, Scanreigh a imprim\u00e9 de<br \/>\nnombreux \u00ab placards \u00bb avec des \u00e9crivains et des po\u00e8tes,<br \/>\nce qui va de pair avec la cr\u00e9ation de livres d\u2019artiste et les<br \/>\nillustrations originales pour des \u00e9diteurs. Son oeuvre grav\u00e9e<br \/>\ncomporte 150 livres et entre 800 et 900 estampes, bois,<br \/>\nlinos, eaux-fortes, s\u00e9rigraphies, phototypies. Aujourd\u2019hui<br \/>\nl\u2019import-export intensif entre peinture et gravure ne permet<br \/>\nplus de dire o\u00f9 est l\u2019\u00e9tincelle instigatrice mais il est certain<br \/>\nque le travail du trait \u2014 l\u2019incision \u2014 a d\u00e9termin\u00e9 toute une<br \/>\nconception du dessin et de la peinture.<br \/>\nhttp:\/\/<a href=\"http:\/\/www.scanreigh.com\">www.scanreigh.com<\/a><\/p>\n","protected":false},"excerpt":{"rendered":"<p><strong>La Morsure &#8211; J\u00e9r\u00f4me Villedieu &#8211; dessins de J.M Scanreigh<br \/>\n<\/strong>ISBN : 9791093019475<br \/>\n32p. broch\u00e9, en enveloppe Mail-Art<br \/>\nLa Morsure : Stances ou l\u2019auteur fait \u00e9cho \u00e0 un<br \/>\nengagement qui se retrouve dans les ateliers qu\u2019il<br \/>\nmonte avec d\u2019autres \u2014 en ce moment avec Nathalie<br \/>\nMichel sur les extr\u00eames, ou auparavant avec Arnaud<br \/>\nChurin sur l\u2019identit\u00e9\u2026<br \/>\nLe texte par le d\u2019une \u00e9preuve et du refus des<br \/>\nsolutions simplistes.<br \/>\nIl me semble que nous y sommes (encore)\u2026<br \/>\n<em>Un r\u00e9gal de litt\u00e9rature po\u00e9tique pr\u00e9sente<br \/>\nadmirablement illustr\u00e9 par Scanreigh&#8230;<\/em><\/p>\n","protected":false},"featured_media":2152,"template":"","meta":[],"product_brand":[],"product_cat":[16,15],"product_tag":[554,558,556,557,555],"class_list":{"0":"post-2151","1":"product","2":"type-product","3":"status-publish","4":"has-post-thumbnail","6":"product_cat-les-editions","7":"product_cat-revue-ficelleplisurgents","8":"product_tag-554","9":"product_tag-ficelle-n135","10":"product_tag-j-m-scanreigh","11":"product_tag-jerome-villedieu","12":"product_tag-la-morsure","14":"first","15":"instock","16":"featured","17":"shipping-taxable","18":"purchasable","19":"product-type-simple"},"_links":{"self":[{"href":"http:\/\/www.rougier-atelier.com\/index.php?rest_route=\/wp\/v2\/product\/2151","targetHints":{"allow":["GET"]}}],"collection":[{"href":"http:\/\/www.rougier-atelier.com\/index.php?rest_route=\/wp\/v2\/product"}],"about":[{"href":"http:\/\/www.rougier-atelier.com\/index.php?rest_route=\/wp\/v2\/types\/product"}],"wp:featuredmedia":[{"embeddable":true,"href":"http:\/\/www.rougier-atelier.com\/index.php?rest_route=\/wp\/v2\/media\/2152"}],"wp:attachment":[{"href":"http:\/\/www.rougier-atelier.com\/index.php?rest_route=%2Fwp%2Fv2%2Fmedia&parent=2151"}],"wp:term":[{"taxonomy":"product_brand","embeddable":true,"href":"http:\/\/www.rougier-atelier.com\/index.php?rest_route=%2Fwp%2Fv2%2Fproduct_brand&post=2151"},{"taxonomy":"product_cat","embeddable":true,"href":"http:\/\/www.rougier-atelier.com\/index.php?rest_route=%2Fwp%2Fv2%2Fproduct_cat&post=2151"},{"taxonomy":"product_tag","embeddable":true,"href":"http:\/\/www.rougier-atelier.com\/index.php?rest_route=%2Fwp%2Fv2%2Fproduct_tag&post=2151"}],"curies":[{"name":"wp","href":"https:\/\/api.w.org\/{rel}","templated":true}]}}