{"id":217,"date":"2014-02-15T15:52:27","date_gmt":"2014-02-15T14:52:27","guid":{"rendered":"http:\/\/www.rougier-atelier.com\/?post_type=product&#038;p=217"},"modified":"2014-06-03T17:39:32","modified_gmt":"2014-06-03T16:39:32","slug":"plis-urgents-n31-la-grammaire-des-pierres","status":"publish","type":"product","link":"http:\/\/www.rougier-atelier.com\/?product=plis-urgents-n31-la-grammaire-des-pierres","title":{"rendered":"Plis Urgents n\u00b031 &#8211; La Grammaire des Pierres"},"content":{"rendered":"<p>Partition insolite d\u2019un Amphion du Verbe, Eberhard Haefner prospecte entre \u00ab\u00a0sens et essence\u00a0\u00bb, les Images du pr\u00e9sent se m\u00ealent aux r\u00e9miniscences. Son parolier fran\u00e7ais, Alain Jadot, interpr\u00e8te en \u00e9cho la partition allemande. Vincent Rougier signe en proue et marge l\u2019ambigu\u00eft\u00e9 fugace.<br \/>\n\u00ab\u00a0Voici donc quelques nouvelles fra\u00eeches de l\u2019insaisissable \u00abr\u00e9el\u00bb : elles clignotent au rythme de la boule \u00e0 facettes verbales qu\u2019est chaque po\u00e8me\u00a0\u00bb. Christian Prigent.<\/p>\n<p>Eberhard Haefner, n\u00e9 en 1941 dans le Thuringe (D), vit \u00e0 Berlin.<br \/>\nAlain Jadot, n\u00e9 en 1947 \u00e0 Aubervilliers (F), vit aussi \u00e0 Berlin.<br \/>\nVincent Rougier, n\u00e9 en 1948 \u00e0 Paris (F), vit \u00e0 Soligny la Trappe en Normandie.<\/p>\n<p>Genre\u00a0: Po\u00e9sie\/livre d\u2019artiste, broch\u00e9 cousu Singer EA249663.<br \/>\n500 ex. num\u00e9rot\u00e9s, en jaquette, imprim\u00e9 sur verg\u00e9 CorollaBook.<\/p>\n<p>Collection \u00ab\u00a0Plis Urgents\u00a0\u00bb &#8211; format 10 x 15 cm \u2013 50 pages couleurs \u2013 broch\u00e9, sous jaquette \u2013 15 Exemplaires de t\u00eate en coffrets enrichis d\u2019une gravure originale\u00a0\u00bb. 80\u20ac<\/p>\n<p>Prix du livre\u00a0: 16\u20ac Mise en vente\u00a0: F\u00e9vrier 2014<\/p>\n","protected":false},"excerpt":{"rendered":"<p>Plis Urgents n\u00b031 &#8211; La Grammaire des Pierres<br \/>\nAut.: Eberhard Haefner \u2013 En fran\u00e7ais par alain jadot<br \/>\n&#8211; ISBN 979-10-93019-01-7 &#8211; 50 p. Couleurs. Broch\u00e9 jaquette.<br \/>\nPo\u00e9sie du regard. Bilingue.<\/p>\n","protected":false},"featured_media":231,"template":"","meta":[],"product_brand":[],"product_cat":[17],"product_tag":[166,165,164],"class_list":{"0":"post-217","1":"product","2":"type-product","3":"status-publish","4":"has-post-thumbnail","6":"product_cat-plis-urgents","7":"product_tag-jadot","8":"product_tag-haefner","9":"product_tag-la-grammaire-des-pierres","11":"first","12":"instock","13":"featured","14":"shipping-taxable","15":"purchasable","16":"product-type-simple"},"_links":{"self":[{"href":"http:\/\/www.rougier-atelier.com\/index.php?rest_route=\/wp\/v2\/product\/217","targetHints":{"allow":["GET"]}}],"collection":[{"href":"http:\/\/www.rougier-atelier.com\/index.php?rest_route=\/wp\/v2\/product"}],"about":[{"href":"http:\/\/www.rougier-atelier.com\/index.php?rest_route=\/wp\/v2\/types\/product"}],"wp:featuredmedia":[{"embeddable":true,"href":"http:\/\/www.rougier-atelier.com\/index.php?rest_route=\/wp\/v2\/media\/231"}],"wp:attachment":[{"href":"http:\/\/www.rougier-atelier.com\/index.php?rest_route=%2Fwp%2Fv2%2Fmedia&parent=217"}],"wp:term":[{"taxonomy":"product_brand","embeddable":true,"href":"http:\/\/www.rougier-atelier.com\/index.php?rest_route=%2Fwp%2Fv2%2Fproduct_brand&post=217"},{"taxonomy":"product_cat","embeddable":true,"href":"http:\/\/www.rougier-atelier.com\/index.php?rest_route=%2Fwp%2Fv2%2Fproduct_cat&post=217"},{"taxonomy":"product_tag","embeddable":true,"href":"http:\/\/www.rougier-atelier.com\/index.php?rest_route=%2Fwp%2Fv2%2Fproduct_tag&post=217"}],"curies":[{"name":"wp","href":"https:\/\/api.w.org\/{rel}","templated":true}]}}