{"id":2188,"date":"2018-12-21T17:19:49","date_gmt":"2018-12-21T16:19:49","guid":{"rendered":"http:\/\/www.rougier-atelier.com\/?post_type=product&#038;p=2188"},"modified":"2019-05-18T09:28:45","modified_gmt":"2019-05-18T08:28:45","slug":"eclipses-pu51-florence-saint-roch","status":"publish","type":"product","link":"http:\/\/www.rougier-atelier.com\/?product=eclipses-pu51-florence-saint-roch","title":{"rendered":"\u00c9CLIPSES &#8211; PU51 &#8211; FLORENCE SAINT-ROCH"},"content":{"rendered":"<p><strong>Florence Saint-Roch<\/strong><\/em><\/strong> <em>est n\u00e9e en 1965 \u00e0 Saint-Omer, o\u00f9 elle vit et travaille beaucoup\u2026 Beaucoup en&#8230; Partages &#038; po\u00e9sie.<\/em><\/strong><\/em><\/strong><\/p>\n<p> &#8230;\/\/<\/p>\n<blockquote><p>Les couleurs s\u2019absentent<br \/>\nL\u2019air oublie de circuler<\/p>\n<p>Ratures d\u2019\u00e9tain<\/p>\n<p>On aime le gris d\u2019ordinaire<br \/>\nSes nuances ses subtilit\u00e9s<\/p>\n<p>Celui-l\u00e0 para\u00eet si d\u00e9finitif<br \/>\nLe gris d\u2019un bleu qui ne reviendrait jamais <\/p><\/blockquote>\n<p> &#8230;\/\/<\/p>\n<p>Le 20 mars 2015 \u00e9tait \u00e0 marquer d\u2019une pierre blanche : mon agenda consacrait la journ\u00e9e \u00e0 Claude Vercey, venu c\u00e9l\u00e9brer le Printemps des po\u00e8tes avec des \u00e9coliers de la r\u00e9gion de Saint-Omer, tandis que le calendrier solaire, ainsi nous le rab\u00e2chaient les m\u00e9dias, annon\u00e7ait une \u00e9clipse totale du soleil.<br \/>\nVie solaire et vie scolaire ne sont pas toujours compatibles, et pour ce 20 mars en effet, impressionn\u00e9 sans doute par la dangerosit\u00e9 du ph\u00e9nom\u00e8ne et s\u2019en tenant \u00e0 un rigoureux principe de pr\u00e9caution, le minist\u00e8re de l\u2019\u00c9ducation nationale diffusa une directive interdisant l\u2019observation de l\u2019\u00e9clipse en dehors de sessions p\u00e9dagogiques encadr\u00e9es par les enseignants. \/\/&#8230;<\/p>\n<p><strong>Anne Slacik. Bio-biblio \u2014 Wikip\u00e9dia<\/strong><br \/>\nApr\u00e8s des \u00e9tudes en arts plastiques \u00e0 l\u2019universit\u00e9 de Provence, puis \u00e0 l\u2019universit\u00e9 de Paris I, Anne Slacik obtient un dipl\u00f4me de troisi\u00e8me cycle et une agr\u00e9gation d\u2019arts plastiques en 19841.<br \/>\nLa couleur est au c\u0153ur de son cheminement, utilis\u00e9e dans sa fluidit\u00e9 sur de grands formats, peinte sur les livres et les manuscrits, comme un va-et-vient possible entre la peinture et le livre, entre la peinture et la po\u00e9sie. Cette musique de Keats (2017).<br \/>\nEn plus de son \u0153uvre de peintre, elle r\u00e9alise de nombreux livres d\u2019artistes, livres illustr\u00e9s et livres peints. Elle travaille avec des auteurs3 comme Michel Butor, Kenneth White, Bernard No\u00ebl, Alain Freixe, Joseph Guglielmi, Jean-Pierre Faye, Tita Reut4, Pierre Sansot, Bernard Chambaz, etc.<\/p>\n","protected":false},"excerpt":{"rendered":"<p>Florence Saint-Roch<br \/>\n\u00c9CLIPSES<br \/>\nPo\u00e8mes illustr\u00e9s<br \/>\n<strong>Peintures d\u2019<a href=\"http:\/\/www.anneslacik.com\" rel=\"noopener\" target=\"_blank\">Anne Slacik<\/a><\/strong><br \/>\nnum\u00e9rot\u00e9s &#8211; 32 p., 10.5 x 15 cm, papier verg\u00e9 Collora-book.<br \/>\nTirage courant : 13\u20ac.<br \/>\nISBN 979-10-93019-42-0<br \/>\nGencod Dilicom 310 559 410 44 10 <\/p>\n","protected":false},"featured_media":2189,"template":"","meta":[],"product_brand":[],"product_cat":[16,17],"product_tag":[585],"class_list":{"0":"post-2188","1":"product","2":"type-product","3":"status-publish","4":"has-post-thumbnail","6":"product_cat-les-editions","7":"product_cat-plis-urgents","8":"product_tag-florence-saint-roc","10":"first","11":"instock","12":"featured","13":"shipping-taxable","14":"purchasable","15":"product-type-simple"},"_links":{"self":[{"href":"http:\/\/www.rougier-atelier.com\/index.php?rest_route=\/wp\/v2\/product\/2188","targetHints":{"allow":["GET"]}}],"collection":[{"href":"http:\/\/www.rougier-atelier.com\/index.php?rest_route=\/wp\/v2\/product"}],"about":[{"href":"http:\/\/www.rougier-atelier.com\/index.php?rest_route=\/wp\/v2\/types\/product"}],"wp:featuredmedia":[{"embeddable":true,"href":"http:\/\/www.rougier-atelier.com\/index.php?rest_route=\/wp\/v2\/media\/2189"}],"wp:attachment":[{"href":"http:\/\/www.rougier-atelier.com\/index.php?rest_route=%2Fwp%2Fv2%2Fmedia&parent=2188"}],"wp:term":[{"taxonomy":"product_brand","embeddable":true,"href":"http:\/\/www.rougier-atelier.com\/index.php?rest_route=%2Fwp%2Fv2%2Fproduct_brand&post=2188"},{"taxonomy":"product_cat","embeddable":true,"href":"http:\/\/www.rougier-atelier.com\/index.php?rest_route=%2Fwp%2Fv2%2Fproduct_cat&post=2188"},{"taxonomy":"product_tag","embeddable":true,"href":"http:\/\/www.rougier-atelier.com\/index.php?rest_route=%2Fwp%2Fv2%2Fproduct_tag&post=2188"}],"curies":[{"name":"wp","href":"https:\/\/api.w.org\/{rel}","templated":true}]}}