{"id":225,"date":"2014-02-15T17:20:57","date_gmt":"2014-02-15T16:20:57","guid":{"rendered":"http:\/\/www.rougier-atelier.com\/?post_type=product&#038;p=225"},"modified":"2014-09-24T11:05:48","modified_gmt":"2014-09-24T10:05:48","slug":"ficelle-n117-courants-505-le-vide","status":"publish","type":"product","link":"http:\/\/www.rougier-atelier.com\/?product=ficelle-n117-courants-505-le-vide","title":{"rendered":"ficelle n\u00b0117 &#8211; COURANTS 505 : LE VIDE"},"content":{"rendered":"<p>Po\u00e9sie du regard<\/p>\n<p>L\u2019auteur nous livre l\u00e0 505 br\u00e8ves po\u00e9tiques<br \/>\nintitul\u00e9es \u00ab\u00a0courants\u00a0\u00bb r\u00e9partis en 15 chapitres.<br \/>\nDes propos performants tr\u00e8s concis ou les mots<br \/>\ns&rsquo;inscrivent dans un espace en pleine extension,<br \/>\nse bouleversent, nomment.<\/p>\n<p>Philippe Jaffeux<br \/>\nN\u00e9 \u00e0 Paris, habite dans le Var. Etudes de Lettres et de Cin\u00e9ma. Alphabet est un texte compos\u00e9 de 390 pages divis\u00e9es en 15 lettres de 26 pages. Les \u00e9ditions de L\u2019Atelier de l\u2019agneau ont publi\u00e9 la lettre O \/ L\u2019AN en Septembre 2011. Des extraits de Alphabet ont \u00e9t\u00e9 publi\u00e9 en revues : Ouste, Boxon, N-4728.<br \/>\nDissonances, Cahier du sens, Comme un terrier dans\u2026, Soleils et cendre, In\u00e9dits Nouveaux, Comme en po\u00e9sie&#8230;, entre autres et sur internet : Sitaudis.fr, Passages d\u2019encre,<br \/>\nTapages, Incertain regard&#8230;, notamment. Articles sur O\/L\u2019AN : C. Vercey : I.D N\u00b0359 et 359 bis dans D\u00e9charge, J.Barbaut dans Parutions de Sitaudis, Y.Torlinni sur Tapages.<br \/>\n7 \u00e0 77 ans<br \/>\nGenre : Po\u00e9sie\/livre d\u2019artiste, broch\u00e9, pr\u00e9sent\u00e9e en enveloppe timbr\u00e9e d\u2019artiste, pr\u00eat \u00e0 poster. 300 ex.<\/p>\n<p>Tirage de T\u00eate en coffret : Tirage de 15 ex., 1 gravure originale, 1 froiss\u00e9, le sous-verre et le coffret : 60\u20ac<\/p>\n<p>Collection \u00ab ficelle \u00bb &#8211; format 10 x 15 cm \u2013 48 pages \u2013 broch\u00e9 sous enveloppe. \u2013<\/p>\n<p>Prix : 9\u20ac Mise en vente : Mars 2014<br \/>\nISBN 979-10-93019-02-4<br \/>\nISSN 1252-5405 \u2014 EAN : 9791093019024<\/p>\n<p><a href=\"http:\/\/www.philippejaffeux.com\/\" target=\"_blank\">http:\/\/www.philippejaffeux.com\/<\/a><\/p>\n","protected":false},"excerpt":{"rendered":"<p>Aut.: Philippe Jaffeux, ill. Vincent Rougier &#8211; ISBN 9791093301902-4 &#8211; ISSN 1252-5405<br \/>\n48 p. Couleurs. Broch\u00e9, enveloppe Mail-Art.<br \/>\nPo\u00e9sie du regard.<\/p>\n","protected":false},"featured_media":676,"template":"","meta":[],"product_brand":[],"product_cat":[15],"product_tag":[234,235,233,158,232,40],"class_list":{"0":"post-225","1":"product","2":"type-product","3":"status-publish","4":"has-post-thumbnail","6":"product_cat-revue-ficelleplisurgents","7":"product_tag-courants","8":"product_tag-courants-505","9":"product_tag-performance","10":"product_tag-jaffeux","11":"product_tag-poesie","12":"product_tag-vincent-rougier","14":"first","15":"instock","16":"shipping-taxable","17":"purchasable","18":"product-type-simple"},"_links":{"self":[{"href":"http:\/\/www.rougier-atelier.com\/index.php?rest_route=\/wp\/v2\/product\/225","targetHints":{"allow":["GET"]}}],"collection":[{"href":"http:\/\/www.rougier-atelier.com\/index.php?rest_route=\/wp\/v2\/product"}],"about":[{"href":"http:\/\/www.rougier-atelier.com\/index.php?rest_route=\/wp\/v2\/types\/product"}],"wp:featuredmedia":[{"embeddable":true,"href":"http:\/\/www.rougier-atelier.com\/index.php?rest_route=\/wp\/v2\/media\/676"}],"wp:attachment":[{"href":"http:\/\/www.rougier-atelier.com\/index.php?rest_route=%2Fwp%2Fv2%2Fmedia&parent=225"}],"wp:term":[{"taxonomy":"product_brand","embeddable":true,"href":"http:\/\/www.rougier-atelier.com\/index.php?rest_route=%2Fwp%2Fv2%2Fproduct_brand&post=225"},{"taxonomy":"product_cat","embeddable":true,"href":"http:\/\/www.rougier-atelier.com\/index.php?rest_route=%2Fwp%2Fv2%2Fproduct_cat&post=225"},{"taxonomy":"product_tag","embeddable":true,"href":"http:\/\/www.rougier-atelier.com\/index.php?rest_route=%2Fwp%2Fv2%2Fproduct_tag&post=225"}],"curies":[{"name":"wp","href":"https:\/\/api.w.org\/{rel}","templated":true}]}}