{"id":2270,"date":"2019-03-02T19:22:44","date_gmt":"2019-03-02T18:22:44","guid":{"rendered":"http:\/\/www.rougier-atelier.com\/?post_type=product&#038;p=2270"},"modified":"2019-03-02T19:27:05","modified_gmt":"2019-03-02T18:27:05","slug":"la-morsure","status":"publish","type":"product","link":"http:\/\/www.rougier-atelier.com\/?product=la-morsure","title":{"rendered":"LA MORSURE"},"content":{"rendered":"<p>La Morsure : Stances ou l\u2019auteur fait \u00e9cho \u00e0 un engagement qui se retrouve dans les ateliers qu\u2019il monte avec d\u2019autres \u2014 en ce moment avec Nathalie Michel sur les extr\u00eames, ou auparavant avec Arnaud Churin sur l\u2019identit\u00e9\u2026\u00a0Le texte parle d\u2019une \u00e9preuve et du refus des solutions simplistes.\u00a0Il me semble que nous y sommes (<i>encore<\/i>)\u2026<\/p>\n<p><i>Un r\u00e9gal de litt\u00e9rature po\u00e9tique pr\u00e9sente\u00a0<\/i><i>admirablement illustr\u00e9 par Scanreigh..<\/i><i>.<\/i><\/p>\n<p><b>J\u00e9r\u00f4me Villedieu<\/b> :<\/p>\n<p>N\u00e9 en 1970 \u00e0 Caen, J\u00e9r\u00f4me Villedieu a pass\u00e9 son enfance dans l\u2019Orne, puis \u00e9tudi\u00e9 la philosophie \u00e0 Nanterre et \u00e0 Caen. Il travaille aupr\u00e8s d\u2019adolescents et anime parfois des ateliers d\u2019\u00e9criture, seul ou avec d\u2019autres (Arnaud Churin et le \u00ab Projet Guillaume \u00bb, Nathalie Michel et \u00ab Les Extr\u00eames \u00bb&#8230;). Apr\u00e8s une publication dans la revue La Barbacane, a publi\u00e9 dans d\u2019autres revues (Coaltar, Secousse, Vocatif, <b>remue.net<\/b>) et en recueils (Proc\u00e9dures du Silence Lucie \u00e9ditions 2014, Dinosaures Bains-Douches 2016, PPL Les Cahiers des Impossibles 2018).<\/p>\n<p><a href=\"http:\/\/www.scanreigh.com\"><b>Jean-Marc Scanreigh<\/b> <\/a>:<\/p>\n<p>Artiste fran\u00e7ais n\u00e9 le 27 septembre 1950 \u00e0 Marrakech (Maroc). Il r\u00e9alise des dessins, des peintures, des estampes et des livres d\u2019artiste.Depuis 2007, J.-M. Scanreigh vit \u00e0 N\u00eemes o\u00f9 il enseigne \u00e0 l\u2019\u00c9cole des Beaux-arts de N\u00eemes apr\u00e8s avoir \u00e9t\u00e9 enseignant dans les \u00e9coles de Saint-\u00c9tienne et de Besan\u00e7on.\u00a0<b>Livres d\u2019artiste<\/b> : Depuis 1993, Scanreigh a imprim\u00e9 de nombreux \u00ab placards \u00bb avec des \u00e9crivains et des po\u00e8tes, ce qui va de pair avec la cr\u00e9ation de livres d\u2019artiste et les illustrations originales pour des \u00e9diteurs. Son \u0153uvre grav\u00e9e comporte 150 livres et entre 800 et 900 estampes, bois, linos, eaux-fortes, s\u00e9rigraphies, phototypies. Aujourd\u2019hui l\u2019import-export intensif entre peinture et gravure ne permet plus de dire o\u00f9 est l\u2019\u00e9tincelle instigatrice mais il est certain que le travail du trait \u2014 l\u2019incision \u2014 a d\u00e9termin\u00e9 toute une conception du dessin et de la peinture.<\/p>\n","protected":false},"excerpt":{"rendered":"<p>J\u00e9r\u00f4me Villedieu illustr\u00e9 par J.M Scanreigh.<\/p>\n<p>Coffret 11 x 16 x 2 cm<\/p>\n<p>Livret broch\u00e9 couture plate, 300 ex. et 10 ex. en coffrets tirages de t\u00eate agr\u00e9ment\u00e9s d\u2019un dessin original.<\/p>\n<p>Bibliophilie, contenant un dessin original encadr\u00e9 et un \u00ab\u00a0froiss\u00e9\u00a0\u00bb.<\/p>\n<p>32 p., 10,5 x 15 cm.<\/p>\n","protected":false},"featured_media":2271,"template":"","meta":[],"product_brand":[],"product_cat":[191,16,15,19],"product_tag":[580,64],"class_list":{"0":"post-2270","1":"product","2":"type-product","3":"status-publish","4":"has-post-thumbnail","6":"product_cat-beaux-arts","7":"product_cat-les-editions","8":"product_cat-revue-ficelleplisurgents","9":"product_cat-livres-dartiste","10":"product_tag-ficelle-235","11":"product_tag-jean-marc-scanreigh","13":"first","14":"instock","15":"shipping-taxable","16":"purchasable","17":"product-type-simple"},"_links":{"self":[{"href":"http:\/\/www.rougier-atelier.com\/index.php?rest_route=\/wp\/v2\/product\/2270","targetHints":{"allow":["GET"]}}],"collection":[{"href":"http:\/\/www.rougier-atelier.com\/index.php?rest_route=\/wp\/v2\/product"}],"about":[{"href":"http:\/\/www.rougier-atelier.com\/index.php?rest_route=\/wp\/v2\/types\/product"}],"wp:featuredmedia":[{"embeddable":true,"href":"http:\/\/www.rougier-atelier.com\/index.php?rest_route=\/wp\/v2\/media\/2271"}],"wp:attachment":[{"href":"http:\/\/www.rougier-atelier.com\/index.php?rest_route=%2Fwp%2Fv2%2Fmedia&parent=2270"}],"wp:term":[{"taxonomy":"product_brand","embeddable":true,"href":"http:\/\/www.rougier-atelier.com\/index.php?rest_route=%2Fwp%2Fv2%2Fproduct_brand&post=2270"},{"taxonomy":"product_cat","embeddable":true,"href":"http:\/\/www.rougier-atelier.com\/index.php?rest_route=%2Fwp%2Fv2%2Fproduct_cat&post=2270"},{"taxonomy":"product_tag","embeddable":true,"href":"http:\/\/www.rougier-atelier.com\/index.php?rest_route=%2Fwp%2Fv2%2Fproduct_tag&post=2270"}],"curies":[{"name":"wp","href":"https:\/\/api.w.org\/{rel}","templated":true}]}}