{"id":2272,"date":"2019-03-10T15:11:07","date_gmt":"2019-03-10T14:11:07","guid":{"rendered":"http:\/\/www.rougier-atelier.com\/?post_type=product&#038;p=2272"},"modified":"2021-06-04T09:33:23","modified_gmt":"2021-06-04T08:33:23","slug":"pu-52-dans-la-parole-de-lautre-2","status":"publish","type":"product","link":"http:\/\/www.rougier-atelier.com\/?product=pu-52-dans-la-parole-de-lautre-2","title":{"rendered":"PU 52 &#8211; DANS LA PAROLE DE L&rsquo;AUTRE 2"},"content":{"rendered":"<p>&#8230; Suite \u00e0 un premier livret avec Antoine Emaz et G\u00e9rard Titus-Carmel* ce deuxi\u00e8me reste d\u2019une \u00e9criture nourrie des mots d\u2019autres po\u00e8tes : Lorand Gaspar et Edmond Amran El Maleh leurs propos, titres d\u2019ouvrages et citations sont en <i>italiques<\/i>. Rencontre avec deux grands artistes contemporains, que Philippe H\u00e9l\u00e9non consolide avec des <i>Petites peintures<\/i>.\u00a0James Sacr\u00e9 est en amiti\u00e9 avec leur \u0153uvre depuis longtemps. Il ne nous fait pas visiter leur atelier mais il parle d\u2019oiseaux, d\u2019une nuit des mots, de repas partag\u00e9s \u2013 <i>pour encore une fois s\u2019approprier le blanc du papier : l\u2019encre et l\u2019\u00e9criture ne m\u00e8nent-ils \u00e0 nouveau qu\u2019\u00e0 l\u2019effacement de ce blanc virginal ? <\/i>Malgr\u00e9 la parole de l\u2019autre ; vers quelle nuit ?\u00a0*ISBN <a href=\"http:\/\/www.rougier-atelier.com\/?product=dans-la-parole-de-lautre-james-sacre-pu48\">979-10-93019-39-0<\/a><\/p>\n<p><b>James Sacr\u00e9<\/b>.<\/p>\n<p>L\u2019enfance (naissance en 1939) et l\u2019adolescence \u00e0 la ferme des parents en Vend\u00e9e. Puis l\u2019Ecole normale d\u2019instituteurs de Parthenay. D\u00e9part pour les Etats-Unis en 1965 (enseignement \u00e0 l\u2019universit\u00e9 de Smith College dans le Massachusetts). Nombreux s\u00e9jours en France, en Italie et au Maroc. En 2010 retour en France \u00e0 Montpellier. \u00a0Le premier livre est publi\u00e9\u00a0 en 1965. Des po\u00e8mes sont donn\u00e9s \u00e0 lire dans la revue <i>Promesse<\/i> (<i>La femme et le violoncelle<\/i>, 1966), dans un volume collectif de la collection <i>Ecrire<\/i> (Gramin\u00e9es, 1968). <i>C\u0153ur \u00e9l\u00e9gie rouge<\/i> para\u00eet au Seuil en 1972 et <i>Figures qui bougent un peu<\/i> chez Gallimard en 1978. Puis, \u00e0 partir de 1981 de nombreux livres sont \u00e9dit\u00e9s par Andr\u00e9 Dimanche (<i>Une fin d\u2019apr\u00e8s-midi \u00e0 <\/i><i>Marrakech<\/i>,1988,\u00a0 <i>America solitudes<\/i>, 2010), et chez d\u2019autres \u00e9diteurs :\u00a0le D\u00e9 bleu, Obsidiane, beaucoup chez Tarabuste (o\u00f9 je participe au comit\u00e9 d\u2019entretien de la revue <i>Triages<\/i>), Le Castor astral, La Dragonne\u2026\u00a0Quelques livres autour de l\u2019\u00e9criture des po\u00e8mes : <i>La po\u00e9sie, comment dire ?<\/i> (Andr\u00e9 Dimanche, 1993) ; <i>D\u2019autres vanit\u00e9s d\u2019\u00e9criture <\/i>(Tarabuste, 2008) ; <i>Parler avec le po\u00e8me<\/i> (La Baconni\u00e8re, 2013). \u00a0Po\u00e9sie : quelque chose entre le c\u0153ur (son corps, sa m\u00e9moire et son d\u00e9sir) et le monde, entre le c\u0153ur et les mots. Quelque chose dans les mots : si c\u2019est un battement de la vie ou du dictionnaire, quelqu\u2019un me dira bien. \u00a0On trouvera plus de donn\u00e9es biobibliographiques \u00e0 la fin de <i>Figures qui bougent un peu et autres po\u00e8mes<\/i>, Po\u00e9sie\/Gallimard, 2016 ou dans <i>James Sacr\u00e9<\/i>, par Alexis Pelletier, Editions des Vanneaux,\u00a0\u00ab Pr\u00e9sence de la po\u00e9sie \u00bb, 2015.<br \/>\n<strong>Philippe H\u00e9l\u00e9non <\/strong><a href=\"http:\/\/galerie-pome-turbil.fr\/portfolio_page\/philippe-helenon\/\">http:\/\/galerie-pome-turbil.fr\/portfolio_page\/philippe-helenon\/<\/a><\/p>\n","protected":false},"excerpt":{"rendered":"<p><b>James Sacr\u00e9 \u00a0<\/b>Dans la parole de l\u2019autre &#8211;\u00a0livret 2 -\u00ab\u00a0Lorand Gaspar &#8211;\u00a0Edmond Amran El Maleh\u00a0\u00bb\u00a0&#8230; Suite \u00e0 un premier livret avec Antoine Emaz et G\u00e9rard Titus-Carmel* ce deuxi\u00e8me\u00a0Illustr\u00e9 \u00a0de Petites peintures de Philippe H\u00e9l\u00e9non. ISBN 979-10-93019-50-5 est disponible.<br \/>\nLivre broch\u00e9 en jaquette, 300 ex. num\u00e9rot\u00e9s &#8211; 56 p., 10.5 x 15 cm, papier verg\u00e9 Collora-book, 8 reproductions des petites peintures sur papier Clairefontaine. 8 exemplaires en tirage de t\u00eate.<br \/>\nTirage courant : 13\u20ac.<\/p>\n","protected":false},"featured_media":2273,"template":"","meta":[],"product_brand":[],"product_cat":[16,17],"product_tag":[521,525,145,581],"class_list":{"0":"post-2272","1":"product","2":"type-product","3":"status-publish","4":"has-post-thumbnail","6":"product_cat-les-editions","7":"product_cat-plis-urgents","8":"product_tag-dans-la-parole-de-lautre","9":"product_tag-james-sacre","10":"product_tag-helenon","11":"product_tag-plis-urgents-52","13":"first","14":"instock","15":"featured","16":"shipping-taxable","17":"purchasable","18":"product-type-simple"},"_links":{"self":[{"href":"http:\/\/www.rougier-atelier.com\/index.php?rest_route=\/wp\/v2\/product\/2272","targetHints":{"allow":["GET"]}}],"collection":[{"href":"http:\/\/www.rougier-atelier.com\/index.php?rest_route=\/wp\/v2\/product"}],"about":[{"href":"http:\/\/www.rougier-atelier.com\/index.php?rest_route=\/wp\/v2\/types\/product"}],"wp:featuredmedia":[{"embeddable":true,"href":"http:\/\/www.rougier-atelier.com\/index.php?rest_route=\/wp\/v2\/media\/2273"}],"wp:attachment":[{"href":"http:\/\/www.rougier-atelier.com\/index.php?rest_route=%2Fwp%2Fv2%2Fmedia&parent=2272"}],"wp:term":[{"taxonomy":"product_brand","embeddable":true,"href":"http:\/\/www.rougier-atelier.com\/index.php?rest_route=%2Fwp%2Fv2%2Fproduct_brand&post=2272"},{"taxonomy":"product_cat","embeddable":true,"href":"http:\/\/www.rougier-atelier.com\/index.php?rest_route=%2Fwp%2Fv2%2Fproduct_cat&post=2272"},{"taxonomy":"product_tag","embeddable":true,"href":"http:\/\/www.rougier-atelier.com\/index.php?rest_route=%2Fwp%2Fv2%2Fproduct_tag&post=2272"}],"curies":[{"name":"wp","href":"https:\/\/api.w.org\/{rel}","templated":true}]}}