{"id":2308,"date":"2019-05-12T10:14:49","date_gmt":"2019-05-12T09:14:49","guid":{"rendered":"http:\/\/www.rougier-atelier.com\/?post_type=product&#038;p=2308"},"modified":"2023-11-23T17:18:26","modified_gmt":"2023-11-23T16:18:26","slug":"il-y-avait","status":"publish","type":"product","link":"http:\/\/www.rougier-atelier.com\/?product=il-y-avait","title":{"rendered":"IL Y AVAIT"},"content":{"rendered":"<p>Note de lecture. &#8211; \u00ab <strong>Po\u00e9sie<\/strong> \u00bb<br \/>\nLe \u00ab il y avait \u00bb devient l\u2019\u00e9quivalent du \u00ab je me souviens \u00bb p\u00e9recquien, comme un op\u00e9rateur de lisibilit\u00e9, le moyen d\u2019une construction m\u00e9morielle : \u00ab il y avait le rire oubli\u00e9 des fontaines \u00bb. L\u2019\u00e9vidence du v\u00e9cu impose sa transparence de cristal. Cette po\u00e9sie est toute fra\u00eecheur et \u00e9motion quand elle fait l\u2019inventaire des certitudes. Modalisons, comme le \u00ab il y avait \u00bb se modalise d\u00e8s que l\u2019on sort de la \u00ab ville blanche \u00bb : \u00ab il y avait peut-\u00eatre les caravanes \u00bb. Marc Kober<br \/>\n<strong>Annie Dana<\/strong> : N\u00e9e \u00e0 Alger, Annie Dana vit d\u00e9sormais \u00e0 Paris. Elle commence des \u00e9tudes de philosophie \u00e0 la Sorbonne, puis devient <a href=\"https:\/\/www.youtube.com\/results?search_query=Il+y+avait+-+Annie+Dana\">com\u00e9dienne<\/a> et enseigne l\u2019art dramatique. \u00c9prise de lecture, sa passion des textes la conduit \u00e0 l\u2019\u00e9criture. Elle publie deux fictions romanesques, \u00ab \u00c9blouie \u00bb (1981) et \u00ab L\u2019oracle invers\u00e9 \u00bb (1983) aux \u00c9ditions Rupture et enregistre \u00e0 France Culture une pi\u00e8ce de th\u00e9\u00e2tre \u00ab Odyssea \u00bb (1984).<br \/>\nDepuis une vingtaine d\u2019ann\u00e9es, elle \u00e9crit des nouvelles pour des revues, anime des ateliers de th\u00e9\u00e2tre et d\u2019\u00e9criture, notamment en prison, et propose des lectures publiques, explorant les ressorts du souffle et de la voix.<br \/>\nIl y a 4 ans, gr\u00e2ce \u00e0 la rencontre d\u2019un \u00e9diteur qui lui fait confiance, elle s\u2019engage avec enthousiasme dans la pratique de la langue po\u00e9tique. Trois recueils se succ\u00e8dent :<br \/>\n\u00ab P\u00e9pins de Cupidon \u00bb, \u00ab La signature du temps \u00bb et \u00ab Il y avait \u00bb.<\/p>\n","protected":false},"excerpt":{"rendered":"<p><strong><span style=\"color: #ff0000;\">Po\u00e9sie<\/span> &amp; <span style=\"color: #ff0000;\">Peinture<\/span><\/strong><br \/>\n\u00ab\u00a0IL Y AVAIT\u00a0\u00bb d&rsquo;Annie Dana, ill. peinture et gravures de V.Rougier &#8211; Livre broch\u00e9 cousu, couverture \u00e0 rabats, 56 p., 14,5 x 21 cm, offset.<br \/>\nISBN 979-10-93019-52-9 &#8211; Tirage : 500 ex. 18\u20ac<br \/>\nCode interne : PU54 ou PP54<\/p>\n","protected":false},"featured_media":2300,"template":"","meta":[],"product_brand":[],"product_cat":[16,459],"product_tag":[415,583,584,462,741,582,40],"class_list":{"0":"post-2308","1":"product","2":"type-product","3":"status-publish","4":"has-post-thumbnail","6":"product_cat-les-editions","7":"product_cat-poesie-peinture","8":"product_tag-annie-dana","9":"product_tag-il-y-avait","10":"product_tag-isbn-979-10-93019-52-9","11":"product_tag-poesie-peinture","12":"product_tag-pp54","13":"product_tag-pu54","14":"product_tag-vincent-rougier","16":"first","17":"instock","18":"featured","19":"shipping-taxable","20":"purchasable","21":"product-type-simple"},"_links":{"self":[{"href":"http:\/\/www.rougier-atelier.com\/index.php?rest_route=\/wp\/v2\/product\/2308","targetHints":{"allow":["GET"]}}],"collection":[{"href":"http:\/\/www.rougier-atelier.com\/index.php?rest_route=\/wp\/v2\/product"}],"about":[{"href":"http:\/\/www.rougier-atelier.com\/index.php?rest_route=\/wp\/v2\/types\/product"}],"wp:featuredmedia":[{"embeddable":true,"href":"http:\/\/www.rougier-atelier.com\/index.php?rest_route=\/wp\/v2\/media\/2300"}],"wp:attachment":[{"href":"http:\/\/www.rougier-atelier.com\/index.php?rest_route=%2Fwp%2Fv2%2Fmedia&parent=2308"}],"wp:term":[{"taxonomy":"product_brand","embeddable":true,"href":"http:\/\/www.rougier-atelier.com\/index.php?rest_route=%2Fwp%2Fv2%2Fproduct_brand&post=2308"},{"taxonomy":"product_cat","embeddable":true,"href":"http:\/\/www.rougier-atelier.com\/index.php?rest_route=%2Fwp%2Fv2%2Fproduct_cat&post=2308"},{"taxonomy":"product_tag","embeddable":true,"href":"http:\/\/www.rougier-atelier.com\/index.php?rest_route=%2Fwp%2Fv2%2Fproduct_tag&post=2308"}],"curies":[{"name":"wp","href":"https:\/\/api.w.org\/{rel}","templated":true}]}}