{"id":239,"date":"2014-03-04T10:43:04","date_gmt":"2014-03-04T09:43:04","guid":{"rendered":"http:\/\/www.rougier-atelier.com\/?post_type=product&#038;p=239"},"modified":"2014-03-04T12:04:00","modified_gmt":"2014-03-04T11:04:00","slug":"selkis","status":"publish","type":"product","link":"http:\/\/www.rougier-atelier.com\/?product=selkis","title":{"rendered":"Selkis"},"content":{"rendered":"","protected":false},"excerpt":{"rendered":"<p>Estampe, gravure en taille-douce originale<br \/>\n46 x 31 cm<\/p>\n<p>De ces cahiers constituant<br \/>\n\u00ab\u00a0LE BESTIAIRE FABULEUX\u00a0\u00bb<br \/>\npr\u00e9sent\u00e9s et illustr\u00e9s<br \/>\nen gravures originales<br \/>\npar Vincent Rougier,<br \/>\nimprim\u00e9s en typographie<br \/>\nsur un papier de Georges Duch\u00eane<br \/>\npar Jean Paul Vibert.<\/p>\n<p>Il a \u00e9t\u00e9 tir\u00e9:<br \/>\n70 exemplaires num\u00e9rot\u00e9s de 1 \u00e0 70<br \/>\net<br \/>\n12 exemplaires hors-commerce.<\/p>\n<p>Edition originale.<\/p>\n","protected":false},"featured_media":240,"template":"","meta":[],"product_brand":[],"product_cat":[18],"product_tag":[84,88,89,87],"class_list":{"0":"post-239","1":"product","2":"type-product","3":"status-publish","4":"has-post-thumbnail","6":"product_cat-estampes","7":"product_tag-bestiaire","8":"product_tag-estampe","9":"product_tag-selkis","10":"product_tag-rougier","12":"first","13":"instock","14":"shipping-taxable","15":"purchasable","16":"product-type-simple"},"_links":{"self":[{"href":"http:\/\/www.rougier-atelier.com\/index.php?rest_route=\/wp\/v2\/product\/239","targetHints":{"allow":["GET"]}}],"collection":[{"href":"http:\/\/www.rougier-atelier.com\/index.php?rest_route=\/wp\/v2\/product"}],"about":[{"href":"http:\/\/www.rougier-atelier.com\/index.php?rest_route=\/wp\/v2\/types\/product"}],"wp:featuredmedia":[{"embeddable":true,"href":"http:\/\/www.rougier-atelier.com\/index.php?rest_route=\/wp\/v2\/media\/240"}],"wp:attachment":[{"href":"http:\/\/www.rougier-atelier.com\/index.php?rest_route=%2Fwp%2Fv2%2Fmedia&parent=239"}],"wp:term":[{"taxonomy":"product_brand","embeddable":true,"href":"http:\/\/www.rougier-atelier.com\/index.php?rest_route=%2Fwp%2Fv2%2Fproduct_brand&post=239"},{"taxonomy":"product_cat","embeddable":true,"href":"http:\/\/www.rougier-atelier.com\/index.php?rest_route=%2Fwp%2Fv2%2Fproduct_cat&post=239"},{"taxonomy":"product_tag","embeddable":true,"href":"http:\/\/www.rougier-atelier.com\/index.php?rest_route=%2Fwp%2Fv2%2Fproduct_tag&post=239"}],"curies":[{"name":"wp","href":"https:\/\/api.w.org\/{rel}","templated":true}]}}