{"id":2427,"date":"2019-09-10T17:10:46","date_gmt":"2019-09-10T16:10:46","guid":{"rendered":"http:\/\/www.rougier-atelier.com\/?post_type=product&#038;p=2427"},"modified":"2021-04-19T10:03:13","modified_gmt":"2021-04-19T09:03:13","slug":"ficelle-n138-le-revenant-de-felip-costaglioli","status":"publish","type":"product","link":"http:\/\/www.rougier-atelier.com\/?product=ficelle-n138-le-revenant-de-felip-costaglioli","title":{"rendered":"ficelle n\u00b0138 &#8211; LE REVENANT &#8211; de Felip Costaglioli"},"content":{"rendered":"<p>La revue \u00ab\u00a0<i>ficelle<\/i>\u00a0\u00bb n\u00b0138<\/p>\n<p>\u00ab <i>Je ramasse et chante le rien<\/i><\/p>\n<p><i>par petits bouts<\/i><\/p>\n<p><i>Je ne sais plus \u2014 \u00eatre\u00a0<\/i><i>moi <\/i>\u00bb<\/p>\n<p>Extrait du po\u00e8me \u00ab A la Cassandre \u00bb\u00a0in <i>Ce qu\u2019on vaut de poussi\u00e8re <\/i>2018.\u00a0Ed. la Boucherie litt\u00e9raire.<\/p>\n<p><strong>Ouvrir<\/strong> un nouveau recueil de Felip Costaglioli, d\u00e9couvrir ses<\/p>\n<p>po\u00e8mes, c\u2019est accepter de se laisser emporter dans un univers qu\u2019il nous offre,<\/p>\n<p>univers o\u00f9 nous le suivons, incertains, mais confiants en ce qu\u2019il nous livre de<\/p>\n<p>r\u00eaves ou d\u2019interrogations.<\/p>\n<p>Po\u00e8mes que le po\u00e8te s\u2019est attach\u00e9 \u00e0 ins\u00e9rer dans une structure. Ainsi, d\u00e9couvrons\u2013<\/p>\n<p>nous trois parties intitul\u00e9es successivement :<\/p>\n<p>1. <i>Cr\u00e2ne<\/i><\/p>\n<p>2. <i>L\u2019autre ou la fabrication<\/i><\/p>\n<p>3. <i>Par la racine<\/i>.<\/p>\n<p>Quelle \u00e9nigme nous est ici propos\u00e9e ? Revenir \u00e0 la couverture, laisser en nous<\/p>\n<p>r\u00e9sonner le titre : \u00ab<i>Le revenant\u00bb, <\/i>le sous-titre :<i>\u00bbLe sceau noueux des mots\u00bb.<\/i><\/p>\n<p>Quel est ce \u00abrevenant\u00bb ? Celui qui puise au fond de lui ? Explore les nodosit\u00e9s<\/p>\n<p>de l\u2019\u00eatre, ses blessures, ses failles ? Et revient vers nous ?<\/p>\n<p><i>\u00abComment se savoir ?\u00bb <\/i>(p.9) interroge-t-il.<\/p>\n<p>Quel \u00abailleurs\u00bb a-t-il quitt\u00e9, pour, tel un magicien, appara\u00eetre puis dispara\u00eetre ?<\/p>\n<p>Fant\u00f4me, Po\u00e8te-Magicien, il tente de se frayer un chemin de mots pour \u00e9loigner,<\/p>\n<p>conjurer les maux. En corps \u00e0 corps avec la page, corps\/texte, il tente de<\/p>\n<p>\u00ab<i>D\u00e9coller transf\u00e9rer par aventure de cire \u2014<\/i><\/p>\n<p><i>Le chant des s\u00e9diments\u00bb <\/i>(p.12).<\/p>\n<p>On le suit dans ce chant qui s\u2019\u00e9l\u00e8ve, port\u00e9 par le rythme des mots, qu\u2019il plie,<\/p>\n<p>d\u00e9plie, jouant avec les sons, les lettres. On le suit dans cette qu\u00eate ontologique<\/p>\n<p>de soi-m\u00eame, de l\u2019autre. Nombreux sont les vers liant le champ s\u00e9mantique de<\/p>\n<p>la connaissance \u00e0 celui de l\u2019existence.\/\/&#8230;<\/p>\n<p>Sabine P\u00e9glion<\/p>\n<p><b>Felip Costaglioli <\/b>vit aux \u00c9tats Unis depuis 28 ans. Il enseigne l\u2019esth\u00e9tique<\/p>\n<p>du cin\u00e9ma \u00e0 Saint Cloud State University dans le Minnesota. Il s\u2019int\u00e9resse<\/p>\n<p>tout particuli\u00e8rement au dialogue f\u00e9cond entre Po\u00e9sie et Cin\u00e9ma ainsi qu\u2019aux<\/p>\n<p>multiples possibilit\u00e9s combinatoires qu\u2019offrent mots et images.<\/p>\n<p>Il se consacre depuis plus de 20 ans \u00e0 la cr\u00e9ation de carnets intimes o\u00f9 se<\/p>\n<p>m\u00ealent de fa\u00e7on ludique et exp\u00e9rimentale, les dimensions sensuelles et<\/p>\n<p>po\u00e9tiques du texte et de l\u2019image.<\/p>\n<p>Il a collabor\u00e9 en tant que po\u00e8te et performeur avec de nombreux compositeurs,<\/p>\n<p>musiciens, artistes vid\u00e9o, photographes et peintres.<\/p>\n<p>Il \u00e9crit en catalan, fran\u00e7ais et anglais. Il a publi\u00e9 de nombreux ouvrages de<\/p>\n<p>po\u00e9sie aux \u00e9ditions : L\u2019arri\u00e8re-Pays, La Breu ( Barcelona ), aux \u00e9ditions de<\/p>\n<p>La Margeride, aux \u00e9ditions Serge Chamchinov, \u00e0 La Boucherie Litt\u00e9raire, aux<\/p>\n<p>\u00e9ditions Vincent Rougier, aux \u00e9ditions des Lisi\u00e8res, \u00e0 l\u2019Atelier du Hanneton et<\/p>\n<p>aux \u00e9ditions Impr\u00e9vues.<\/p>\n","protected":false},"excerpt":{"rendered":"<p>Ouvrir un nouveau recueil de Felip Costaglioli, d\u00e9couvrir ses\u00a0po\u00e8mes, c\u2019est accepter de se laisser emporter dans un univers qu\u2019il nous offre,\u00a0univers o\u00f9 nous le suivons, incertains, mais confiants en ce qu\u2019il nous livre de\u00a0r\u00eaves ou d\u2019interrogations.<br \/>\nISBN : 979-10-93019-55-\u2014 Tirages de t\u00eate en coffret, gravure originale, 8 ex. :80\u20ac<\/p>\n","protected":false},"featured_media":2428,"template":"","meta":[],"product_brand":[],"product_cat":[16,15],"product_tag":[593,562,140,535],"class_list":{"0":"post-2427","1":"product","2":"type-product","3":"status-publish","4":"has-post-thumbnail","6":"product_cat-les-editions","7":"product_cat-revue-ficelleplisurgents","8":"product_tag-593","9":"product_tag-le-revenant","10":"product_tag-peglion","11":"product_tag-rougier-vincent","13":"first","14":"instock","15":"featured","16":"shipping-taxable","17":"purchasable","18":"product-type-simple"},"_links":{"self":[{"href":"http:\/\/www.rougier-atelier.com\/index.php?rest_route=\/wp\/v2\/product\/2427","targetHints":{"allow":["GET"]}}],"collection":[{"href":"http:\/\/www.rougier-atelier.com\/index.php?rest_route=\/wp\/v2\/product"}],"about":[{"href":"http:\/\/www.rougier-atelier.com\/index.php?rest_route=\/wp\/v2\/types\/product"}],"wp:featuredmedia":[{"embeddable":true,"href":"http:\/\/www.rougier-atelier.com\/index.php?rest_route=\/wp\/v2\/media\/2428"}],"wp:attachment":[{"href":"http:\/\/www.rougier-atelier.com\/index.php?rest_route=%2Fwp%2Fv2%2Fmedia&parent=2427"}],"wp:term":[{"taxonomy":"product_brand","embeddable":true,"href":"http:\/\/www.rougier-atelier.com\/index.php?rest_route=%2Fwp%2Fv2%2Fproduct_brand&post=2427"},{"taxonomy":"product_cat","embeddable":true,"href":"http:\/\/www.rougier-atelier.com\/index.php?rest_route=%2Fwp%2Fv2%2Fproduct_cat&post=2427"},{"taxonomy":"product_tag","embeddable":true,"href":"http:\/\/www.rougier-atelier.com\/index.php?rest_route=%2Fwp%2Fv2%2Fproduct_tag&post=2427"}],"curies":[{"name":"wp","href":"https:\/\/api.w.org\/{rel}","templated":true}]}}