{"id":2451,"date":"2019-10-19T16:42:39","date_gmt":"2019-10-19T15:42:39","guid":{"rendered":"http:\/\/www.rougier-atelier.com\/?post_type=product&#038;p=2451"},"modified":"2019-10-19T17:00:55","modified_gmt":"2019-10-19T16:00:55","slug":"pu54-salves-de-saluts","status":"publish","type":"product","link":"http:\/\/www.rougier-atelier.com\/?product=pu54-salves-de-saluts","title":{"rendered":"PU54 &#8211; SALVES DE SALUTS &#8211; de Christian Cavaill\u00e9"},"content":{"rendered":"<p><b><strong>Christian Cavaill\u00e9<\/strong> : <\/b>De parents vignerons<b>,\u00a0<\/b>\u00e9poux, p\u00e8re, grand-p\u00e8re ; longtemps professeur de\u00a0philosophie ; publie des po\u00e8mes, des fables, des essais\u00a0de philosophie, des articles de revue; habite \u00e0 Paris\u00a0mais s\u00e9journe fr\u00e9quemment dans le Tarn : des va et\u00a0vient semblables \u00e0 ceux qu\u2019il pratique dans l\u2019\u00e9criture\u00a0avec une pr\u00e9dilection pour la po\u00e9sie.<\/p>\n<p><i>Du m\u00eame auteur<\/i><br \/>\n<strong>Rougier V. \u00e9d<\/strong>. <i>&#8211; Nous arrive &#8211; Revue ficelle n\u00b0132\u00a0<\/i><br \/>\n<strong>L\u2019Harmattan<\/strong> <i>&#8211; Chouettes et merlichouettes \u2014 La Tataragne\u00a0<\/i><i>\u2014 Intravagues \u2014 Angles de pluie \u2014 Encontres \u2014 Abrupts\u00a0<\/i><i>\u2014 Isles &amp; Passages \u2014 La momie et le fennec \u2014 D\u00e9vers\u00a0<\/i><i>\u2014 Fa\u00e7ons du r\u00e9el \u2014 Parti pris du r\u00e9el \u2014 Gravit\u00e9s \u2014\u00a0<\/i><i>Instances accrues \u2014 Philosopher depuis Montaigne et apr\u00e8s\u00a0<\/i><i>Wittgenstein<\/i><br \/>\n<strong>Editions de l\u2019H\u00f4te nomade<\/strong><i>, 1996 &#8211; Trois ou quatre choses\u00a0<\/i><i>av\u00e9r\u00e9es, avec quatre s\u00e9rigraphies de Pillard-Val\u00e8re<\/i><br \/>\n<strong>Editions Pippa<\/strong> <i>&#8211; La sauterelle et le l\u00e9zard<\/i><br \/>\n<strong>Editions Demopolis<\/strong> <i>&#8211; Montaigne et l\u2019exp\u00e9rience &#8211; Les jeux\u00a0<\/i><i>de langage chez Wittgenstein.<\/i><\/p>\n","protected":false},"excerpt":{"rendered":"<p><strong>Saluts de toutes parts<\/strong><br \/>\nISBN 979-10-93019-56-7<br \/>\nUne vingtaine de po\u00e8mes font entendre des saluts\u00a0qui sont \u00e0 la fois des adieux, des bonjours et des au\u00a0revoir adress\u00e9s de personnes \u00e0 personnes, de langue\u00a0d\u2019oc \u00e0 langue d\u2019o\u00efl, de paysages \u00e0 paysages, en salves\u00a0salutaires.<\/p>\n<p style=\"text-align: right;\"><i>Et <em>les salutations de l\u2019\u00e9diteur<\/em>.<\/i><\/p>\n<p>Livre broch\u00e9 en jaquette, 300 ex.\u00a0num\u00e9rot\u00e9s &#8211; 48 p., 10.5 x 15 cm,\u00a0papier verg\u00e9 Collora-book.<br \/>\nDisponible sur :\u00a0Gencod Dilicom 310 559 410 44 10 &#8211; \u00a0Electre, &#8211; SFL &#8211; express \u00e9diteur.com et Rougier-atelier.<\/p>\n","protected":false},"featured_media":2452,"template":"","meta":[],"product_brand":[],"product_cat":[16,17],"product_tag":[596,567,568],"class_list":{"0":"post-2451","1":"product","2":"type-product","3":"status-publish","4":"has-post-thumbnail","6":"product_cat-les-editions","7":"product_cat-plis-urgents","8":"product_tag-596","9":"product_tag-christian-cavaille","10":"product_tag-salves-de-saluts","12":"first","13":"instock","14":"featured","15":"shipping-taxable","16":"purchasable","17":"product-type-simple"},"_links":{"self":[{"href":"http:\/\/www.rougier-atelier.com\/index.php?rest_route=\/wp\/v2\/product\/2451","targetHints":{"allow":["GET"]}}],"collection":[{"href":"http:\/\/www.rougier-atelier.com\/index.php?rest_route=\/wp\/v2\/product"}],"about":[{"href":"http:\/\/www.rougier-atelier.com\/index.php?rest_route=\/wp\/v2\/types\/product"}],"wp:featuredmedia":[{"embeddable":true,"href":"http:\/\/www.rougier-atelier.com\/index.php?rest_route=\/wp\/v2\/media\/2452"}],"wp:attachment":[{"href":"http:\/\/www.rougier-atelier.com\/index.php?rest_route=%2Fwp%2Fv2%2Fmedia&parent=2451"}],"wp:term":[{"taxonomy":"product_brand","embeddable":true,"href":"http:\/\/www.rougier-atelier.com\/index.php?rest_route=%2Fwp%2Fv2%2Fproduct_brand&post=2451"},{"taxonomy":"product_cat","embeddable":true,"href":"http:\/\/www.rougier-atelier.com\/index.php?rest_route=%2Fwp%2Fv2%2Fproduct_cat&post=2451"},{"taxonomy":"product_tag","embeddable":true,"href":"http:\/\/www.rougier-atelier.com\/index.php?rest_route=%2Fwp%2Fv2%2Fproduct_tag&post=2451"}],"curies":[{"name":"wp","href":"https:\/\/api.w.org\/{rel}","templated":true}]}}