{"id":2504,"date":"2019-12-14T10:54:24","date_gmt":"2019-12-14T09:54:24","guid":{"rendered":"http:\/\/www.rougier-atelier.com\/?post_type=product&#038;p=2504"},"modified":"2019-12-14T15:04:34","modified_gmt":"2019-12-14T14:04:34","slug":"ficelle-139-le-rire-et-le-vent-claude-lucien-cauet","status":"publish","type":"product","link":"http:\/\/www.rougier-atelier.com\/?product=ficelle-139-le-rire-et-le-vent-claude-lucien-cauet","title":{"rendered":"ficelle 139 &#8211; LE RIRE ET LE VENT &#8211; Claude-Lucien Cau\u00ebt"},"content":{"rendered":"<p><b>O<\/b>n pourrait entrer dans la po\u00e9sie de Claude-Lucien Cau\u00ebt de deux mani\u00e8res : Se laisser emporter par le rythme du vers, depuis les brisures oc\u00e9anes du premier po\u00e8me jusqu\u2019au d\u00e9part en claquant la vague qui ferme le recueil ; \u2013 ou se laisser surprendre par la hardiesse des images, la langue riche, nourrie de mots rares,<br \/>\npr\u00e9cieux, si pr\u00e9cis.<\/p>\n<p>\u2013 Se laisser emporter par le rythme du vers, depuis <i>les brisures<\/i> <i>oc\u00e9anes <\/i>du premier po\u00e8me jusqu\u2019au d\u00e9part <i>en claquant la<\/i> <i>vague <\/i>qui ferme le recueil ; \u2013 ou se laisser surprendre par la<br \/>\nhardiesse des images, la langue riche, nourrie de mots rares, pr\u00e9cieux, si pr\u00e9cis.<\/p>\n<p>On ira surtout, sans pr\u00e9face ni filtre, au bonheur, d\u2019<i>avant que<\/i> <i>le vent ne se l\u00e8ve<\/i><i>.<\/i><br \/>\nYves Barr\u00e9<\/p>\n<p><b><strong>Claude-Lucien Cau\u00ebt<\/strong><\/b><br \/>\nDepuis sa naissance, Claude-Lucien Cau\u00ebt vit et travaille \u00e0 Paris. Il a publi\u00e9 des nouvelles et des po\u00e8mes dans diverses revues ainsi que de nombreuses plaquettes dont : Nomades, in Potlatch \u00ab La Nuit au Jour \u00bb, 1991 \u2014 Pour quatre vies, 1993. \u2014 Anecdotes, illustrations de Kathleen Fox, Broc\u00e9liande, 1996. \u2014 Rencontre, illustrations de Patrick Pi\u00e9rart, Luz M\u00e9dia, 1997. \u2014 Pr\u00e9sents, 2002. \u2014 \u00c0 port\u00e9e de voix, 2012. \u2014 Essai d\u2019autocosmologie, aPa, 2012. \u2014 en voil\u00e0 des histoires, aPa, 2013. \u2014 en cours, aPa, 2014. \u2014 \u00c9clats d\u2019\u00e2me, Rougier V., 2014. \u2014 Les trois cris, Collection de l\u2019umbo, 2015. \u2014 D\u00e9p\u00eaches aux d\u00e9s, aPa, 2015 \u2014 La Fianc\u00e9e vesp\u00e9rale, aPa, 2019.<br \/>\nIl participe aux activit\u00e9s du groupe surr\u00e9aliste de Paris.<\/p>\n","protected":false},"excerpt":{"rendered":"<p>Livret broch\u00e9 couture plate, 300 ex.\u00a0Pr\u00e9sent\u00e9 en enveloppe \u00abMail Art\u00bb\u00a040 p., 10,5 x 15 cm<br \/>\nGravures de V. Rougier &#8211; ISBN 979-10-93019-58-1<\/p>\n<p>\u2013 Se laisser emporter par le rythme du vers, depuis les brisures oc\u00e9anes du premier po\u00e8me jusqu\u2019au d\u00e9part en claquant la vague qui ferme le recueil ; \u2013 ou se laisser surprendre par la hardiesse des images, la langue riche, nourrie de mots rares, pr\u00e9cieux, si pr\u00e9cis.<\/p>\n","protected":false},"featured_media":2507,"template":"","meta":[],"product_brand":[],"product_cat":[16,15],"product_tag":[610,374,611,564],"class_list":{"0":"post-2504","1":"product","2":"type-product","3":"status-publish","4":"has-post-thumbnail","6":"product_cat-les-editions","7":"product_cat-revue-ficelleplisurgents","8":"product_tag-610","9":"product_tag-claude-lucien-cauet","10":"product_tag-ficelle139","11":"product_tag-le-rire-et-le-vent","13":"first","14":"instock","15":"shipping-taxable","16":"purchasable","17":"product-type-simple"},"_links":{"self":[{"href":"http:\/\/www.rougier-atelier.com\/index.php?rest_route=\/wp\/v2\/product\/2504","targetHints":{"allow":["GET"]}}],"collection":[{"href":"http:\/\/www.rougier-atelier.com\/index.php?rest_route=\/wp\/v2\/product"}],"about":[{"href":"http:\/\/www.rougier-atelier.com\/index.php?rest_route=\/wp\/v2\/types\/product"}],"wp:featuredmedia":[{"embeddable":true,"href":"http:\/\/www.rougier-atelier.com\/index.php?rest_route=\/wp\/v2\/media\/2507"}],"wp:attachment":[{"href":"http:\/\/www.rougier-atelier.com\/index.php?rest_route=%2Fwp%2Fv2%2Fmedia&parent=2504"}],"wp:term":[{"taxonomy":"product_brand","embeddable":true,"href":"http:\/\/www.rougier-atelier.com\/index.php?rest_route=%2Fwp%2Fv2%2Fproduct_brand&post=2504"},{"taxonomy":"product_cat","embeddable":true,"href":"http:\/\/www.rougier-atelier.com\/index.php?rest_route=%2Fwp%2Fv2%2Fproduct_cat&post=2504"},{"taxonomy":"product_tag","embeddable":true,"href":"http:\/\/www.rougier-atelier.com\/index.php?rest_route=%2Fwp%2Fv2%2Fproduct_tag&post=2504"}],"curies":[{"name":"wp","href":"https:\/\/api.w.org\/{rel}","templated":true}]}}