{"id":2519,"date":"1999-12-17T16:43:17","date_gmt":"1999-12-17T15:43:17","guid":{"rendered":"http:\/\/www.rougier-atelier.com\/?post_type=product&#038;p=2519"},"modified":"2019-12-17T16:46:49","modified_gmt":"2019-12-17T15:46:49","slug":"pu20-au-commencement-du-marigot","status":"publish","type":"product","link":"http:\/\/www.rougier-atelier.com\/?product=pu20-au-commencement-du-marigot","title":{"rendered":"PU20 &#8211; AU COMMENCEMENT DU MARIGOT"},"content":{"rendered":"<p>PU20 &#8211; Au commencement du marigot &#8211; Lascault &amp; Cueco<\/p>\n<p><strong>Gilbert Lascault<\/strong> \u00e0 travaill\u00e9 au regard des oeuvres \u00abInsectes\u00bb de Pierre Zanzucchi. N\u00e9 en 1934 \u00e0 Strasbourg. Ecrivain, critique d\u2019art, professeur \u00e9m\u00e9rite (philosophie de l\u2019art) \u00e0 Panth\u00e9on-Sorbonne, il publie des ouvrages d\u2019esth\u00e9tique, des monographies, des livres de fiction, des commentaires fictionels en collaboration avec des artistes. Il \u00e9crit r\u00e9guli\u00e8rement pour La Quinzaine litt\u00e9raire et participe \u00e0 des \u00e9missions de France Culture.<\/p>\n<p><strong>Henri Cueco<\/strong><br \/>\nN\u00e9 de p\u00e8re d&rsquo;origine espagnole et de m\u00e8re fran\u00e7aise, Henri Cueco \u00e9tudie la peinture avec son p\u00e8re Vicente \u00e0 Uzerche, puis reste autodidacte. Il vient \u00e0 Paris \u00e0 partir de 1947, et entre en contact avec les peintres de La Ruche, qui se tournent vers le r\u00e9alisme3. Il commence sa carri\u00e8re artistique en participant en 1952 au Salon de la Jeune Peinture. \u00c0 partir de ce groupe et du foisonnement artistique qui verra na\u00eetre la figuration narrative, il d\u00e9veloppe une peinture dont la figuration participe \u00e0 un engagement politique attach\u00e9 \u00e0 la nature, aux relations entre hommes et femmes, et au rapport au langage, \u00e9crit, parl\u00e9 ou peint et dessin\u00e9.<\/p>\n","protected":false},"excerpt":{"rendered":"<p>Livre broch\u00e9 en jaquette, 300 ex.\u00a0num\u00e9rot\u00e9s &#8211; 32 p., 10.5 x 15 cm,\u00a0papier verg\u00e9 Collora-book.<br \/>\nISBN 9782913040209 &#8211; 1999 &#8211;<br \/>\nDisponible sur :<br \/>\nGencod Dilicom 310 559 410 44 10<br \/>\nElectre, SFL et Rougier-atelier<\/p>\n","protected":false},"featured_media":2520,"template":"","meta":[],"product_brand":[],"product_cat":[16,17],"product_tag":[615,617,62,616,618],"class_list":{"0":"post-2519","1":"product","2":"type-product","3":"status-publish","4":"has-post-thumbnail","6":"product_cat-les-editions","7":"product_cat-plis-urgents","8":"product_tag-615","9":"product_tag-au-commencement-du-marigot","10":"product_tag-gilbert-lascault","11":"product_tag-henri-cueco","12":"product_tag-oulipo","14":"first","15":"instock","16":"shipping-taxable","17":"purchasable","18":"product-type-simple"},"_links":{"self":[{"href":"http:\/\/www.rougier-atelier.com\/index.php?rest_route=\/wp\/v2\/product\/2519","targetHints":{"allow":["GET"]}}],"collection":[{"href":"http:\/\/www.rougier-atelier.com\/index.php?rest_route=\/wp\/v2\/product"}],"about":[{"href":"http:\/\/www.rougier-atelier.com\/index.php?rest_route=\/wp\/v2\/types\/product"}],"wp:featuredmedia":[{"embeddable":true,"href":"http:\/\/www.rougier-atelier.com\/index.php?rest_route=\/wp\/v2\/media\/2520"}],"wp:attachment":[{"href":"http:\/\/www.rougier-atelier.com\/index.php?rest_route=%2Fwp%2Fv2%2Fmedia&parent=2519"}],"wp:term":[{"taxonomy":"product_brand","embeddable":true,"href":"http:\/\/www.rougier-atelier.com\/index.php?rest_route=%2Fwp%2Fv2%2Fproduct_brand&post=2519"},{"taxonomy":"product_cat","embeddable":true,"href":"http:\/\/www.rougier-atelier.com\/index.php?rest_route=%2Fwp%2Fv2%2Fproduct_cat&post=2519"},{"taxonomy":"product_tag","embeddable":true,"href":"http:\/\/www.rougier-atelier.com\/index.php?rest_route=%2Fwp%2Fv2%2Fproduct_tag&post=2519"}],"curies":[{"name":"wp","href":"https:\/\/api.w.org\/{rel}","templated":true}]}}