{"id":2560,"date":"2020-01-10T10:13:02","date_gmt":"2020-01-10T09:13:02","guid":{"rendered":"http:\/\/www.rougier-atelier.com\/?post_type=product&#038;p=2560"},"modified":"2020-01-10T10:28:30","modified_gmt":"2020-01-10T09:28:30","slug":"ficelle-140-agendada-saison-2-arts","status":"publish","type":"product","link":"http:\/\/www.rougier-atelier.com\/?product=ficelle-140-agendada-saison-2-arts","title":{"rendered":"ficelle 140 &#8211; AGENDADA saison 2 : Arts"},"content":{"rendered":"<p><strong>Aphorismes<\/strong> : Oui, ces courts propos parfois d\u00e9routants,<br \/>\nimpertinents qui lib\u00e8rent notre esprit encombr\u00e9 par les cicissitudes<br \/>\net absurdit\u00e9s rencontr\u00e9es au quotidien &#8211; Tien-Tien !<br \/>\nWerner Lambersy, grand po\u00e8te, prosateur, observateur, nous offre<br \/>\nquelques notes \u00e9ruptives que vous d\u00e9couvrirez en quatre livrets,<br \/>\nquatre \u00absaisons\u00bb, \u00ab<em>comme \u00e0 la t\u00e9l\u00e9<\/em>\u00bb au fil des ann\u00e9es \u00e0 venir.<br \/>\nYves Barr\u00e9 l\u2019illustre avec spontan\u00e9it\u00e9 de quelques \u00abculs-de-lampe\u00bb<br \/>\net une linogravure.<br \/>\n<em>\u00abM\u00eame les anges sont victimes de trous d\u2019air\u00bb<br \/>\nPo\u00e8te, ne prends pas la plume pour gratter la t\u00eate<br \/>\nLe po\u00e8me n\u2019est pas la po\u00e9sie, pas plus que le po\u00eale n\u2019est le feu<\/em><\/p>\n","protected":false},"excerpt":{"rendered":"<p><strong>Werner Lambersy &amp; <a href=\"http:\/\/ahoui.eklablog.com\">Yves Barr\u00e9<\/a><\/strong><br \/>\nLivret broch\u00e9 couture plate, 300 ex.<br \/>\net 12 ex. en coffrets tirages de t\u00eate<br \/>\nagr\u00e9ment\u00e9s d\u2019une gravure originale.<br \/>\nPr\u00e9sent\u00e9 en enveloppe \u00abMail Art\u00bb<br \/>\n28 p., 10,5 x 15 cm.<br \/>\nISBN 979-10-93019-61-1<\/p>\n","protected":false},"featured_media":2561,"template":"","meta":[],"product_brand":[],"product_cat":[16,15],"product_tag":[626,559,420,627,575,150],"class_list":{"0":"post-2560","1":"product","2":"type-product","3":"status-publish","4":"has-post-thumbnail","6":"product_cat-les-editions","7":"product_cat-revue-ficelleplisurgents","8":"product_tag-626","9":"product_tag-agendada","10":"product_tag-aphorismes","11":"product_tag-ficelle140","12":"product_tag-lambersy-werner","13":"product_tag-barre","15":"first","16":"instock","17":"featured","18":"shipping-taxable","19":"purchasable","20":"product-type-simple"},"_links":{"self":[{"href":"http:\/\/www.rougier-atelier.com\/index.php?rest_route=\/wp\/v2\/product\/2560","targetHints":{"allow":["GET"]}}],"collection":[{"href":"http:\/\/www.rougier-atelier.com\/index.php?rest_route=\/wp\/v2\/product"}],"about":[{"href":"http:\/\/www.rougier-atelier.com\/index.php?rest_route=\/wp\/v2\/types\/product"}],"wp:featuredmedia":[{"embeddable":true,"href":"http:\/\/www.rougier-atelier.com\/index.php?rest_route=\/wp\/v2\/media\/2561"}],"wp:attachment":[{"href":"http:\/\/www.rougier-atelier.com\/index.php?rest_route=%2Fwp%2Fv2%2Fmedia&parent=2560"}],"wp:term":[{"taxonomy":"product_brand","embeddable":true,"href":"http:\/\/www.rougier-atelier.com\/index.php?rest_route=%2Fwp%2Fv2%2Fproduct_brand&post=2560"},{"taxonomy":"product_cat","embeddable":true,"href":"http:\/\/www.rougier-atelier.com\/index.php?rest_route=%2Fwp%2Fv2%2Fproduct_cat&post=2560"},{"taxonomy":"product_tag","embeddable":true,"href":"http:\/\/www.rougier-atelier.com\/index.php?rest_route=%2Fwp%2Fv2%2Fproduct_tag&post=2560"}],"curies":[{"name":"wp","href":"https:\/\/api.w.org\/{rel}","templated":true}]}}