{"id":2591,"date":"2020-02-17T11:50:09","date_gmt":"2020-02-17T10:50:09","guid":{"rendered":"http:\/\/www.rougier-atelier.com\/?post_type=product&#038;p=2591"},"modified":"2021-06-04T09:32:28","modified_gmt":"2021-06-04T08:32:28","slug":"fp7-de-rupestre-memoire","status":"publish","type":"product","link":"http:\/\/www.rougier-atelier.com\/?product=fp7-de-rupestre-memoire","title":{"rendered":"FP7 &#8211; DE RUPESTRE M\u00c9MOIRE"},"content":{"rendered":"<p>Marc Delouze converse, il est devant des oeuvres d\u2019art. Il ne s\u2019agit pas seulement de se les approprier encore faut-il en proposer le ressenti dans une \u00e9criture litt\u00e9raire et po\u00e9tique, il le r\u00e9alise avec cet ouvrage ; un moment de lecture et de regard avec trois artistes sous forme de \u00ab<i>conversation avec<\/i> <i>l\u2019oeuvre<\/i>\u00bb.<br \/>\nLe r\u00e9el se cache pour mieux se dire, il prend corps dans ces po\u00e8mes et le concert en duo des mots et des images se r\u00e9v\u00e8le.<br \/>\n<em>\u00a0 \u00a0 \u00a0 \u00a0 \u00a0 \u00a0 \u00a0 \u00a0 \u00a0 \u00a0 \u00a0 \u00a0 \u00a0 \u00a0 \u00a0 \u00a0 \u00a0 Un moment de lecture et de regard<\/em><br \/>\n<strong>Marc Delouze<\/strong><br \/>\nEst un po\u00e8te et \u00e9crivain fran\u00e7ais n\u00e9 \u00e0 Paris. Vit entre Paris et F\u00e9camp. Une fille, Marie, n\u00e9e en 1979. Son premier recueil Souvenirs de la Maison des Mots a \u00e9t\u00e9 publi\u00e9 en 1971 avec une pr\u00e9face de Louis Aragon. Apr\u00e8s quelques ann\u00e9es de pratique du \u00abpetit monde po\u00e9tique\u00bb, craignant \u00e0 son tour de \u00abfaire le po\u00e8te\u00bb \u00e0 l\u2019imitation de tant d\u2019autres, il d\u00e9cide de dispara\u00eetre des radars et n\u2019\u00e9crit ni ne publie pendant pr\u00e8s de vingt ann\u00e9es. Pendent ce temps, \u00e0 l\u2019occasion de la cr\u00e9ation de son premier festival \u00e0 Martigues, il cr\u00e9\u00e9 en 1982 avec Dani\u00e8le Fournier l\u2019association Les Parvis Po\u00e9tiques qui organise des \u00e9v\u00e9nements, des festivals, des expositions sonores et des lectures-spectacles. S\u2019en revient \u00e0 la po\u00e9sie Et \u00e0 la prose \u00abpar la force des choses\u00bb en 2000.<br \/>\nLes artistes : <a href=\"http:\/\/www.jeanvillalard.fr\"><strong>Jean Villalard<\/strong><\/a><br \/>\njvillalard@wanadoo.fr &#8211; www.jeanvillalard.fr<br \/>\n<a href=\"patricia.nikols@laposte.net\"><strong>Patricia Nikols<\/strong><\/a><br \/>\npatricia.nikols@laposte.net<\/p>\n","protected":false},"excerpt":{"rendered":"<p><strong>Marc Delouze<\/strong><br \/>\n<i><\/i><\/p>\n<p>Livret broch\u00e9 couture plate, 300 ex.<br \/>\nCouverture \u00e0 trois rabats, 40p, 10,5 x 15 cm.<br \/>\nTirage courant :13\u20ac<\/p>\n<p>ISSN 1252-5405 \u00a0&#8211; \u00a0ISBN 979-10-93019-59-8<\/p>\n<p><em>De rupestre m\u00e9moire<\/em><br \/>\n<i>Conversation avec des tableaux de Jean Villalard<\/i><br \/>\n<i>&amp;<\/i><br \/>\n<i>La danse su<\/i><i>r le papier<\/i><br \/>\n<i>Conversation avec un triptyque de Patricia Nikols<\/i><br \/>\n<i>&amp;<\/i><br \/>\n<i>Le chant des terres<\/i><br \/>\n<i>Conversation avec des poteries de Puisaye<\/i><\/p>\n","protected":false},"featured_media":2592,"template":"","meta":[],"product_brand":[],"product_cat":[16,499,15,459],"product_tag":[630,237,628,629,631],"class_list":{"0":"post-2591","1":"product","2":"type-product","3":"status-publish","4":"has-post-thumbnail","6":"product_cat-les-editions","7":"product_cat-ficelle-partagee","8":"product_cat-revue-ficelleplisurgents","9":"product_cat-poesie-peinture","10":"product_tag-de-rupestre-memoire","11":"product_tag-ficelle","12":"product_tag-fp7","13":"product_tag-isbn-9791093019598","14":"product_tag-marc-delouze","16":"first","17":"instock","18":"featured","19":"shipping-taxable","20":"purchasable","21":"product-type-simple"},"_links":{"self":[{"href":"http:\/\/www.rougier-atelier.com\/index.php?rest_route=\/wp\/v2\/product\/2591","targetHints":{"allow":["GET"]}}],"collection":[{"href":"http:\/\/www.rougier-atelier.com\/index.php?rest_route=\/wp\/v2\/product"}],"about":[{"href":"http:\/\/www.rougier-atelier.com\/index.php?rest_route=\/wp\/v2\/types\/product"}],"wp:featuredmedia":[{"embeddable":true,"href":"http:\/\/www.rougier-atelier.com\/index.php?rest_route=\/wp\/v2\/media\/2592"}],"wp:attachment":[{"href":"http:\/\/www.rougier-atelier.com\/index.php?rest_route=%2Fwp%2Fv2%2Fmedia&parent=2591"}],"wp:term":[{"taxonomy":"product_brand","embeddable":true,"href":"http:\/\/www.rougier-atelier.com\/index.php?rest_route=%2Fwp%2Fv2%2Fproduct_brand&post=2591"},{"taxonomy":"product_cat","embeddable":true,"href":"http:\/\/www.rougier-atelier.com\/index.php?rest_route=%2Fwp%2Fv2%2Fproduct_cat&post=2591"},{"taxonomy":"product_tag","embeddable":true,"href":"http:\/\/www.rougier-atelier.com\/index.php?rest_route=%2Fwp%2Fv2%2Fproduct_tag&post=2591"}],"curies":[{"name":"wp","href":"https:\/\/api.w.org\/{rel}","templated":true}]}}