{"id":2626,"date":"2020-06-11T10:17:38","date_gmt":"2020-06-11T09:17:38","guid":{"rendered":"http:\/\/www.rougier-atelier.com\/?post_type=product&#038;p=2626"},"modified":"2021-03-23T15:14:37","modified_gmt":"2021-03-23T14:14:37","slug":"pu56-glyphosate-for-ever","status":"publish","type":"product","link":"http:\/\/www.rougier-atelier.com\/?product=pu56-glyphosate-for-ever","title":{"rendered":"PU56 &#8211; GLYPHOSATE FOR EVER"},"content":{"rendered":"<p><i>Po\u00e9sie contemporaine, elle affirme le mensonge de<\/i><br \/>\n<i>notre \u00e9poque barbare&#8230; Les jeux malicieux d\u2019\u00e9criture<\/i><br \/>\n<i>typographique du po\u00e8te et les notes pr\u00e9cises adress\u00e9es aux<\/i><br \/>\n<i>lecteurs nous informent de cette \u00e9pique \u00e9pop\u00e9e qu\u2019est la<\/i><br \/>\n<i>croissance, pleine de d\u00e9rives, de paradoxes&#8230;<\/i><br \/>\n<i>Un grand po\u00e8me \u00e0 scander jusqu\u2019\u00e0 l\u2019\u00e9puisement.<\/i><\/p>\n<p><i><a href=\"https:\/\/fr.wikipedia.org\/wiki\/Paul_de_Brancion&lt;\/\">Paul de Brancion<\/a> :<\/i><br \/>\n<i>\u00c9crivain de po\u00e9sie, romancier, agriculteur bio, cavalier,<\/i><br \/>\n<i>dirigeant d\u2019entreprise, producteur de radio, il a v\u00e9cu hors<\/i><br \/>\n<i>de France une partie de sa vie.<\/i><\/p>\n<p><i>https:\/\/fr.wikipedia.org\/wiki\/Paul_de_Brancion<\/i><\/p>\n<p><i>Vincent Rougier<\/i><br \/>\n<i>N\u00e9 en 1948. Peintre, graveur, \u00e9diteur de po\u00e9sies,<\/i><br \/>\n<i>prix F\u00e9lix F\u00e9n\u00e9on 1976.<\/i><br \/>\n<i>http:\/\/www.rougier-atelier.com<\/i><\/p>\n","protected":false},"excerpt":{"rendered":"<p>PAUL DE BRANCION<strong><br \/>\nLivre broch\u00e9 en jaquette,<br \/>\n300 ex.num\u00e9rot\u00e9s &#8211; 48 p., 10.5 x 15 cm,<br \/>\npapier verg\u00e9 Collora-book.<br \/>\nISBN 979-10-93019-63-5<\/p>\n<p><em>Po\u00e8me \u00e0 scander jusqu\u2019\u00e0 l\u2019\u00e9puisement<\/em><\/p>\n<p>Gencod Dilicom 310 559 410 44 10<\/p>\n","protected":false},"featured_media":2629,"template":"","meta":[],"product_brand":[],"product_cat":[16,192,17,459],"product_tag":[638,640,639,386,641,40],"class_list":{"0":"post-2626","1":"product","2":"type-product","3":"status-publish","4":"has-post-thumbnail","6":"product_cat-les-editions","7":"product_cat-peintures","8":"product_cat-plis-urgents","9":"product_cat-poesie-peinture","10":"product_tag-638","11":"product_tag-glyphosate-for-ever","12":"product_tag-paul-de-brancion","13":"product_tag-plis-urgent","14":"product_tag-pu56","15":"product_tag-vincent-rougier","17":"first","18":"instock","19":"featured","20":"shipping-taxable","21":"purchasable","22":"product-type-simple"},"_links":{"self":[{"href":"http:\/\/www.rougier-atelier.com\/index.php?rest_route=\/wp\/v2\/product\/2626","targetHints":{"allow":["GET"]}}],"collection":[{"href":"http:\/\/www.rougier-atelier.com\/index.php?rest_route=\/wp\/v2\/product"}],"about":[{"href":"http:\/\/www.rougier-atelier.com\/index.php?rest_route=\/wp\/v2\/types\/product"}],"wp:featuredmedia":[{"embeddable":true,"href":"http:\/\/www.rougier-atelier.com\/index.php?rest_route=\/wp\/v2\/media\/2629"}],"wp:attachment":[{"href":"http:\/\/www.rougier-atelier.com\/index.php?rest_route=%2Fwp%2Fv2%2Fmedia&parent=2626"}],"wp:term":[{"taxonomy":"product_brand","embeddable":true,"href":"http:\/\/www.rougier-atelier.com\/index.php?rest_route=%2Fwp%2Fv2%2Fproduct_brand&post=2626"},{"taxonomy":"product_cat","embeddable":true,"href":"http:\/\/www.rougier-atelier.com\/index.php?rest_route=%2Fwp%2Fv2%2Fproduct_cat&post=2626"},{"taxonomy":"product_tag","embeddable":true,"href":"http:\/\/www.rougier-atelier.com\/index.php?rest_route=%2Fwp%2Fv2%2Fproduct_tag&post=2626"}],"curies":[{"name":"wp","href":"https:\/\/api.w.org\/{rel}","templated":true}]}}