{"id":2683,"date":"2020-10-08T17:52:15","date_gmt":"2020-10-08T16:52:15","guid":{"rendered":"http:\/\/www.rougier-atelier.com\/?post_type=product&#038;p=2683"},"modified":"2020-10-28T12:08:23","modified_gmt":"2020-10-28T11:08:23","slug":"ficelle-n143-genesiques-poemes","status":"publish","type":"product","link":"http:\/\/www.rougier-atelier.com\/?product=ficelle-n143-genesiques-poemes","title":{"rendered":"Ficelle n\u00b0143 &#8211; G\u00c9N\u00c9SIQUES PO\u00c8MES"},"content":{"rendered":"<p><strong>Nicole Barrom\u00e9<\/strong><br \/>\n<b>Install\u00e9e depuis 1990 dans \u00ab la ville au ciel toujours bleu \u00bb, elle<\/b><br \/>\n<b>commence un travail d\u2019\u00e9criture d\u2019abord \u00e0 la commande et pour<\/b><br \/>\n<b>le th\u00e9\u00e2tre puis s\u2019oriente vers le bref : nouvelles, r\u00e9cits, po\u00e9sie \u00ab<\/b><br \/>\n<b>compacte \u00bb.<\/b><br \/>\n<b>Explore l\u2019\u00e9criture de th\u00e9\u00e2tre et po\u00e9tique en relation \u00e0 d\u2019autres<\/b><br \/>\n<b>disciplines (jonglage, musique, sculpture, photographie, danse)<\/b><br \/>\n<b>dans des lectures publiques ou performances en France et en<\/b><br \/>\n<b>Argentine. Participe chaque saison aux festivals de po\u00e9sie<\/b><br \/>\n<b>Printemps des po\u00e8tes et Voix de la M\u00e9diterran\u00e9e.<\/b><\/p>\n<p><span style=\"color: #993366;\"><strong><em>\u00ab\u00a0Violet<\/em><\/strong><\/span><br \/>\n<span style=\"color: #993366;\"><strong><em>Le petit vaisseau de l\u2019\u0153il<\/em><\/strong><\/span><br \/>\n<span style=\"color: #993366;\"><strong><em>D\u00e9voy\u00e9 aux vicissitudes du regard<\/em><\/strong><\/span><br \/>\n<span style=\"color: #993366;\"><strong><em>Reflet d\u2019un corps sur une pupille mouill\u00e9e <\/em><\/strong><\/span><\/p>\n<p><span style=\"color: #993366;\"><strong><em>Plus loin dans l\u2019effet lumineux<\/em><\/strong><\/span><br \/>\n<span style=\"color: #993366;\"><strong><em>Un jardin d\u2019arbres aux ombres violettes<\/em><\/strong><\/span><\/p>\n<p><span style=\"color: #993366;\"><strong><em>Sur la balan\u00e7oire<\/em><\/strong><\/span><br \/>\n<span style=\"color: #993366;\"><strong><em>Une petite fille<\/em><\/strong><\/span><br \/>\n<span style=\"color: #993366;\"><strong><em>Le n\u0153ud de satin finissant ses tresses<\/em><\/strong><\/span><br \/>\n<span style=\"color: #993366;\"><strong><em>Violet<\/em><\/strong><\/span><br \/>\n<span style=\"color: #993366;\"><strong><em>Volette<\/em><\/strong><\/span><\/p>\n<p><span style=\"color: #993366;\"><strong><em>Contentement de l\u00e8vres violettes\u00a0\u00bb<\/em><\/strong><\/span><\/p>\n<p>&nbsp;<\/p>\n<p><span style=\"color: #993366;\"><em>Ce livret est in-quarto&#8230; Vous munir d\u2019un coupe-papier et<br \/>\nd\u00e9licatement d\u00e9couper les pages en t\u00eate du recueil, cela s\u2019appelle<br \/>\n\u00abd\u00e9couronner le livre\u00bb . Le Massicot a pour autre nom :<br \/>\n<i>La Guillotine <\/i>chez nos confr\u00e8res europ\u00e9ens.<br \/>\n<span style=\"color: #0000ff;\"><i>\u00ab\u00a0La r\u00e9sistance contre le livre num\u00e9rique doit \u00eatre arm\u00e9e<\/i><i>&#8230; d\u2019un<\/i><\/span><br \/>\n<span style=\"color: #0000ff;\"><i>coupe-papier\u00a0\u00bb<\/i><i>. <\/i>Th. Maugenest<\/span><\/em><\/span><\/p>\n","protected":false},"excerpt":{"rendered":"<p>Nous entrons dans l\u2019intime f\u00e9minin, po\u00e9sie v\u00e9g\u00e9tale \u00e0 fleur de peau,<br \/>\nl\u2019esprit du sensuel partag\u00e9.<br \/>\nEn d\u00e9couvrant ces po\u00e8mes et en les illustrant \u00a0\u00ab\u00a0<em>Ai-je \u00e9t\u00e9 le<br \/>\npapillon ou l\u2019abeille qui, gourmande, butine cette fleur ou ai-je<br \/>\nr\u00eav\u00e9 d\u2019\u00eatre cette fleur, son pistil ?\u00a0<\/em>\u00a0\u00bb<br \/>\n\u00c0 vous cher lecteur de partager ces gourmandises.<\/p>\n<p><strong>Livret broch\u00e9 couture plate, 200 ex. 48p,<br \/>\nCouverture \u00e0 trois rabats,<\/strong><br \/>\n10,5 x 15 cm.<br \/>\nTirage courant :13\u20ac<br \/>\nISSN 1252-5405<br \/>\nISBN 979-10-93019-67-3<\/p>\n","protected":false},"featured_media":2684,"template":"","meta":[],"product_brand":[],"product_cat":[16,15],"product_tag":[650,653,652,651],"class_list":{"0":"post-2683","1":"product","2":"type-product","3":"status-publish","4":"has-post-thumbnail","6":"product_cat-les-editions","7":"product_cat-revue-ficelleplisurgents","8":"product_tag-650","9":"product_tag-ficelle-143","10":"product_tag-genesiques-poemes","11":"product_tag-nicole-barrome","13":"first","14":"instock","15":"featured","16":"shipping-taxable","17":"purchasable","18":"product-type-simple"},"_links":{"self":[{"href":"http:\/\/www.rougier-atelier.com\/index.php?rest_route=\/wp\/v2\/product\/2683","targetHints":{"allow":["GET"]}}],"collection":[{"href":"http:\/\/www.rougier-atelier.com\/index.php?rest_route=\/wp\/v2\/product"}],"about":[{"href":"http:\/\/www.rougier-atelier.com\/index.php?rest_route=\/wp\/v2\/types\/product"}],"wp:featuredmedia":[{"embeddable":true,"href":"http:\/\/www.rougier-atelier.com\/index.php?rest_route=\/wp\/v2\/media\/2684"}],"wp:attachment":[{"href":"http:\/\/www.rougier-atelier.com\/index.php?rest_route=%2Fwp%2Fv2%2Fmedia&parent=2683"}],"wp:term":[{"taxonomy":"product_brand","embeddable":true,"href":"http:\/\/www.rougier-atelier.com\/index.php?rest_route=%2Fwp%2Fv2%2Fproduct_brand&post=2683"},{"taxonomy":"product_cat","embeddable":true,"href":"http:\/\/www.rougier-atelier.com\/index.php?rest_route=%2Fwp%2Fv2%2Fproduct_cat&post=2683"},{"taxonomy":"product_tag","embeddable":true,"href":"http:\/\/www.rougier-atelier.com\/index.php?rest_route=%2Fwp%2Fv2%2Fproduct_tag&post=2683"}],"curies":[{"name":"wp","href":"https:\/\/api.w.org\/{rel}","templated":true}]}}