{"id":2704,"date":"2020-11-13T16:26:58","date_gmt":"2020-11-13T15:26:58","guid":{"rendered":"http:\/\/www.rougier-atelier.com\/?post_type=product&#038;p=2704"},"modified":"2020-11-14T09:18:33","modified_gmt":"2020-11-14T08:18:33","slug":"pu58-longtemps-je-me-suis-couche-de-bonheur-incipitations","status":"publish","type":"product","link":"http:\/\/www.rougier-atelier.com\/?product=pu58-longtemps-je-me-suis-couche-de-bonheur-incipitations","title":{"rendered":"PU58 &#8211; LONGTEMPS  JE  ME  SUIS  COUCH\u00c9  DE   BONHEUR \u00ab\u00a0Incipitations\u00a0\u00bb"},"content":{"rendered":"<p><b>Constantin Ka\u00eft\u00e9ris<\/b><br \/>\nN\u00e9 \u00e0 Paris. A \u00e9tudi\u00e9 les lettres, la linguistique et quelques langues plus ou moins orientales.<br \/>\nA enseign\u00e9 le fran\u00e7ais et exerc\u00e9 des m\u00e9tiers li\u00e9s \u00e0 cet enseignement en France mais aussi en \u00c9thiopie, en \u00c9gypte, en Gr\u00e8ce et en Albanie. Ce qui a laiss\u00e9 des traces dans ce qu\u2019il \u00e9crit : po\u00e8mes,<span class=\"Apple-converted-space\">\u00a0 <\/span>proses, contes, essais, articles.<span class=\"Apple-converted-space\">\u00a0<\/span><br \/>\nTraduit du grec et de l\u2019amharique.<span class=\"Apple-converted-space\">\u00a0<\/span><br \/>\nPratique aussi la lexicographie<\/p>\n<p>D\u00e9j\u00e0 publi\u00e9 dans Ficelle n\u00b023, 24, 69 et 102<br \/>\n<a href=\"http:\/\/www.rougier-atelier.com\/?product=pile-de-proverbes-21\">Pile de proverbes<\/a>, Plis Urgents 40, 2015<\/p>\n<p>0 &#8211; Longtemps, je me suis couch\u00e9 de bonheur&#8230;<br \/>\n1 \u2013 Voyons L\u00e9opold, vous ne vous rappelez vraiment pas ce que vous avez fait le 16 juin 1904 ? &#8230;<br \/>\n2 &#8211; Longtemps, je me suis touch\u00e9 deux bonnes heures. (D\u00e8s que maman avait \u00e9teint la bougie \u2013 mais pas celle de mes d\u00e9sirs \u2013 et referm\u00e9 la porte)&#8230;<br \/>\n3 &#8211; L\u2019\u00e9picerie de Monsieur Artine Aslanian, avec ses pots de confiture de rose aux transparences sensuelles, ses olives \u00e9normes et verniss\u00e9es dans leur tonneau de bois sombre, ses aubergines Imam ba\u00efldi sur leur lit de persil, ses bouquets de menthe accroch\u00e9s comme des accents au-dessus de la blondeur croustillante des baklavas \u00e9tait une caverne emplie des saveurs et des r\u00eaves de l\u2019orient&#8230; <\/p>\n<p><em><\/p>\n","protected":false},"excerpt":{"rendered":"<p><strong>Constantin Ka\u00eft\u00e9ris<\/strong><br \/>\nLONGTEMPS JE ME SUIS COUCH\u00c9 DE BONHEUR \u00ab\u00a0<em>Incipitations<\/em>\u00a0\u00bb<br \/>\n<strong>P<\/strong>lis<strong>U<\/strong>rgent N\u00b058 &#8211; Vignettes de V. Rougier<br \/>\nISBN 979-10-93019-66-6 &#8211; 40p &#8211; 300ex num\u00e9rot\u00e9s &#8211;<br \/>\nGencod Dilicom 310 559 410 44 10<br \/>\nHumour, d\u00e9tournement,<br \/>\n\u00e0 vous cher lecteurs de prolonger ces incipits.<br \/>\n<strong>Les vignettes-chapeau !<\/strong><br \/>\nLes vignettes illustrant ces incipits sont des \u00ab\u00a0inachev\u00e9es en m\u00e9moire de Rembrandt grand amateur de chapeaux\u00a0\u00bb. *<br \/>\n\u2014 Ainsi certains soirs alors que l&rsquo;activit\u00e9 d&rsquo;atelier s&rsquo;ach\u00e8ve apr\u00e8s les \u00e9bauches d&rsquo;un dessin,&#8230;<br \/>\nJe clos la s\u00e9ance,&#8230;<br \/>\nJe vous laisse reprendre le crayon.<\/p>\n<p><em>Je suppose qu\u2019il t\u2019est arriv\u00e9 \u00e0 toi aussi, lectrice, lecteur \u2013 comme moi \u2013 marchant dans les rues ou sur un chemin de campagne, ou le matin devant une tasse de caf\u00e9 \u2013 qu\u2019une phrase, deux ou trois phrases, te viennent, comme le d\u00e9but d\u2019une histoire. Et puis tu arrives devant le cin\u00e9ma o\u00f9 tu allais, tu t\u2019arr\u00eates devant un paysage, tu as fini ton caf\u00e9 et tu dois partir ou c\u2019est la station o\u00f9 tu dois descendre et il n\u2019y a pas de phrase suivante&#8230;<\/em><\/p>\n","protected":false},"featured_media":2705,"template":"","meta":[],"product_brand":[],"product_cat":[16,17],"product_tag":[658,654,657,656,655,40],"class_list":{"0":"post-2704","1":"product","2":"type-product","3":"status-publish","4":"has-post-thumbnail","6":"product_cat-les-editions","7":"product_cat-plis-urgents","8":"product_tag-658","9":"product_tag-constantin-caiteris","10":"product_tag-incipit","11":"product_tag-longtemps-je-me-suis-couche-de-bonheur","12":"product_tag-pu58","13":"product_tag-vincent-rougier","15":"first","16":"instock","17":"featured","18":"shipping-taxable","19":"purchasable","20":"product-type-simple"},"_links":{"self":[{"href":"http:\/\/www.rougier-atelier.com\/index.php?rest_route=\/wp\/v2\/product\/2704","targetHints":{"allow":["GET"]}}],"collection":[{"href":"http:\/\/www.rougier-atelier.com\/index.php?rest_route=\/wp\/v2\/product"}],"about":[{"href":"http:\/\/www.rougier-atelier.com\/index.php?rest_route=\/wp\/v2\/types\/product"}],"wp:featuredmedia":[{"embeddable":true,"href":"http:\/\/www.rougier-atelier.com\/index.php?rest_route=\/wp\/v2\/media\/2705"}],"wp:attachment":[{"href":"http:\/\/www.rougier-atelier.com\/index.php?rest_route=%2Fwp%2Fv2%2Fmedia&parent=2704"}],"wp:term":[{"taxonomy":"product_brand","embeddable":true,"href":"http:\/\/www.rougier-atelier.com\/index.php?rest_route=%2Fwp%2Fv2%2Fproduct_brand&post=2704"},{"taxonomy":"product_cat","embeddable":true,"href":"http:\/\/www.rougier-atelier.com\/index.php?rest_route=%2Fwp%2Fv2%2Fproduct_cat&post=2704"},{"taxonomy":"product_tag","embeddable":true,"href":"http:\/\/www.rougier-atelier.com\/index.php?rest_route=%2Fwp%2Fv2%2Fproduct_tag&post=2704"}],"curies":[{"name":"wp","href":"https:\/\/api.w.org\/{rel}","templated":true}]}}