{"id":2731,"date":"2021-02-01T09:32:05","date_gmt":"2021-02-01T08:32:05","guid":{"rendered":"http:\/\/www.rougier-atelier.com\/?post_type=product&#038;p=2731"},"modified":"2021-10-20T17:30:19","modified_gmt":"2021-10-20T16:30:19","slug":"ficelle-n144-lagendada-3-amours","status":"publish","type":"product","link":"http:\/\/www.rougier-atelier.com\/?product=ficelle-n144-lagendada-3-amours","title":{"rendered":"ficelle n\u00b0144 &#8211; L&rsquo;Agendada 3 &#8211; Amours"},"content":{"rendered":"<p>Aphorismes : Oui, ces courts propos parfois d\u00e9routants, impertinents qui lib\u00e8rent notre esprit encombr\u00e9 par les cissitudes et absurdit\u00e9s rencontr\u00e9es au quotidien &#8211; Tien-Tien !<br \/>\nVoici apr\u00e8s \u00abLes dogmes, Les Arts la troisi\u00e8me saison \u00abAmours\u00bb<br \/>\nWerner Lambersy, grand po\u00e8te, prosateur, observateur, nous offre quelques notes \u00e9ruptives que vous d\u00e9couvrirez en quatre livrets, quatre \u00absaisons\u00bb, \u00abcomme \u00e0 la t\u00e9l\u00e9\u00bb au fil des ann\u00e9es \u00e0 venir.<br \/>\nYves Barr\u00e9 l\u2019illustre avec spontan\u00e9it\u00e9 de quelques \u00abfrontispices\u00bb et une linogravure originale.<\/p>\n<p>\u00ab <em>Je n\u2019ai pas pu mettre de mots sur l\u2019amour, juste de l\u2019amour sur les mots.<\/em><\/p>\n<p>Pr\u00e8s du petit bois, deux v\u00e9los font l\u2019amour dans l\u2019herbe du foss\u00e9 !<\/p>\n<p>Aux filles<br \/>\nOn apprend les confitures, aux gar\u00e7ons \u00e0 y mettre le doigt \u00bb<\/p>\n","protected":false},"excerpt":{"rendered":"<p><strong>Werner Lambersy, ill. <a href=\"http:\/\/ahoui.eklablog.com\">Yves Barr\u00e9<\/a><\/strong><br \/>\nPo\u00e9sie aphorismes<br \/>\nLivret broch\u00e9 couture plate, 300 ex. Couverture \u00e0 trois rabats, 28p, 10,5 x 15 cm.<br \/>\nTirage courant :11\u20ac<br \/>\nISSN 1252-5405 \u2013 ISBN 979-10-93019-68-0<\/p>\n","protected":false},"featured_media":2732,"template":"","meta":[],"product_brand":[],"product_cat":[16,15],"product_tag":[559,420,41,150],"class_list":{"0":"post-2731","1":"product","2":"type-product","3":"status-publish","4":"has-post-thumbnail","6":"product_cat-les-editions","7":"product_cat-revue-ficelleplisurgents","8":"product_tag-agendada","9":"product_tag-aphorismes","10":"product_tag-werner-lambersy","11":"product_tag-barre","13":"first","14":"instock","15":"featured","16":"shipping-taxable","17":"purchasable","18":"product-type-simple"},"_links":{"self":[{"href":"http:\/\/www.rougier-atelier.com\/index.php?rest_route=\/wp\/v2\/product\/2731","targetHints":{"allow":["GET"]}}],"collection":[{"href":"http:\/\/www.rougier-atelier.com\/index.php?rest_route=\/wp\/v2\/product"}],"about":[{"href":"http:\/\/www.rougier-atelier.com\/index.php?rest_route=\/wp\/v2\/types\/product"}],"wp:featuredmedia":[{"embeddable":true,"href":"http:\/\/www.rougier-atelier.com\/index.php?rest_route=\/wp\/v2\/media\/2732"}],"wp:attachment":[{"href":"http:\/\/www.rougier-atelier.com\/index.php?rest_route=%2Fwp%2Fv2%2Fmedia&parent=2731"}],"wp:term":[{"taxonomy":"product_brand","embeddable":true,"href":"http:\/\/www.rougier-atelier.com\/index.php?rest_route=%2Fwp%2Fv2%2Fproduct_brand&post=2731"},{"taxonomy":"product_cat","embeddable":true,"href":"http:\/\/www.rougier-atelier.com\/index.php?rest_route=%2Fwp%2Fv2%2Fproduct_cat&post=2731"},{"taxonomy":"product_tag","embeddable":true,"href":"http:\/\/www.rougier-atelier.com\/index.php?rest_route=%2Fwp%2Fv2%2Fproduct_tag&post=2731"}],"curies":[{"name":"wp","href":"https:\/\/api.w.org\/{rel}","templated":true}]}}