{"id":2772,"date":"2021-04-05T11:29:23","date_gmt":"2021-04-05T10:29:23","guid":{"rendered":"http:\/\/www.rougier-atelier.com\/?post_type=product&#038;p=2772"},"modified":"2021-04-05T11:29:23","modified_gmt":"2021-04-05T10:29:23","slug":"ficelle-n145-transe-sans-danse-kouam-tawa-performance-poetique","status":"publish","type":"product","link":"http:\/\/www.rougier-atelier.com\/?product=ficelle-n145-transe-sans-danse-kouam-tawa-performance-poetique","title":{"rendered":"ficelle n\u00b0145 &#8211; TRANSE SANS DANSE &#8211; KOUAM TAWA &#8211; Performance po\u00e9tique"},"content":{"rendered":"<p>Nous entrons dans la performance, po\u00e9sie scand\u00e9e \u00e0 fleur de peau, l\u2019esprit musical, l\u2019\u00e0-propos r\u00e9p\u00e9titif de cette versification, le foisonnement de la pens\u00e9e nous emm\u00e8nent dans l\u2019intemporel.<br \/>\nEn d\u00e9couvrant ce po\u00e8me, le rythmant mentalement, le foisonnement d\u2019images sugg\u00e9r\u00e9es m\u2019incite au partage libre de toutes propri\u00e9t\u00e9s grammaticales et habituelles de la po\u00e9sie d\u2019\u00e9tat d\u2019\u00e2me. J\u2019ai fait le choix pour l\u2019illustrer de reproduire quelques illustrations, gravures issues d\u2019une encyclop\u00e9die vieille de plus de 173 ans .<br \/>\n\u00c0 vous cher lecteur de partager cette gourmandise. Nd\u00e9.<br \/>\nKouam Tawa est n\u00e9 le 31 mai 1974 \u00e0 l\u2019Ouest du Cameroun. Il r\u00e9side dans sa ville natale et se consacre \u00e0 la litt\u00e9rature, au th\u00e9\u00e2tre et \u00e0 l\u2019animation d\u2019ateliers d\u2019\u00e9criture. Il a \u00e9crit une quinzaine de pi\u00e8ces dont la plupart ont \u00e9t\u00e9 mises en lecture, en espace ou en sc\u00e8ne en Afrique, en France, au Canada ou au Japon. Danse, Petite Lune ! a obtenu en 2018 le Prix Po\u00e9sie des Lecteurs de Lire et faire lire.<br \/>\nCe livret est in-quarto&#8230; Vous munir d\u2019un coupe-papier et d\u00e9licatement d\u00e9couper les pages en t\u00eate du recueil, cela s\u2019appelle \u00abd\u00e9couronner le livre\u00bb. Le Massicot a pour autre nom :<br \/>\nLa Guillotine chez nos confr\u00e8res europ\u00e9ens.<br \/>\nLa r\u00e9sistance contre le livre num\u00e9rique doit \u00eatre arm\u00e9e&#8230; d\u2019un coupe-papier. Th. Maugenest<\/p>\n","protected":false},"excerpt":{"rendered":"<p>Livret broch\u00e9 couture plate, 200 ex. 40p,<br \/>\nCouverture \u00e0 trois rabats,<br \/>\n10,5 x 15 cm.<br \/>\nTirage courant :13\u20ac<br \/>\nISSN 1252-5405<br \/>\nISBN 979-10-93019-70-3<\/p>\n","protected":false},"featured_media":2773,"template":"","meta":[],"product_brand":[],"product_cat":[16,15],"product_tag":[223,665],"class_list":{"0":"post-2772","1":"product","2":"type-product","3":"status-publish","4":"has-post-thumbnail","6":"product_cat-les-editions","7":"product_cat-revue-ficelleplisurgents","8":"product_tag-rougier-v-ed","9":"product_tag-transe-sans-danse","11":"first","12":"instock","13":"featured","14":"shipping-taxable","15":"purchasable","16":"product-type-simple"},"_links":{"self":[{"href":"http:\/\/www.rougier-atelier.com\/index.php?rest_route=\/wp\/v2\/product\/2772","targetHints":{"allow":["GET"]}}],"collection":[{"href":"http:\/\/www.rougier-atelier.com\/index.php?rest_route=\/wp\/v2\/product"}],"about":[{"href":"http:\/\/www.rougier-atelier.com\/index.php?rest_route=\/wp\/v2\/types\/product"}],"wp:featuredmedia":[{"embeddable":true,"href":"http:\/\/www.rougier-atelier.com\/index.php?rest_route=\/wp\/v2\/media\/2773"}],"wp:attachment":[{"href":"http:\/\/www.rougier-atelier.com\/index.php?rest_route=%2Fwp%2Fv2%2Fmedia&parent=2772"}],"wp:term":[{"taxonomy":"product_brand","embeddable":true,"href":"http:\/\/www.rougier-atelier.com\/index.php?rest_route=%2Fwp%2Fv2%2Fproduct_brand&post=2772"},{"taxonomy":"product_cat","embeddable":true,"href":"http:\/\/www.rougier-atelier.com\/index.php?rest_route=%2Fwp%2Fv2%2Fproduct_cat&post=2772"},{"taxonomy":"product_tag","embeddable":true,"href":"http:\/\/www.rougier-atelier.com\/index.php?rest_route=%2Fwp%2Fv2%2Fproduct_tag&post=2772"}],"curies":[{"name":"wp","href":"https:\/\/api.w.org\/{rel}","templated":true}]}}