{"id":2780,"date":"2021-05-20T11:31:39","date_gmt":"2021-05-20T10:31:39","guid":{"rendered":"http:\/\/www.rougier-atelier.com\/?post_type=product&#038;p=2780"},"modified":"2021-05-20T13:22:06","modified_gmt":"2021-05-20T12:22:06","slug":"pu60-proverbes-lapins-suivi-de","status":"publish","type":"product","link":"http:\/\/www.rougier-atelier.com\/?product=pu60-proverbes-lapins-suivi-de","title":{"rendered":"PU60 &#8211; PROVERBES LAPINS suivi de&#8230;"},"content":{"rendered":"<p><strong>Marc Kober<\/strong>. N\u00e9 en 1964 \u2014 \u00e9crivain et universitaire, pratique la natation en eau froide, la bicyclette et le cano\u00e9-kayak submersible. Travailleur \u00e0 Paris, fl\u00e2neur \u00e0 Dieppe et Nice.<br \/>\nDU M\u00caME AUTEUR, M\u00caME \u00c9DITEUR :<br \/>\nPU\u00b024 : Un hareng Dieppois \u00e0 F\u00e9camp &#8211; Marc Kober &amp; Olivier O.Olivier<br \/>\nISBN 978-2-913040-82-9<br \/>\nPU\u00b035 : Trait\u00e9 du moustique en zone libre &#8211; Marc Kober &amp; V. Rougier.<br \/>\nISBN 979-10-93019-09-3<br \/>\nPU\u00b045 : L&rsquo;ours des mers &#8211; Marc Kober &amp; V. Rougier.<br \/>\nISBN ISBN 979-10-93019-32-1<\/p>\n<p><strong>Roselyne Gigot<\/strong>. N\u00e9e en 1968 \u2014\u00a0\u00ab\u00a0Ma m\u00e8re et mon grand-p\u00e8re \u00e9taient portraitistes \u00e0 Montmartre quand j&rsquo;\u00e9tais enfant. J&rsquo;\u00e9tudie la peinture et le dessin \u00e0 Paris, puis \u00e0 <em>The art student league of New York<\/em>, et de nombreuses expositions de peintures suivent\u00a0\u00bb.<br \/>\nJe cr\u00e9e les Editions du <em>moine bourru<\/em> en 1997 (romans) et ex\u00e9cute de nombreux portraits d&rsquo;\u00e9crivains de polars. En 1998, je fais la connaissance de Sarane Alexandrian et je collabore \u00e0 la revue <em>Sup\u00e9rieur Inconnu<\/em>. C&rsquo;est d&rsquo;ailleurs pour Sarane que je dessine ma premi\u00e8re femme lapine publi\u00e9e dans le num\u00e9ro quinze de Sup\u00e9rieur Inconnu en 1999.<br \/>\nC&rsquo;est en mars 2008 que ma s\u00e9rie \u00ab\u00a0Catin et r\u00e9verb\u00e8res\u00a0\u00bb (dessins au format A3 sur papier au feutre et \u00e0 la gouache) fut cr\u00e9\u00e9e et expos\u00e9e au \u00ab\u00a0Cercle Pan\u00a0\u00bb chez Mathilde Tixier et Mathieu Diebler qui en sont les fondateurs.<br \/>\nParmi les cr\u00e9atures de cette s\u00e9rie les lapines sont les plus authentiques, et j&rsquo;ai toujours eu un faible pour cet animal : il est avant tout mignon, voir craquant et d\u00e8s qu&rsquo;on s&rsquo;y int\u00e9resse, on d\u00e9couvre qu&rsquo;il est espi\u00e8gle, dr\u00f4le et farceur. C&rsquo;est un athl\u00e8te capable des cabrioles les plus extravagantes, puis on d\u00e9couvre que les lapins sont de valeureux guerriers (cf. le lapin des Monty Python). J\u2019ai vu un de mes lapins bondir comme un tigre et enfoncer ses longues incisives dans le flan d&rsquo;un caniche qui \u00e9tait en fuite. J&rsquo;ai connu une petite lapine qui \u00e9tait aussi m\u00e9chante qu&rsquo;elle \u00e9tait jolie. J&rsquo;ai beaucoup \u00e0 dire sur les lapins ! Puis il y a les femmes chattes, qui sont sophistiqu\u00e9es. Il y a les femmes oiseaux dans le genre poule de luxe, les femmes renardes qui sont des chasseresses, et les chiennes qui sont les seules \u00e0 \u00eatre tenues en laisse.<\/p>\n<p>Erratum : Lire Roselyne et non Roseline (plusieurs occurrences) dans les 125 premiers exemplaires du livret.<\/p>\n","protected":false},"excerpt":{"rendered":"<p><strong>Aut : Marc Kober, <\/strong>Illustrations de\u00a0<strong>\u00a0Roselyne Gigot.<\/strong><br \/>\n<strong><span style=\"color: #800000;\">suivi de<\/span>&#8230;<\/strong> L\u2019ENFER DES L\u00c9PORID\u00c9S, PLAYMATES, FEMMES LAPINES ET AUTRES CR\u00c9ATURES DE ROSELYNE GIGOT, LE GRAND CHARDON MAUVE, LES PR\u00c9SERVATIFS VERT FLUO, LE JOUR DE LA SAINT-VALENTIN, JOURNAL DE V\u00c9LO SUR LA LOIRE, LA V\u00c9RIT\u00c9 SUR LES VACHES, LES VACHES \u00c0 VILLARS.<br \/>\nISBN 979-10-93019-71-0<br \/>\nTir\u00e9 \u00e0 300 exemplaires num\u00e9rot\u00e9s sur Verg\u00e9 Corolla book, 48p. et 8 ex. tirage de t\u00eate en coffret accompagn\u00e9s d&rsquo;un dessin original d&rsquo;une \u00ab\u00a0Lapine tapinant sous le r\u00e9verb\u00e8re\u00a0\u00bb<\/p>\n","protected":false},"featured_media":2781,"template":"","meta":[],"product_brand":[],"product_cat":[16,17],"product_tag":[668,68,666,669,667],"class_list":{"0":"post-2780","1":"product","2":"type-product","3":"status-publish","4":"has-post-thumbnail","6":"product_cat-les-editions","7":"product_cat-plis-urgents","8":"product_tag-668","9":"product_tag-marc-kober","10":"product_tag-proverbes-lapins","11":"product_tag-pu60","12":"product_tag-roselyne-gigot","14":"first","15":"instock","16":"featured","17":"shipping-taxable","18":"purchasable","19":"product-type-simple"},"_links":{"self":[{"href":"http:\/\/www.rougier-atelier.com\/index.php?rest_route=\/wp\/v2\/product\/2780","targetHints":{"allow":["GET"]}}],"collection":[{"href":"http:\/\/www.rougier-atelier.com\/index.php?rest_route=\/wp\/v2\/product"}],"about":[{"href":"http:\/\/www.rougier-atelier.com\/index.php?rest_route=\/wp\/v2\/types\/product"}],"wp:featuredmedia":[{"embeddable":true,"href":"http:\/\/www.rougier-atelier.com\/index.php?rest_route=\/wp\/v2\/media\/2781"}],"wp:attachment":[{"href":"http:\/\/www.rougier-atelier.com\/index.php?rest_route=%2Fwp%2Fv2%2Fmedia&parent=2780"}],"wp:term":[{"taxonomy":"product_brand","embeddable":true,"href":"http:\/\/www.rougier-atelier.com\/index.php?rest_route=%2Fwp%2Fv2%2Fproduct_brand&post=2780"},{"taxonomy":"product_cat","embeddable":true,"href":"http:\/\/www.rougier-atelier.com\/index.php?rest_route=%2Fwp%2Fv2%2Fproduct_cat&post=2780"},{"taxonomy":"product_tag","embeddable":true,"href":"http:\/\/www.rougier-atelier.com\/index.php?rest_route=%2Fwp%2Fv2%2Fproduct_tag&post=2780"}],"curies":[{"name":"wp","href":"https:\/\/api.w.org\/{rel}","templated":true}]}}